{"id":3312,"date":"2021-04-29T11:39:18","date_gmt":"2021-04-29T11:39:18","guid":{"rendered":"https:\/\/www.ghmconsultores.es\/?page_id=3312"},"modified":"2021-05-12T08:31:48","modified_gmt":"2021-05-12T08:31:48","slug":"ghm-consultores-%e9%80%a3%e7%b5%a1%e5%85%88","status":"publish","type":"page","link":"https:\/\/www.ghmconsultores.es\/ja\/ghm-consultores-%e9%80%a3%e7%b5%a1%e5%85%88\/","title":{"rendered":"GHM Consultores \u9023\u7d61\u5148"},"content":{"rendered":"\n<h1 class=\"has-text-align-center has-text-color wp-block-heading\" style=\"color:#073a51\">\u9023\u7d61\u5148<\/h1>\n\n\n\n<div style=\"height:20px\" aria-hidden=\"true\" class=\"wp-block-spacer\"><\/div>\n\n\n\n<div class=\"wp-block-columns is-layout-flex wp-container-core-columns-is-layout-9d6595d7 wp-block-columns-is-layout-flex\">\n<div class=\"wp-block-column is-layout-flow wp-block-column-is-layout-flow\">\n<h3 class=\"has-text-align-center has-text-color wp-block-heading\" style=\"color:#073a51\"><strong>\u65e5\u672c\u30fb\u30aa\u30d5\u30a3\u30b9<\/strong><\/h3>\n\n\n\n<div style=\"height:30px\" aria-hidden=\"true\" class=\"wp-block-spacer\"><\/div>\n\n\n\n<figure class=\"wp-block-image size-large\"><a href=\"https:\/\/www.google.com\/maps\/place\/Servcorp+Hibiya+Central+Building\/@35.6696414,139.7525145,17z\/data=!3m2!4b1!5s0x60188becfc68b9fd:0x5f31985044a55841!4m5!3m4!1s0x60188becfc3a7363:0x12222aade228fe3b!8m2!3d35.6696414!4d139.7547032\" target=\"_blank\" rel=\"noopener\"><img loading=\"lazy\" decoding=\"async\" width=\"1024\" height=\"683\" src=\"https:\/\/www.ghmconsultores.es\/wp-content\/uploads\/Sede-Japon-GHM-Consultores-Geologia-Hidrologia-Medioambiente-1024x683.jpg\" alt=\"Sede Jap\u00f3n GHM Consultores Geolog\u00eda Hidrolog\u00eda Medioambiente\" class=\"wp-image-3300\" srcset=\"https:\/\/www.ghmconsultores.es\/wp-content\/uploads\/Sede-Japon-GHM-Consultores-Geologia-Hidrologia-Medioambiente-1024x683.jpg 1024w, https:\/\/www.ghmconsultores.es\/wp-content\/uploads\/Sede-Japon-GHM-Consultores-Geologia-Hidrologia-Medioambiente-300x200.jpg 300w, https:\/\/www.ghmconsultores.es\/wp-content\/uploads\/Sede-Japon-GHM-Consultores-Geologia-Hidrologia-Medioambiente-768x512.jpg 768w, https:\/\/www.ghmconsultores.es\/wp-content\/uploads\/Sede-Japon-GHM-Consultores-Geologia-Hidrologia-Medioambiente-1536x1024.jpg 1536w, https:\/\/www.ghmconsultores.es\/wp-content\/uploads\/Sede-Japon-GHM-Consultores-Geologia-Hidrologia-Medioambiente-2048x1365.jpg 2048w, https:\/\/www.ghmconsultores.es\/wp-content\/uploads\/Sede-Japon-GHM-Consultores-Geologia-Hidrologia-Medioambiente-280x187.jpg 280w, https:\/\/www.ghmconsultores.es\/wp-content\/uploads\/Sede-Japon-GHM-Consultores-Geologia-Hidrologia-Medioambiente-1170x780.jpg 1170w\" sizes=\"auto, (max-width: 1024px) 100vw, 1024px\" \/><\/a><\/figure>\n\n\n\n<p class=\"has-text-color\" style=\"color:#073a51\">\u3012105-0003<br>\u6771\u4eac\u90fd\u6e2f\u533a\u897f\u65b0\u6a4b1-2-9<br>\u65e5\u6bd4\u8c37\u30bb\u30f3\u30c8\u30e9\u30eb\u30d3\u30eb14\u968e<\/p>\n\n\n\n<p class=\"has-text-color\" style=\"color:#073a51\"><strong>\u96fb\u8a71\u756a\u53f7:<\/strong> <a href=\"tel:+81355327667\">+81 3-5532-7667<\/a><\/p>\n\n\n\n<p class=\"has-text-color\" style=\"color:#073a51\"><strong><strong>\u30e1\u30fc\u30eb:<\/strong>&nbsp;<\/strong><a href=\"mailto:info@ghmconsultores.es\">info@ghmconsultores.es<\/a><\/p>\n<\/div>\n\n\n\n<div class=\"wp-block-column is-layout-flow wp-block-column-is-layout-flow\">\n<h3 class=\"has-text-align-center has-text-color wp-block-heading\" style=\"color:#073a51\"><strong>\u30b9\u30da\u30a4\u30f3\u30fb\u30aa\u30d5\u30a3\u30b9<\/strong><\/h3>\n\n\n\n<div style=\"height:30px\" aria-hidden=\"true\" class=\"wp-block-spacer\"><\/div>\n\n\n\n<figure class=\"wp-block-image size-large\"><a href=\"https:\/\/www.google.com\/maps\/place\/GHM+Consultores+S.L.\/@40.4595542,-3.6934131,17z\/data=!3m1!4b1!4m5!3m4!1s0xd42291a15304e47:0x3a548b83d682e2f0!8m2!3d40.4595542!4d-3.6912244\" target=\"_blank\" rel=\"noopener\"><img loading=\"lazy\" decoding=\"async\" width=\"1024\" height=\"683\" src=\"https:\/\/www.ghmconsultores.es\/wp-content\/uploads\/Sede-Madrid-GHM-Consultores-Geologia-Hidrologia-Medioambiente-1024x683.jpg\" alt=\"Sede Madrid GHM Consultores Geolog\u00eda Hidrolog\u00eda Medioambiente\" class=\"wp-image-3275\" srcset=\"https:\/\/www.ghmconsultores.es\/wp-content\/uploads\/Sede-Madrid-GHM-Consultores-Geologia-Hidrologia-Medioambiente-1024x683.jpg 1024w, https:\/\/www.ghmconsultores.es\/wp-content\/uploads\/Sede-Madrid-GHM-Consultores-Geologia-Hidrologia-Medioambiente-300x200.jpg 300w, https:\/\/www.ghmconsultores.es\/wp-content\/uploads\/Sede-Madrid-GHM-Consultores-Geologia-Hidrologia-Medioambiente-768x512.jpg 768w, https:\/\/www.ghmconsultores.es\/wp-content\/uploads\/Sede-Madrid-GHM-Consultores-Geologia-Hidrologia-Medioambiente-1536x1024.jpg 1536w, https:\/\/www.ghmconsultores.es\/wp-content\/uploads\/Sede-Madrid-GHM-Consultores-Geologia-Hidrologia-Medioambiente-2048x1365.jpg 2048w, https:\/\/www.ghmconsultores.es\/wp-content\/uploads\/Sede-Madrid-GHM-Consultores-Geologia-Hidrologia-Medioambiente-280x187.jpg 280w, https:\/\/www.ghmconsultores.es\/wp-content\/uploads\/Sede-Madrid-GHM-Consultores-Geologia-Hidrologia-Medioambiente-1170x780.jpg 1170w\" sizes=\"auto, (max-width: 1024px) 100vw, 1024px\" \/><\/a><\/figure>\n\n\n\n<div style=\"height:10px\" aria-hidden=\"true\" class=\"wp-block-spacer\"><\/div>\n\n\n\n<p class=\"has-text-color\" style=\"color:#073a51\">Paseo de la Castellana n\u00ba 135, Planta 7 \u2013&nbsp; 28046 Madrid<\/p>\n\n\n\n<p class=\"has-text-color\" style=\"color:#073a51\"><strong>\u96fb\u8a71\u756a\u53f7:<\/strong> <a href=\"tel:+34913591724\">+34 91 359 17 24<\/a><br><strong>\u30d5\u30a1\u30c3\u30af\u30b9:<\/strong> +34 91 359 72 96<\/p>\n\n\n\n<p class=\"has-text-color\" style=\"color:#073a51\"><strong>\u30e1\u30fc\u30eb:<\/strong>&nbsp;<a href=\"mailto:info@ghmconsultores.es\">info@ghmconsultores.es<\/a><\/p>\n<\/div>\n<\/div>\n\n\n\n<div style=\"height:1px\" aria-hidden=\"true\" class=\"wp-block-spacer\"><\/div>\n\n\n\n<div class=\"wp-block-columns is-layout-flex wp-container-core-columns-is-layout-9d6595d7 wp-block-columns-is-layout-flex\">\n<div class=\"wp-block-column is-layout-flow wp-block-column-is-layout-flow\">\n<div class=\"wp-block-columns is-layout-flex wp-container-core-columns-is-layout-9d6595d7 wp-block-columns-is-layout-flex\">\n<div class=\"wp-block-column is-layout-flow wp-block-column-is-layout-flow\">\n<h3 class=\"has-text-align-center has-text-color wp-block-heading\" style=\"color:#073a51\"><strong>\u30c1\u30ea\u30fb\u30aa\u30d5\u30a3\u30b9<\/strong><\/h3>\n\n\n\n<div style=\"height:30px\" aria-hidden=\"true\" class=\"wp-block-spacer\"><\/div>\n\n\n\n<figure class=\"wp-block-image size-large\"><a href=\"https:\/\/www.google.com\/maps\/place\/Padre+Mariano+391,+OF+704,+Providencia,+Regi%C3%B3n+Metropolitana,+Chile\/@-33.423551,-70.618453,16z\/data=!4m5!3m4!1s0x9662cf6176915b47:0xec38cf8487a89b50!8m2!3d-33.4235509!4d-70.6184535?hl=es-ES\" target=\"_blank\" rel=\"noopener\"><img loading=\"lazy\" decoding=\"async\" width=\"1024\" height=\"683\" src=\"https:\/\/www.ghmconsultores.es\/wp-content\/uploads\/Sede-Chile-GHM-Consultores-Geologia-Hidrologia-Medioambiente-1024x683.jpg\" alt=\"Sede Chile GHM Consultores Geolog\u00eda Hidrolog\u00eda Medioambiente\" class=\"wp-image-3292\" srcset=\"https:\/\/www.ghmconsultores.es\/wp-content\/uploads\/Sede-Chile-GHM-Consultores-Geologia-Hidrologia-Medioambiente-1024x683.jpg 1024w, https:\/\/www.ghmconsultores.es\/wp-content\/uploads\/Sede-Chile-GHM-Consultores-Geologia-Hidrologia-Medioambiente-300x200.jpg 300w, https:\/\/www.ghmconsultores.es\/wp-content\/uploads\/Sede-Chile-GHM-Consultores-Geologia-Hidrologia-Medioambiente-768x512.jpg 768w, https:\/\/www.ghmconsultores.es\/wp-content\/uploads\/Sede-Chile-GHM-Consultores-Geologia-Hidrologia-Medioambiente-1536x1024.jpg 1536w, https:\/\/www.ghmconsultores.es\/wp-content\/uploads\/Sede-Chile-GHM-Consultores-Geologia-Hidrologia-Medioambiente-2048x1365.jpg 2048w, https:\/\/www.ghmconsultores.es\/wp-content\/uploads\/Sede-Chile-GHM-Consultores-Geologia-Hidrologia-Medioambiente-280x187.jpg 280w, https:\/\/www.ghmconsultores.es\/wp-content\/uploads\/Sede-Chile-GHM-Consultores-Geologia-Hidrologia-Medioambiente-1170x780.jpg 1170w\" sizes=\"auto, (max-width: 1024px) 100vw, 1024px\" \/><\/a><\/figure>\n\n\n\n<div style=\"height:10px\" aria-hidden=\"true\" class=\"wp-block-spacer\"><\/div>\n\n\n\n<p class=\"has-text-color\" style=\"color:#073a51\">Padre Mariano 391, oficina 704, Providencia, Santiago<\/p>\n\n\n\n<p class=\"has-text-color\" style=\"color:#073a51\"><strong>\u96fb\u8a71\u756a\u53f7:<\/strong> <a href=\"tel:+56226314211\">+56 2 26314211<\/a><br><strong>\u30d5\u30a1\u30c3\u30af\u30b9:<\/strong> +56 2 22329570<\/p>\n\n\n\n<p class=\"has-text-color\" style=\"color:#073a51\"><strong>\u30e1\u30fc\u30eb:<\/strong>&nbsp;<a href=\"mailto:info@ghmconsultores.es\">info@ghmconsultores.es<\/a><\/p>\n\n\n\n<p class=\"has-text-color\" style=\"color:#073a51\"><br><\/p>\n<\/div>\n\n\n\n<div class=\"wp-block-column is-layout-flow wp-block-column-is-layout-flow\">\n<h3 class=\"has-text-align-center has-text-color wp-block-heading\" style=\"color:#073a51\"><strong>\u30dc\u30b4\u30bf\u30b3\u30ed\u30f3\u30d3\u30a2\u30fb\u30aa\u30d5\u30a3\u30b9<\/strong><\/h3>\n\n\n\n<div style=\"height:30px\" aria-hidden=\"true\" class=\"wp-block-spacer\"><\/div>\n\n\n\n<figure class=\"wp-block-image size-large\"><a href=\"https:\/\/www.google.com\/maps\/place\/Ak.+9+%23115-30+Of.+701,+Bogot%C3%A1,+Colombia\/@4.6930768,-74.0366698,17z\/data=!3m1!4b1!4m5!3m4!1s0x8e3f9aa68a75a44f:0x713315b78bf1ce41!8m2!3d4.6930768!4d-74.0344811\" target=\"_blank\" rel=\"noopener\"><img loading=\"lazy\" decoding=\"async\" width=\"1024\" height=\"683\" src=\"https:\/\/www.ghmconsultores.es\/wp-content\/uploads\/Sede-Colombia-GHM-Consultores-Geologia-Hidrologia-Medioambiente-1024x683.jpg\" alt=\"Sede Colombia GHM Consultores Geolog\u00eda Hidrolog\u00eda Medioambiente\" class=\"wp-image-3302\" srcset=\"https:\/\/www.ghmconsultores.es\/wp-content\/uploads\/Sede-Colombia-GHM-Consultores-Geologia-Hidrologia-Medioambiente-1024x683.jpg 1024w, https:\/\/www.ghmconsultores.es\/wp-content\/uploads\/Sede-Colombia-GHM-Consultores-Geologia-Hidrologia-Medioambiente-300x200.jpg 300w, https:\/\/www.ghmconsultores.es\/wp-content\/uploads\/Sede-Colombia-GHM-Consultores-Geologia-Hidrologia-Medioambiente-768x512.jpg 768w, https:\/\/www.ghmconsultores.es\/wp-content\/uploads\/Sede-Colombia-GHM-Consultores-Geologia-Hidrologia-Medioambiente-1536x1024.jpg 1536w, https:\/\/www.ghmconsultores.es\/wp-content\/uploads\/Sede-Colombia-GHM-Consultores-Geologia-Hidrologia-Medioambiente-2048x1365.jpg 2048w, https:\/\/www.ghmconsultores.es\/wp-content\/uploads\/Sede-Colombia-GHM-Consultores-Geologia-Hidrologia-Medioambiente-280x187.jpg 280w, https:\/\/www.ghmconsultores.es\/wp-content\/uploads\/Sede-Colombia-GHM-Consultores-Geologia-Hidrologia-Medioambiente-1170x780.jpg 1170w\" sizes=\"auto, (max-width: 1024px) 100vw, 1024px\" \/><\/a><\/figure>\n\n\n\n<div style=\"height:10px\" aria-hidden=\"true\" class=\"wp-block-spacer\"><\/div>\n\n\n\n<p class=\"has-text-color\" style=\"color:#073a51\">Cr. 9 115 30 Of. 701, Bogot\u00e1<\/p>\n\n\n\n<p class=\"has-text-color\" style=\"color:#073a51\"><strong>\u96fb\u8a71\u756a\u53f7:<\/strong> <a href=\"tel:+573106571503\">+57 3106571503<\/a><\/p>\n\n\n\n<p class=\"has-text-color\" style=\"color:#073a51\"><strong>\u30e1\u30fc\u30eb:<\/strong><a href=\"mailto:info@ghmconsultores.es\">&nbsp;info@ghmconsultores.es<\/a><\/p>\n<\/div>\n<\/div>\n\n\n\n<p><\/p>\n<\/div>\n<\/div>\n\n\n\n<p><\/p>\n","protected":false},"excerpt":{"rendered":"<p>\u9023\u7d61\u5148 \u65e5\u672c\u30fb\u30aa\u30d5\u30a3\u30b9 \u3012105-0003\u6771\u4eac\u90fd\u6e2f\u533a\u897f\u65b0\u6a4b1-2-9\u65e5\u6bd4\u8c37\u30bb\u30f3\u30c8\u30e9\u30eb\u30d3\u30eb14\u968e \u96fb\u8a71\u756a\u53f7: +81 3-5532-7667 \u30e1\u30fc\u30eb:&nbsp;info@ghmconsultores.es \u30b9\u30da\u30a4\u30f3\u30fb\u30aa\u30d5<\/p>\n","protected":false},"author":8732,"featured_media":0,"parent":0,"menu_order":0,"comment_status":"closed","ping_status":"closed","template":"","meta":{"_monsterinsights_skip_tracking":false,"_monsterinsights_sitenote_active":false,"_monsterinsights_sitenote_note":"","_monsterinsights_sitenote_category":0,"footnotes":""},"class_list":["post-3312","page","type-page","status-publish","hentry"],"yoast_head":"<!-- This site is optimized with the Yoast SEO plugin v27.5 - https:\/\/yoast.com\/product\/yoast-seo-wordpress\/ -->\n<title>GHM Consultores \u9023\u7d61\u5148 - GHM Consultores \u65e5\u672c\u3000<\/title>\n<meta name=\"description\" content=\"\u30b8\u30fc\u30a8\u30a4\u30c1\u30a8\u30e0 \u30b3\u30f3\u30b5\u30eb\u30c8\u30ec\u30b9 \u9023\u7d61\u5148\u3000\u30b9\u30da\u30a4\u30f3\u3000\u30c1\u30ea\u3000\u65e5\u672c\u3000\u30b3\u30ed\u30f3\u30d3\u30a2\u30a8\u30f3\u30b8\u30cb\u30a2\u30ea\u30f3\u30b0\u3000\u5730\u8cea\u3000\u5730\u8cea\u5de5\u5b66\u3000\u5730\u76e4\u8abf\u67fb\u3000\u6c34\u6587\u8abf\u67fb\u3000\u74b0\u5883\" \/>\n<meta name=\"robots\" content=\"index, follow, max-snippet:-1, max-image-preview:large, max-video-preview:-1\" \/>\n<link rel=\"canonical\" href=\"https:\/\/www.ghmconsultores.es\/ja\/ghm-consultores-\u9023\u7d61\u5148\/\" \/>\n<meta property=\"og:locale\" content=\"ja_JP\" \/>\n<meta property=\"og:type\" content=\"article\" \/>\n<meta property=\"og:title\" content=\"GHM Consultores \u9023\u7d61\u5148 - GHM Consultores \u65e5\u672c\u3000\" \/>\n<meta property=\"og:description\" content=\"\u30b8\u30fc\u30a8\u30a4\u30c1\u30a8\u30e0 \u30b3\u30f3\u30b5\u30eb\u30c8\u30ec\u30b9 \u9023\u7d61\u5148\u3000\u30b9\u30da\u30a4\u30f3\u3000\u30c1\u30ea\u3000\u65e5\u672c\u3000\u30b3\u30ed\u30f3\u30d3\u30a2\u30a8\u30f3\u30b8\u30cb\u30a2\u30ea\u30f3\u30b0\u3000\u5730\u8cea\u3000\u5730\u8cea\u5de5\u5b66\u3000\u5730\u76e4\u8abf\u67fb\u3000\u6c34\u6587\u8abf\u67fb\u3000\u74b0\u5883\" \/>\n<meta property=\"og:url\" content=\"https:\/\/www.ghmconsultores.es\/ja\/ghm-consultores-\u9023\u7d61\u5148\/\" \/>\n<meta property=\"og:site_name\" content=\"GHM Consultores\" \/>\n<meta property=\"article:modified_time\" content=\"2021-05-12T08:31:48+00:00\" \/>\n<meta property=\"og:image\" content=\"https:\/\/www.ghmconsultores.es\/wp-content\/uploads\/Sede-Japon-GHM-Consultores-Geologia-Hidrologia-Medioambiente-1024x683.jpg\" \/>\n<meta name=\"twitter:label1\" content=\"\u63a8\u5b9a\u8aad\u307f\u53d6\u308a\u6642\u9593\" \/>\n\t<meta name=\"twitter:data1\" content=\"2\u5206\" \/>\n<script type=\"application\/ld+json\" class=\"yoast-schema-graph\">{\"@context\":\"https:\\\/\\\/schema.org\",\"@graph\":[{\"@type\":\"WebPage\",\"@id\":\"https:\\\/\\\/www.ghmconsultores.es\\\/ja\\\/ghm-consultores-%e9%80%a3%e7%b5%a1%e5%85%88\\\/\",\"url\":\"https:\\\/\\\/www.ghmconsultores.es\\\/ja\\\/ghm-consultores-%e9%80%a3%e7%b5%a1%e5%85%88\\\/\",\"name\":\"GHM Consultores \u9023\u7d61\u5148 - GHM Consultores \u65e5\u672c\u3000\",\"isPartOf\":{\"@id\":\"https:\\\/\\\/www.ghmconsultores.es\\\/#website\"},\"primaryImageOfPage\":{\"@id\":\"https:\\\/\\\/www.ghmconsultores.es\\\/ja\\\/ghm-consultores-%e9%80%a3%e7%b5%a1%e5%85%88\\\/#primaryimage\"},\"image\":{\"@id\":\"https:\\\/\\\/www.ghmconsultores.es\\\/ja\\\/ghm-consultores-%e9%80%a3%e7%b5%a1%e5%85%88\\\/#primaryimage\"},\"thumbnailUrl\":\"https:\\\/\\\/www.ghmconsultores.es\\\/wp-content\\\/uploads\\\/Sede-Japon-GHM-Consultores-Geologia-Hidrologia-Medioambiente-1024x683.jpg\",\"datePublished\":\"2021-04-29T11:39:18+00:00\",\"dateModified\":\"2021-05-12T08:31:48+00:00\",\"description\":\"\u30b8\u30fc\u30a8\u30a4\u30c1\u30a8\u30e0 \u30b3\u30f3\u30b5\u30eb\u30c8\u30ec\u30b9 \u9023\u7d61\u5148\u3000\u30b9\u30da\u30a4\u30f3\u3000\u30c1\u30ea\u3000\u65e5\u672c\u3000\u30b3\u30ed\u30f3\u30d3\u30a2\u30a8\u30f3\u30b8\u30cb\u30a2\u30ea\u30f3\u30b0\u3000\u5730\u8cea\u3000\u5730\u8cea\u5de5\u5b66\u3000\u5730\u76e4\u8abf\u67fb\u3000\u6c34\u6587\u8abf\u67fb\u3000\u74b0\u5883\",\"breadcrumb\":{\"@id\":\"https:\\\/\\\/www.ghmconsultores.es\\\/ja\\\/ghm-consultores-%e9%80%a3%e7%b5%a1%e5%85%88\\\/#breadcrumb\"},\"inLanguage\":\"ja\",\"potentialAction\":[{\"@type\":\"ReadAction\",\"target\":[\"https:\\\/\\\/www.ghmconsultores.es\\\/ja\\\/ghm-consultores-%e9%80%a3%e7%b5%a1%e5%85%88\\\/\"]}]},{\"@type\":\"ImageObject\",\"inLanguage\":\"ja\",\"@id\":\"https:\\\/\\\/www.ghmconsultores.es\\\/ja\\\/ghm-consultores-%e9%80%a3%e7%b5%a1%e5%85%88\\\/#primaryimage\",\"url\":\"https:\\\/\\\/www.ghmconsultores.es\\\/wp-content\\\/uploads\\\/Sede-Japon-GHM-Consultores-Geologia-Hidrologia-Medioambiente-1024x683.jpg\",\"contentUrl\":\"https:\\\/\\\/www.ghmconsultores.es\\\/wp-content\\\/uploads\\\/Sede-Japon-GHM-Consultores-Geologia-Hidrologia-Medioambiente-1024x683.jpg\"},{\"@type\":\"BreadcrumbList\",\"@id\":\"https:\\\/\\\/www.ghmconsultores.es\\\/ja\\\/ghm-consultores-%e9%80%a3%e7%b5%a1%e5%85%88\\\/#breadcrumb\",\"itemListElement\":[{\"@type\":\"ListItem\",\"position\":1,\"name\":\"Home\",\"item\":\"https:\\\/\\\/www.ghmconsultores.es\\\/ja\\\/\"},{\"@type\":\"ListItem\",\"position\":2,\"name\":\"GHM Consultores \u9023\u7d61\u5148\"}]},{\"@type\":\"WebSite\",\"@id\":\"https:\\\/\\\/www.ghmconsultores.es\\\/#website\",\"url\":\"https:\\\/\\\/www.ghmconsultores.es\\\/\",\"name\":\"GHM Consultores\",\"description\":\"Ingenier\u00eda y geolog\u00eda - GHM Consultores Geotecnia Hidrogeolog\u00eda Medioambiente. Espa\u00f1a, Colombia, Chile y Jap\u00f3n.\",\"potentialAction\":[{\"@type\":\"SearchAction\",\"target\":{\"@type\":\"EntryPoint\",\"urlTemplate\":\"https:\\\/\\\/www.ghmconsultores.es\\\/?s={search_term_string}\"},\"query-input\":{\"@type\":\"PropertyValueSpecification\",\"valueRequired\":true,\"valueName\":\"search_term_string\"}}],\"inLanguage\":\"ja\"}]}<\/script>\n<!-- \/ Yoast SEO plugin. -->","yoast_head_json":{"title":"GHM Consultores \u9023\u7d61\u5148 - GHM Consultores \u65e5\u672c\u3000","description":"\u30b8\u30fc\u30a8\u30a4\u30c1\u30a8\u30e0 \u30b3\u30f3\u30b5\u30eb\u30c8\u30ec\u30b9 \u9023\u7d61\u5148\u3000\u30b9\u30da\u30a4\u30f3\u3000\u30c1\u30ea\u3000\u65e5\u672c\u3000\u30b3\u30ed\u30f3\u30d3\u30a2\u30a8\u30f3\u30b8\u30cb\u30a2\u30ea\u30f3\u30b0\u3000\u5730\u8cea\u3000\u5730\u8cea\u5de5\u5b66\u3000\u5730\u76e4\u8abf\u67fb\u3000\u6c34\u6587\u8abf\u67fb\u3000\u74b0\u5883","robots":{"index":"index","follow":"follow","max-snippet":"max-snippet:-1","max-image-preview":"max-image-preview:large","max-video-preview":"max-video-preview:-1"},"canonical":"https:\/\/www.ghmconsultores.es\/ja\/ghm-consultores-\u9023\u7d61\u5148\/","og_locale":"ja_JP","og_type":"article","og_title":"GHM Consultores \u9023\u7d61\u5148 - GHM Consultores \u65e5\u672c\u3000","og_description":"\u30b8\u30fc\u30a8\u30a4\u30c1\u30a8\u30e0 \u30b3\u30f3\u30b5\u30eb\u30c8\u30ec\u30b9 \u9023\u7d61\u5148\u3000\u30b9\u30da\u30a4\u30f3\u3000\u30c1\u30ea\u3000\u65e5\u672c\u3000\u30b3\u30ed\u30f3\u30d3\u30a2\u30a8\u30f3\u30b8\u30cb\u30a2\u30ea\u30f3\u30b0\u3000\u5730\u8cea\u3000\u5730\u8cea\u5de5\u5b66\u3000\u5730\u76e4\u8abf\u67fb\u3000\u6c34\u6587\u8abf\u67fb\u3000\u74b0\u5883","og_url":"https:\/\/www.ghmconsultores.es\/ja\/ghm-consultores-\u9023\u7d61\u5148\/","og_site_name":"GHM Consultores","article_modified_time":"2021-05-12T08:31:48+00:00","og_image":[{"url":"https:\/\/www.ghmconsultores.es\/wp-content\/uploads\/Sede-Japon-GHM-Consultores-Geologia-Hidrologia-Medioambiente-1024x683.jpg","type":"","width":"","height":""}],"twitter_misc":{"\u63a8\u5b9a\u8aad\u307f\u53d6\u308a\u6642\u9593":"2\u5206"},"schema":{"@context":"https:\/\/schema.org","@graph":[{"@type":"WebPage","@id":"https:\/\/www.ghmconsultores.es\/ja\/ghm-consultores-%e9%80%a3%e7%b5%a1%e5%85%88\/","url":"https:\/\/www.ghmconsultores.es\/ja\/ghm-consultores-%e9%80%a3%e7%b5%a1%e5%85%88\/","name":"GHM Consultores \u9023\u7d61\u5148 - GHM Consultores \u65e5\u672c\u3000","isPartOf":{"@id":"https:\/\/www.ghmconsultores.es\/#website"},"primaryImageOfPage":{"@id":"https:\/\/www.ghmconsultores.es\/ja\/ghm-consultores-%e9%80%a3%e7%b5%a1%e5%85%88\/#primaryimage"},"image":{"@id":"https:\/\/www.ghmconsultores.es\/ja\/ghm-consultores-%e9%80%a3%e7%b5%a1%e5%85%88\/#primaryimage"},"thumbnailUrl":"https:\/\/www.ghmconsultores.es\/wp-content\/uploads\/Sede-Japon-GHM-Consultores-Geologia-Hidrologia-Medioambiente-1024x683.jpg","datePublished":"2021-04-29T11:39:18+00:00","dateModified":"2021-05-12T08:31:48+00:00","description":"\u30b8\u30fc\u30a8\u30a4\u30c1\u30a8\u30e0 \u30b3\u30f3\u30b5\u30eb\u30c8\u30ec\u30b9 \u9023\u7d61\u5148\u3000\u30b9\u30da\u30a4\u30f3\u3000\u30c1\u30ea\u3000\u65e5\u672c\u3000\u30b3\u30ed\u30f3\u30d3\u30a2\u30a8\u30f3\u30b8\u30cb\u30a2\u30ea\u30f3\u30b0\u3000\u5730\u8cea\u3000\u5730\u8cea\u5de5\u5b66\u3000\u5730\u76e4\u8abf\u67fb\u3000\u6c34\u6587\u8abf\u67fb\u3000\u74b0\u5883","breadcrumb":{"@id":"https:\/\/www.ghmconsultores.es\/ja\/ghm-consultores-%e9%80%a3%e7%b5%a1%e5%85%88\/#breadcrumb"},"inLanguage":"ja","potentialAction":[{"@type":"ReadAction","target":["https:\/\/www.ghmconsultores.es\/ja\/ghm-consultores-%e9%80%a3%e7%b5%a1%e5%85%88\/"]}]},{"@type":"ImageObject","inLanguage":"ja","@id":"https:\/\/www.ghmconsultores.es\/ja\/ghm-consultores-%e9%80%a3%e7%b5%a1%e5%85%88\/#primaryimage","url":"https:\/\/www.ghmconsultores.es\/wp-content\/uploads\/Sede-Japon-GHM-Consultores-Geologia-Hidrologia-Medioambiente-1024x683.jpg","contentUrl":"https:\/\/www.ghmconsultores.es\/wp-content\/uploads\/Sede-Japon-GHM-Consultores-Geologia-Hidrologia-Medioambiente-1024x683.jpg"},{"@type":"BreadcrumbList","@id":"https:\/\/www.ghmconsultores.es\/ja\/ghm-consultores-%e9%80%a3%e7%b5%a1%e5%85%88\/#breadcrumb","itemListElement":[{"@type":"ListItem","position":1,"name":"Home","item":"https:\/\/www.ghmconsultores.es\/ja\/"},{"@type":"ListItem","position":2,"name":"GHM Consultores \u9023\u7d61\u5148"}]},{"@type":"WebSite","@id":"https:\/\/www.ghmconsultores.es\/#website","url":"https:\/\/www.ghmconsultores.es\/","name":"GHM Consultores","description":"Ingenier\u00eda y geolog\u00eda - GHM Consultores Geotecnia Hidrogeolog\u00eda Medioambiente. Espa\u00f1a, Colombia, Chile y Jap\u00f3n.","potentialAction":[{"@type":"SearchAction","target":{"@type":"EntryPoint","urlTemplate":"https:\/\/www.ghmconsultores.es\/?s={search_term_string}"},"query-input":{"@type":"PropertyValueSpecification","valueRequired":true,"valueName":"search_term_string"}}],"inLanguage":"ja"}]}},"_links":{"self":[{"href":"https:\/\/www.ghmconsultores.es\/ja\/wp-json\/wp\/v2\/pages\/3312","targetHints":{"allow":["GET"]}}],"collection":[{"href":"https:\/\/www.ghmconsultores.es\/ja\/wp-json\/wp\/v2\/pages"}],"about":[{"href":"https:\/\/www.ghmconsultores.es\/ja\/wp-json\/wp\/v2\/types\/page"}],"author":[{"embeddable":true,"href":"https:\/\/www.ghmconsultores.es\/ja\/wp-json\/wp\/v2\/users\/8732"}],"replies":[{"embeddable":true,"href":"https:\/\/www.ghmconsultores.es\/ja\/wp-json\/wp\/v2\/comments?post=3312"}],"version-history":[{"count":17,"href":"https:\/\/www.ghmconsultores.es\/ja\/wp-json\/wp\/v2\/pages\/3312\/revisions"}],"predecessor-version":[{"id":3376,"href":"https:\/\/www.ghmconsultores.es\/ja\/wp-json\/wp\/v2\/pages\/3312\/revisions\/3376"}],"wp:attachment":[{"href":"https:\/\/www.ghmconsultores.es\/ja\/wp-json\/wp\/v2\/media?parent=3312"}],"curies":[{"name":"wp","href":"https:\/\/api.w.org\/{rel}","templated":true}]}}