{"id":2298,"date":"2019-11-22T03:18:21","date_gmt":"2019-11-22T03:18:21","guid":{"rendered":"https:\/\/www.ghmconsultores.es\/?page_id=2298"},"modified":"2019-12-13T08:38:17","modified_gmt":"2019-12-13T08:38:17","slug":"previous-projects","status":"publish","type":"page","link":"https:\/\/www.ghmconsultores.es\/ja\/previous-projects\/","title":{"rendered":"\u65e5\u672c\u3067\u306e\u5b9f\u7e3e"},"content":{"rendered":"\n<div class=\"wp-block-columns is-layout-flex wp-container-core-columns-is-layout-9d6595d7 wp-block-columns-is-layout-flex\">\n<div class=\"wp-block-column is-layout-flow wp-block-column-is-layout-flow\">\n<p><strong>2016\u5e74<\/strong><gwmw style=\"display:none;\"><gwmw style=\"display:none;\"><\/gwmw><gwmw style=\"display:none;\"><\/p>\n\n\n\n<p>\u6803\u6728\u770c\u4f50\u91ce\u5e02\u3000<gwmw style=\"display:none;\"><\/p>\n\n\n\n<p>\u5ca9\u624b\u770c\u5bae\u53e4<\/p>\n\n\n\n<p>\u9ce5\u53d6\u770c\u5009\u5409\u5e02<\/p>\n\n\n\n<p>\u798f\u5cf6\u770c\u90e1\u5c71\u3000\u78d0\u68af<\/p>\n\n\n\n<hr class=\"wp-block-separator\"\/>\n\n\n\n<p><strong>2017\u5e74<\/strong><\/p>\n\n\n\n<p>\u5ca9\u624b\u770c\u9060\u91ce\u5e02<\/p>\n\n\n\n<p>\u5927\u5206\u770c\u5927\u5206\u5e02<\/p>\n\n\n\n<p>\u5c71\u5f62\u770c\u5317\u6751\u5c71\u5e02<\/p>\n\n\n\n<p>\u5927\u5206\u770c\u633e\u9593\u753a\u4e03\u8535\u53f8<\/p>\n\n\n\n<p>\u7fa4\u99ac<\/p>\n\n\n\n<p>\u5317\u6d77\u9053\u6839\u5ba4<\/p>\n\n\n\n<p>\u6803\u6728\u770c\u4f50\u91ce\u5e02<\/p>\n\n\n\n<p><gwmw style=\"display:none;\"><\/p>\n<\/div>\n\n\n\n<div class=\"wp-block-column is-layout-flow wp-block-column-is-layout-flow\">\n<p><strong>2018\u5e74<\/strong><gwmw style=\"display:none;\"><\/p>\n\n\n\n<p>\u5ca9\u624b\u770c\u5c71\u7530\u5e02<\/p>\n\n\n\n<p>\u9759\u5ca1\u770c\u6cb3\u6d25\u5e02<\/p>\n\n\n\n<p>\u5bae\u57ce\u770c\u9b3c\u9996<gwmw style=\"display:none;\"><\/p>\n\n\n\n<p>\u5bae\u57ce\u770c<gwmw style=\"display:none;\"><gwmw style=\"display:none;\"><\/p>\n\n\n\n<p>\u6803\u6728\u770c\u4f50\u91ce\u5e02<gwmw style=\"display:none;\"><\/p>\n\n\n\n<p>\u5bae\u57ce\u770c\u00a0Kanomachi\u00a0<gwmw style=\"display:none;\"><\/p>\n\n\n\n<p>\u9577\u5d0e\u770c\u677f\u5c71 <\/p>\n\n\n\n<p> \u798f\u5cf6\u770c\u90e1\u5c71  <\/p>\n\n\n\n<p><gwmw style=\"display:none;\"><\/p>\n<\/div>\n\n\n\n<div class=\"wp-block-column is-layout-flow wp-block-column-is-layout-flow\">\n<p><strong>2019\u5e74<\/strong><\/p>\n\n\n\n<p>\u7fa4\u99ac\u770c\u5b2c\u604b<\/p>\n\n\n\n<p>\u5e83\u5cf6\u770c\u5e9c\u4e2d<gwmw style=\"display:none;\"><\/p>\n\n\n\n<p>\u8328\u57ce\u770c\u7a32\u6577<gwmw style=\"display:none;\"><\/p>\n\n\n\n<p>\u548c\u6b4c\u5c71\u770c\u7530\u8fba\u4e2d\u8fba\u8def<gwmw style=\"display:none;\"><\/p>\n\n\n\n<p>\u718a\u672c\u770c\u5929\u8349\u5e02<gwmw style=\"display:none;\"><\/p>\n\n\n\n<p>\u5c71\u53e3\u770c\u5ddd\u68da\u4e0b\u95a2<gwmw style=\"display:none;\"><\/p>\n\n\n\n<p>\u5317\u6d77\u9053\u6771\u5c71<gwmw style=\"display:none;\"><\/p>\n\n\n\n<p>\u8328\u57ce\u770c\u67f3\u5ddd<gwmw style=\"display:none;\"><gwmw style=\"display:none;\"><\/p>\n\n\n\n<p>\u77f3\u5ddd\u770c\u80fd\u767b<gwmw style=\"display:none;\"><\/p>\n\n\n\n<p><gwmw style=\"display:none;\"><\/p>\n<\/div>\n<\/div>\n\n\n\n<p><gwmw style=\"display:none;\"><\/p>\n","protected":false},"excerpt":{"rendered":"<p>2016\u5e74 \u6803\u6728\u770c\u4f50\u91ce\u5e02\u3000 \u5ca9\u624b\u770c\u5bae\u53e4 \u9ce5\u53d6\u770c\u5009\u5409\u5e02 \u798f\u5cf6\u770c\u90e1\u5c71\u3000\u78d0\u68af 2017\u5e74 \u5ca9\u624b\u770c\u9060\u91ce\u5e02 \u5927\u5206\u770c\u5927\u5206\u5e02 \u5c71\u5f62\u770c\u5317\u6751\u5c71\u5e02 \u5927\u5206\u770c\u633e\u9593\u753a\u4e03\u8535\u53f8 \u7fa4\u99ac \u5317\u6d77\u9053\u6839\u5ba4 \u6803\u6728\u770c\u4f50\u91ce\u5e02 2018\u5e74 \u5ca9\u624b\u770c\u5c71\u7530\u5e02 \u9759\u5ca1\u770c\u6cb3\u6d25\u5e02 <\/p>\n","protected":false},"author":8732,"featured_media":2121,"parent":0,"menu_order":0,"comment_status":"closed","ping_status":"closed","template":"","meta":{"_monsterinsights_skip_tracking":false,"_monsterinsights_sitenote_active":false,"_monsterinsights_sitenote_note":"","_monsterinsights_sitenote_category":0,"footnotes":""},"class_list":["post-2298","page","type-page","status-publish","has-post-thumbnail","hentry"],"yoast_head":"<!-- This site is optimized with the Yoast SEO plugin v27.4 - https:\/\/yoast.com\/product\/yoast-seo-wordpress\/ -->\n<title>\u65e5\u672c\u3067\u306e\u5b9f\u7e3e - GHM Consultores<\/title>\n<meta name=\"robots\" content=\"index, follow, max-snippet:-1, max-image-preview:large, max-video-preview:-1\" \/>\n<link rel=\"canonical\" href=\"https:\/\/www.ghmconsultores.es\/ja\/previous-projects\/\" \/>\n<meta property=\"og:locale\" content=\"ja_JP\" \/>\n<meta property=\"og:type\" content=\"article\" \/>\n<meta property=\"og:title\" content=\"\u65e5\u672c\u3067\u306e\u5b9f\u7e3e - GHM Consultores\" \/>\n<meta property=\"og:description\" content=\"2016\u5e74 \u6803\u6728\u770c\u4f50\u91ce\u5e02\u3000 \u5ca9\u624b\u770c\u5bae\u53e4 \u9ce5\u53d6\u770c\u5009\u5409\u5e02 \u798f\u5cf6\u770c\u90e1\u5c71\u3000\u78d0\u68af 2017\u5e74 \u5ca9\u624b\u770c\u9060\u91ce\u5e02 \u5927\u5206\u770c\u5927\u5206\u5e02 \u5c71\u5f62\u770c\u5317\u6751\u5c71\u5e02 \u5927\u5206\u770c\u633e\u9593\u753a\u4e03\u8535\u53f8 \u7fa4\u99ac \u5317\u6d77\u9053\u6839\u5ba4 \u6803\u6728\u770c\u4f50\u91ce\u5e02 2018\u5e74 \u5ca9\u624b\u770c\u5c71\u7530\u5e02 \u9759\u5ca1\u770c\u6cb3\u6d25\u5e02\" \/>\n<meta property=\"og:url\" content=\"https:\/\/www.ghmconsultores.es\/ja\/previous-projects\/\" \/>\n<meta property=\"og:site_name\" content=\"GHM Consultores\" \/>\n<meta property=\"article:modified_time\" content=\"2019-12-13T08:38:17+00:00\" \/>\n<meta property=\"og:image\" content=\"https:\/\/www.ghmconsultores.es\/wp-content\/uploads\/building.jpg\" \/>\n\t<meta property=\"og:image:width\" content=\"1600\" \/>\n\t<meta property=\"og:image:height\" content=\"1086\" \/>\n\t<meta property=\"og:image:type\" content=\"image\/jpeg\" \/>\n<script type=\"application\/ld+json\" class=\"yoast-schema-graph\">{\"@context\":\"https:\\\/\\\/schema.org\",\"@graph\":[{\"@type\":\"WebPage\",\"@id\":\"https:\\\/\\\/www.ghmconsultores.es\\\/ja\\\/previous-projects\\\/\",\"url\":\"https:\\\/\\\/www.ghmconsultores.es\\\/ja\\\/previous-projects\\\/\",\"name\":\"\u65e5\u672c\u3067\u306e\u5b9f\u7e3e - GHM Consultores\",\"isPartOf\":{\"@id\":\"https:\\\/\\\/www.ghmconsultores.es\\\/#website\"},\"primaryImageOfPage\":{\"@id\":\"https:\\\/\\\/www.ghmconsultores.es\\\/ja\\\/previous-projects\\\/#primaryimage\"},\"image\":{\"@id\":\"https:\\\/\\\/www.ghmconsultores.es\\\/ja\\\/previous-projects\\\/#primaryimage\"},\"thumbnailUrl\":\"https:\\\/\\\/www.ghmconsultores.es\\\/wp-content\\\/uploads\\\/building.jpg\",\"datePublished\":\"2019-11-22T03:18:21+00:00\",\"dateModified\":\"2019-12-13T08:38:17+00:00\",\"breadcrumb\":{\"@id\":\"https:\\\/\\\/www.ghmconsultores.es\\\/ja\\\/previous-projects\\\/#breadcrumb\"},\"inLanguage\":\"ja\",\"potentialAction\":[{\"@type\":\"ReadAction\",\"target\":[\"https:\\\/\\\/www.ghmconsultores.es\\\/ja\\\/previous-projects\\\/\"]}]},{\"@type\":\"ImageObject\",\"inLanguage\":\"ja\",\"@id\":\"https:\\\/\\\/www.ghmconsultores.es\\\/ja\\\/previous-projects\\\/#primaryimage\",\"url\":\"https:\\\/\\\/www.ghmconsultores.es\\\/wp-content\\\/uploads\\\/building.jpg\",\"contentUrl\":\"https:\\\/\\\/www.ghmconsultores.es\\\/wp-content\\\/uploads\\\/building.jpg\",\"width\":1600,\"height\":1086},{\"@type\":\"BreadcrumbList\",\"@id\":\"https:\\\/\\\/www.ghmconsultores.es\\\/ja\\\/previous-projects\\\/#breadcrumb\",\"itemListElement\":[{\"@type\":\"ListItem\",\"position\":1,\"name\":\"Home\",\"item\":\"https:\\\/\\\/www.ghmconsultores.es\\\/ja\\\/\"},{\"@type\":\"ListItem\",\"position\":2,\"name\":\"\u65e5\u672c\u3067\u306e\u5b9f\u7e3e\"}]},{\"@type\":\"WebSite\",\"@id\":\"https:\\\/\\\/www.ghmconsultores.es\\\/#website\",\"url\":\"https:\\\/\\\/www.ghmconsultores.es\\\/\",\"name\":\"GHM Consultores\",\"description\":\"Ingenier\u00eda y geolog\u00eda - GHM Consultores Geotecnia Hidrogeolog\u00eda Medioambiente. Espa\u00f1a, Colombia, Chile y Jap\u00f3n.\",\"potentialAction\":[{\"@type\":\"SearchAction\",\"target\":{\"@type\":\"EntryPoint\",\"urlTemplate\":\"https:\\\/\\\/www.ghmconsultores.es\\\/?s={search_term_string}\"},\"query-input\":{\"@type\":\"PropertyValueSpecification\",\"valueRequired\":true,\"valueName\":\"search_term_string\"}}],\"inLanguage\":\"ja\"}]}<\/script>\n<!-- \/ Yoast SEO plugin. -->","yoast_head_json":{"title":"\u65e5\u672c\u3067\u306e\u5b9f\u7e3e - GHM Consultores","robots":{"index":"index","follow":"follow","max-snippet":"max-snippet:-1","max-image-preview":"max-image-preview:large","max-video-preview":"max-video-preview:-1"},"canonical":"https:\/\/www.ghmconsultores.es\/ja\/previous-projects\/","og_locale":"ja_JP","og_type":"article","og_title":"\u65e5\u672c\u3067\u306e\u5b9f\u7e3e - GHM Consultores","og_description":"2016\u5e74 \u6803\u6728\u770c\u4f50\u91ce\u5e02\u3000 \u5ca9\u624b\u770c\u5bae\u53e4 \u9ce5\u53d6\u770c\u5009\u5409\u5e02 \u798f\u5cf6\u770c\u90e1\u5c71\u3000\u78d0\u68af 2017\u5e74 \u5ca9\u624b\u770c\u9060\u91ce\u5e02 \u5927\u5206\u770c\u5927\u5206\u5e02 \u5c71\u5f62\u770c\u5317\u6751\u5c71\u5e02 \u5927\u5206\u770c\u633e\u9593\u753a\u4e03\u8535\u53f8 \u7fa4\u99ac \u5317\u6d77\u9053\u6839\u5ba4 \u6803\u6728\u770c\u4f50\u91ce\u5e02 2018\u5e74 \u5ca9\u624b\u770c\u5c71\u7530\u5e02 \u9759\u5ca1\u770c\u6cb3\u6d25\u5e02","og_url":"https:\/\/www.ghmconsultores.es\/ja\/previous-projects\/","og_site_name":"GHM Consultores","article_modified_time":"2019-12-13T08:38:17+00:00","og_image":[{"width":1600,"height":1086,"url":"https:\/\/www.ghmconsultores.es\/wp-content\/uploads\/building.jpg","type":"image\/jpeg"}],"schema":{"@context":"https:\/\/schema.org","@graph":[{"@type":"WebPage","@id":"https:\/\/www.ghmconsultores.es\/ja\/previous-projects\/","url":"https:\/\/www.ghmconsultores.es\/ja\/previous-projects\/","name":"\u65e5\u672c\u3067\u306e\u5b9f\u7e3e - GHM Consultores","isPartOf":{"@id":"https:\/\/www.ghmconsultores.es\/#website"},"primaryImageOfPage":{"@id":"https:\/\/www.ghmconsultores.es\/ja\/previous-projects\/#primaryimage"},"image":{"@id":"https:\/\/www.ghmconsultores.es\/ja\/previous-projects\/#primaryimage"},"thumbnailUrl":"https:\/\/www.ghmconsultores.es\/wp-content\/uploads\/building.jpg","datePublished":"2019-11-22T03:18:21+00:00","dateModified":"2019-12-13T08:38:17+00:00","breadcrumb":{"@id":"https:\/\/www.ghmconsultores.es\/ja\/previous-projects\/#breadcrumb"},"inLanguage":"ja","potentialAction":[{"@type":"ReadAction","target":["https:\/\/www.ghmconsultores.es\/ja\/previous-projects\/"]}]},{"@type":"ImageObject","inLanguage":"ja","@id":"https:\/\/www.ghmconsultores.es\/ja\/previous-projects\/#primaryimage","url":"https:\/\/www.ghmconsultores.es\/wp-content\/uploads\/building.jpg","contentUrl":"https:\/\/www.ghmconsultores.es\/wp-content\/uploads\/building.jpg","width":1600,"height":1086},{"@type":"BreadcrumbList","@id":"https:\/\/www.ghmconsultores.es\/ja\/previous-projects\/#breadcrumb","itemListElement":[{"@type":"ListItem","position":1,"name":"Home","item":"https:\/\/www.ghmconsultores.es\/ja\/"},{"@type":"ListItem","position":2,"name":"\u65e5\u672c\u3067\u306e\u5b9f\u7e3e"}]},{"@type":"WebSite","@id":"https:\/\/www.ghmconsultores.es\/#website","url":"https:\/\/www.ghmconsultores.es\/","name":"GHM Consultores","description":"Ingenier\u00eda y geolog\u00eda - GHM Consultores Geotecnia Hidrogeolog\u00eda Medioambiente. Espa\u00f1a, Colombia, Chile y Jap\u00f3n.","potentialAction":[{"@type":"SearchAction","target":{"@type":"EntryPoint","urlTemplate":"https:\/\/www.ghmconsultores.es\/?s={search_term_string}"},"query-input":{"@type":"PropertyValueSpecification","valueRequired":true,"valueName":"search_term_string"}}],"inLanguage":"ja"}]}},"_links":{"self":[{"href":"https:\/\/www.ghmconsultores.es\/ja\/wp-json\/wp\/v2\/pages\/2298","targetHints":{"allow":["GET"]}}],"collection":[{"href":"https:\/\/www.ghmconsultores.es\/ja\/wp-json\/wp\/v2\/pages"}],"about":[{"href":"https:\/\/www.ghmconsultores.es\/ja\/wp-json\/wp\/v2\/types\/page"}],"author":[{"embeddable":true,"href":"https:\/\/www.ghmconsultores.es\/ja\/wp-json\/wp\/v2\/users\/8732"}],"replies":[{"embeddable":true,"href":"https:\/\/www.ghmconsultores.es\/ja\/wp-json\/wp\/v2\/comments?post=2298"}],"version-history":[{"count":5,"href":"https:\/\/www.ghmconsultores.es\/ja\/wp-json\/wp\/v2\/pages\/2298\/revisions"}],"predecessor-version":[{"id":2539,"href":"https:\/\/www.ghmconsultores.es\/ja\/wp-json\/wp\/v2\/pages\/2298\/revisions\/2539"}],"wp:featuredmedia":[{"embeddable":true,"href":"https:\/\/www.ghmconsultores.es\/ja\/wp-json\/wp\/v2\/media\/2121"}],"wp:attachment":[{"href":"https:\/\/www.ghmconsultores.es\/ja\/wp-json\/wp\/v2\/media?parent=2298"}],"curies":[{"name":"wp","href":"https:\/\/api.w.org\/{rel}","templated":true}]}}