{"id":1983,"date":"2018-10-18T13:02:47","date_gmt":"2018-10-18T13:02:47","guid":{"rendered":"https:\/\/www.ghmconsultores.es\/?page_id=1983"},"modified":"2019-12-17T04:30:41","modified_gmt":"2019-12-17T04:30:41","slug":"%e5%a4%aa%e9%99%bd%e5%85%89%e7%99%ba%e9%9b%bb%e8%a8%ad%e5%82%99%e3%81%ae%e5%9c%b0%e8%b3%aa%e8%aa%bf%e6%9f%bb","status":"publish","type":"page","link":"https:\/\/www.ghmconsultores.es\/ja\/%e5%a4%aa%e9%99%bd%e5%85%89%e7%99%ba%e9%9b%bb%e8%a8%ad%e5%82%99%e3%81%ae%e5%9c%b0%e8%b3%aa%e8%aa%bf%e6%9f%bb\/","title":{"rendered":"\u592a\u967d\u5149\u767a\u96fb\u8a2d\u5099\u306e\u5730\u8cea\u8abf\u67fb"},"content":{"rendered":"<p>\u592a\u967d\u5149\u767a\u96fb\u6240\u958b\u767a\u306e\u305f\u3081\u306e\u5730\u76e4\u8abf\u67fb\u3067\u306f\u3001\u30d7\u30ed\u30b8\u30a7\u30af\u30c8\u306e\u3042\u3089\u3086\u308b\u6bb5\u968e\u3067\u91cd\u8981\u306a\u60c5\u5831\u3092\u53ce\u96c6\u3059\u308b\u305f\u3081\u306e\u9069\u5207\u306a\u8a55\u4fa1\u304c\u5fc5\u8981\u3067\u3059\u3002\u69d8\u3005\u306a\u571f\u5730\u306e\u7279\u6027\u3092\u8a8d\u8b58\u3057\u3001\u73fe\u5834\u8abf\u67fb\u306b\u9069\u5207\u306a\u8a66\u9a13\u304c\u5b9a\u7fa9\u3055\u308c\u307e\u3059\u3002\u76ee\u7684\u306f\u3001\u30d7\u30ed\u30b8\u30a7\u30af\u30c8\u306e\u6700\u7d42\u30b3\u30b9\u30c8\u3092\u691c\u51fa\u3057\u3001\u6700\u9069\u304b\u3064\u5b89\u5168\u306a\u904b\u55b6\u3092\u63d0\u6848\u3059\u308b\u3053\u3068\u3067\u3059\u3002<\/p>\n<p>\u6a19\u6e96\u7684\u306a\u6240\u5b9a\u306e\u8abf\u67fb\u6570\u91cf\u3092\u3053\u306a\u3059\u3060\u3051\u3067 \u306f\u306a\u304f\u3001\u4e0e\u3048\u3089\u308c\u305f\u8ab2\u984c\u3092\u826f\u304f\u8a8d\u8b58\u3057\u3001\u76ee\u306b\u898b\u3048\u308b\u73fe\u8c61\u306e\u307f\u306a\u3089\u305a\u76ee\u306b\u898b\u3048\u306a\u3044\u73fe\u8c61\u306b\u6f5c \u3080\u8ab2\u984c\u3092\u7684\u78ba\u306b\u898b\u3064\u3051\u51fa\u3057\u3066\u554f\u984c\u70b9\u306e\u6307\u6458\u4e0d\u8db3\u304c\u306a\u3044\u3088\u3046\u306b\u3059\u308b\u3053\u3068\u304cGHM\u306e\u5730\u76e4\u8abf\u67fb\u306e\u610f\u7fa9\u3067\u3059\u3002<\/p>\n","protected":false},"excerpt":{"rendered":"<p>\u592a\u967d\u5149\u767a\u96fb\u6240\u958b\u767a\u306e\u305f\u3081\u306e\u5730\u76e4\u8abf\u67fb\u3067\u306f\u3001\u30d7\u30ed\u30b8\u30a7\u30af\u30c8\u306e\u3042\u3089\u3086\u308b\u6bb5\u968e\u3067\u91cd\u8981\u306a\u60c5\u5831\u3092\u53ce\u96c6\u3059\u308b\u305f\u3081\u306e\u9069\u5207\u306a\u8a55\u4fa1\u304c\u5fc5\u8981\u3067\u3059\u3002\u69d8\u3005\u306a\u571f\u5730\u306e\u7279\u6027\u3092\u8a8d\u8b58\u3057\u3001\u73fe\u5834\u8abf\u67fb\u306b\u9069\u5207\u306a\u8a66\u9a13\u304c\u5b9a\u7fa9\u3055\u308c\u307e\u3059\u3002\u76ee\u7684\u306f\u3001\u30d7\u30ed\u30b8\u30a7\u30af\u30c8\u306e\u6700\u7d42\u30b3\u30b9\u30c8\u3092\u691c\u51fa\u3057\u3001\u6700<\/p>\n","protected":false},"author":8732,"featured_media":2377,"parent":0,"menu_order":0,"comment_status":"closed","ping_status":"closed","template":"","meta":{"_monsterinsights_skip_tracking":false,"_monsterinsights_sitenote_active":false,"_monsterinsights_sitenote_note":"","_monsterinsights_sitenote_category":0,"footnotes":""},"class_list":["post-1983","page","type-page","status-publish","has-post-thumbnail","hentry"],"yoast_head":"<!-- This site is optimized with the Yoast SEO plugin v27.5 - https:\/\/yoast.com\/product\/yoast-seo-wordpress\/ -->\n<title>\u592a\u967d\u5149\u767a\u96fb\u8a2d\u5099\u306e\u5730\u8cea\u8abf\u67fb - GHM Consultores<\/title>\n<meta name=\"robots\" content=\"index, follow, max-snippet:-1, max-image-preview:large, max-video-preview:-1\" \/>\n<link rel=\"canonical\" href=\"https:\/\/www.ghmconsultores.es\/ja\/\u592a\u967d\u5149\u767a\u96fb\u8a2d\u5099\u306e\u5730\u8cea\u8abf\u67fb\/\" \/>\n<meta property=\"og:locale\" content=\"ja_JP\" \/>\n<meta property=\"og:type\" content=\"article\" \/>\n<meta property=\"og:title\" content=\"\u592a\u967d\u5149\u767a\u96fb\u8a2d\u5099\u306e\u5730\u8cea\u8abf\u67fb - GHM Consultores\" \/>\n<meta property=\"og:description\" content=\"\u592a\u967d\u5149\u767a\u96fb\u6240\u958b\u767a\u306e\u305f\u3081\u306e\u5730\u76e4\u8abf\u67fb\u3067\u306f\u3001\u30d7\u30ed\u30b8\u30a7\u30af\u30c8\u306e\u3042\u3089\u3086\u308b\u6bb5\u968e\u3067\u91cd\u8981\u306a\u60c5\u5831\u3092\u53ce\u96c6\u3059\u308b\u305f\u3081\u306e\u9069\u5207\u306a\u8a55\u4fa1\u304c\u5fc5\u8981\u3067\u3059\u3002\u69d8\u3005\u306a\u571f\u5730\u306e\u7279\u6027\u3092\u8a8d\u8b58\u3057\u3001\u73fe\u5834\u8abf\u67fb\u306b\u9069\u5207\u306a\u8a66\u9a13\u304c\u5b9a\u7fa9\u3055\u308c\u307e\u3059\u3002\u76ee\u7684\u306f\u3001\u30d7\u30ed\u30b8\u30a7\u30af\u30c8\u306e\u6700\u7d42\u30b3\u30b9\u30c8\u3092\u691c\u51fa\u3057\u3001\u6700\" \/>\n<meta property=\"og:url\" content=\"https:\/\/www.ghmconsultores.es\/ja\/\u592a\u967d\u5149\u767a\u96fb\u8a2d\u5099\u306e\u5730\u8cea\u8abf\u67fb\/\" \/>\n<meta property=\"og:site_name\" content=\"GHM Consultores\" \/>\n<meta property=\"article:modified_time\" content=\"2019-12-17T04:30:41+00:00\" \/>\n<meta property=\"og:image\" content=\"https:\/\/www.ghmconsultores.es\/wp-content\/uploads\/slider_project04.png\" \/>\n\t<meta property=\"og:image:width\" content=\"1140\" \/>\n\t<meta property=\"og:image:height\" content=\"350\" \/>\n\t<meta property=\"og:image:type\" content=\"image\/png\" \/>\n<script type=\"application\/ld+json\" class=\"yoast-schema-graph\">{\"@context\":\"https:\\\/\\\/schema.org\",\"@graph\":[{\"@type\":\"WebPage\",\"@id\":\"https:\\\/\\\/www.ghmconsultores.es\\\/ja\\\/%e5%a4%aa%e9%99%bd%e5%85%89%e7%99%ba%e9%9b%bb%e8%a8%ad%e5%82%99%e3%81%ae%e5%9c%b0%e8%b3%aa%e8%aa%bf%e6%9f%bb\\\/\",\"url\":\"https:\\\/\\\/www.ghmconsultores.es\\\/ja\\\/%e5%a4%aa%e9%99%bd%e5%85%89%e7%99%ba%e9%9b%bb%e8%a8%ad%e5%82%99%e3%81%ae%e5%9c%b0%e8%b3%aa%e8%aa%bf%e6%9f%bb\\\/\",\"name\":\"\u592a\u967d\u5149\u767a\u96fb\u8a2d\u5099\u306e\u5730\u8cea\u8abf\u67fb - GHM Consultores\",\"isPartOf\":{\"@id\":\"https:\\\/\\\/www.ghmconsultores.es\\\/#website\"},\"primaryImageOfPage\":{\"@id\":\"https:\\\/\\\/www.ghmconsultores.es\\\/ja\\\/%e5%a4%aa%e9%99%bd%e5%85%89%e7%99%ba%e9%9b%bb%e8%a8%ad%e5%82%99%e3%81%ae%e5%9c%b0%e8%b3%aa%e8%aa%bf%e6%9f%bb\\\/#primaryimage\"},\"image\":{\"@id\":\"https:\\\/\\\/www.ghmconsultores.es\\\/ja\\\/%e5%a4%aa%e9%99%bd%e5%85%89%e7%99%ba%e9%9b%bb%e8%a8%ad%e5%82%99%e3%81%ae%e5%9c%b0%e8%b3%aa%e8%aa%bf%e6%9f%bb\\\/#primaryimage\"},\"thumbnailUrl\":\"https:\\\/\\\/www.ghmconsultores.es\\\/wp-content\\\/uploads\\\/slider_project04.png\",\"datePublished\":\"2018-10-18T13:02:47+00:00\",\"dateModified\":\"2019-12-17T04:30:41+00:00\",\"breadcrumb\":{\"@id\":\"https:\\\/\\\/www.ghmconsultores.es\\\/ja\\\/%e5%a4%aa%e9%99%bd%e5%85%89%e7%99%ba%e9%9b%bb%e8%a8%ad%e5%82%99%e3%81%ae%e5%9c%b0%e8%b3%aa%e8%aa%bf%e6%9f%bb\\\/#breadcrumb\"},\"inLanguage\":\"ja\",\"potentialAction\":[{\"@type\":\"ReadAction\",\"target\":[\"https:\\\/\\\/www.ghmconsultores.es\\\/ja\\\/%e5%a4%aa%e9%99%bd%e5%85%89%e7%99%ba%e9%9b%bb%e8%a8%ad%e5%82%99%e3%81%ae%e5%9c%b0%e8%b3%aa%e8%aa%bf%e6%9f%bb\\\/\"]}]},{\"@type\":\"ImageObject\",\"inLanguage\":\"ja\",\"@id\":\"https:\\\/\\\/www.ghmconsultores.es\\\/ja\\\/%e5%a4%aa%e9%99%bd%e5%85%89%e7%99%ba%e9%9b%bb%e8%a8%ad%e5%82%99%e3%81%ae%e5%9c%b0%e8%b3%aa%e8%aa%bf%e6%9f%bb\\\/#primaryimage\",\"url\":\"https:\\\/\\\/www.ghmconsultores.es\\\/wp-content\\\/uploads\\\/slider_project04.png\",\"contentUrl\":\"https:\\\/\\\/www.ghmconsultores.es\\\/wp-content\\\/uploads\\\/slider_project04.png\",\"width\":1140,\"height\":350},{\"@type\":\"BreadcrumbList\",\"@id\":\"https:\\\/\\\/www.ghmconsultores.es\\\/ja\\\/%e5%a4%aa%e9%99%bd%e5%85%89%e7%99%ba%e9%9b%bb%e8%a8%ad%e5%82%99%e3%81%ae%e5%9c%b0%e8%b3%aa%e8%aa%bf%e6%9f%bb\\\/#breadcrumb\",\"itemListElement\":[{\"@type\":\"ListItem\",\"position\":1,\"name\":\"Home\",\"item\":\"https:\\\/\\\/www.ghmconsultores.es\\\/ja\\\/\"},{\"@type\":\"ListItem\",\"position\":2,\"name\":\"\u592a\u967d\u5149\u767a\u96fb\u8a2d\u5099\u306e\u5730\u8cea\u8abf\u67fb\"}]},{\"@type\":\"WebSite\",\"@id\":\"https:\\\/\\\/www.ghmconsultores.es\\\/#website\",\"url\":\"https:\\\/\\\/www.ghmconsultores.es\\\/\",\"name\":\"GHM Consultores\",\"description\":\"Ingenier\u00eda y geolog\u00eda - GHM Consultores Geotecnia Hidrogeolog\u00eda Medioambiente. Espa\u00f1a, Colombia, Chile y Jap\u00f3n.\",\"potentialAction\":[{\"@type\":\"SearchAction\",\"target\":{\"@type\":\"EntryPoint\",\"urlTemplate\":\"https:\\\/\\\/www.ghmconsultores.es\\\/?s={search_term_string}\"},\"query-input\":{\"@type\":\"PropertyValueSpecification\",\"valueRequired\":true,\"valueName\":\"search_term_string\"}}],\"inLanguage\":\"ja\"}]}<\/script>\n<!-- \/ Yoast SEO plugin. -->","yoast_head_json":{"title":"\u592a\u967d\u5149\u767a\u96fb\u8a2d\u5099\u306e\u5730\u8cea\u8abf\u67fb - GHM Consultores","robots":{"index":"index","follow":"follow","max-snippet":"max-snippet:-1","max-image-preview":"max-image-preview:large","max-video-preview":"max-video-preview:-1"},"canonical":"https:\/\/www.ghmconsultores.es\/ja\/\u592a\u967d\u5149\u767a\u96fb\u8a2d\u5099\u306e\u5730\u8cea\u8abf\u67fb\/","og_locale":"ja_JP","og_type":"article","og_title":"\u592a\u967d\u5149\u767a\u96fb\u8a2d\u5099\u306e\u5730\u8cea\u8abf\u67fb - GHM Consultores","og_description":"\u592a\u967d\u5149\u767a\u96fb\u6240\u958b\u767a\u306e\u305f\u3081\u306e\u5730\u76e4\u8abf\u67fb\u3067\u306f\u3001\u30d7\u30ed\u30b8\u30a7\u30af\u30c8\u306e\u3042\u3089\u3086\u308b\u6bb5\u968e\u3067\u91cd\u8981\u306a\u60c5\u5831\u3092\u53ce\u96c6\u3059\u308b\u305f\u3081\u306e\u9069\u5207\u306a\u8a55\u4fa1\u304c\u5fc5\u8981\u3067\u3059\u3002\u69d8\u3005\u306a\u571f\u5730\u306e\u7279\u6027\u3092\u8a8d\u8b58\u3057\u3001\u73fe\u5834\u8abf\u67fb\u306b\u9069\u5207\u306a\u8a66\u9a13\u304c\u5b9a\u7fa9\u3055\u308c\u307e\u3059\u3002\u76ee\u7684\u306f\u3001\u30d7\u30ed\u30b8\u30a7\u30af\u30c8\u306e\u6700\u7d42\u30b3\u30b9\u30c8\u3092\u691c\u51fa\u3057\u3001\u6700","og_url":"https:\/\/www.ghmconsultores.es\/ja\/\u592a\u967d\u5149\u767a\u96fb\u8a2d\u5099\u306e\u5730\u8cea\u8abf\u67fb\/","og_site_name":"GHM Consultores","article_modified_time":"2019-12-17T04:30:41+00:00","og_image":[{"width":1140,"height":350,"url":"https:\/\/www.ghmconsultores.es\/wp-content\/uploads\/slider_project04.png","type":"image\/png"}],"schema":{"@context":"https:\/\/schema.org","@graph":[{"@type":"WebPage","@id":"https:\/\/www.ghmconsultores.es\/ja\/%e5%a4%aa%e9%99%bd%e5%85%89%e7%99%ba%e9%9b%bb%e8%a8%ad%e5%82%99%e3%81%ae%e5%9c%b0%e8%b3%aa%e8%aa%bf%e6%9f%bb\/","url":"https:\/\/www.ghmconsultores.es\/ja\/%e5%a4%aa%e9%99%bd%e5%85%89%e7%99%ba%e9%9b%bb%e8%a8%ad%e5%82%99%e3%81%ae%e5%9c%b0%e8%b3%aa%e8%aa%bf%e6%9f%bb\/","name":"\u592a\u967d\u5149\u767a\u96fb\u8a2d\u5099\u306e\u5730\u8cea\u8abf\u67fb - GHM Consultores","isPartOf":{"@id":"https:\/\/www.ghmconsultores.es\/#website"},"primaryImageOfPage":{"@id":"https:\/\/www.ghmconsultores.es\/ja\/%e5%a4%aa%e9%99%bd%e5%85%89%e7%99%ba%e9%9b%bb%e8%a8%ad%e5%82%99%e3%81%ae%e5%9c%b0%e8%b3%aa%e8%aa%bf%e6%9f%bb\/#primaryimage"},"image":{"@id":"https:\/\/www.ghmconsultores.es\/ja\/%e5%a4%aa%e9%99%bd%e5%85%89%e7%99%ba%e9%9b%bb%e8%a8%ad%e5%82%99%e3%81%ae%e5%9c%b0%e8%b3%aa%e8%aa%bf%e6%9f%bb\/#primaryimage"},"thumbnailUrl":"https:\/\/www.ghmconsultores.es\/wp-content\/uploads\/slider_project04.png","datePublished":"2018-10-18T13:02:47+00:00","dateModified":"2019-12-17T04:30:41+00:00","breadcrumb":{"@id":"https:\/\/www.ghmconsultores.es\/ja\/%e5%a4%aa%e9%99%bd%e5%85%89%e7%99%ba%e9%9b%bb%e8%a8%ad%e5%82%99%e3%81%ae%e5%9c%b0%e8%b3%aa%e8%aa%bf%e6%9f%bb\/#breadcrumb"},"inLanguage":"ja","potentialAction":[{"@type":"ReadAction","target":["https:\/\/www.ghmconsultores.es\/ja\/%e5%a4%aa%e9%99%bd%e5%85%89%e7%99%ba%e9%9b%bb%e8%a8%ad%e5%82%99%e3%81%ae%e5%9c%b0%e8%b3%aa%e8%aa%bf%e6%9f%bb\/"]}]},{"@type":"ImageObject","inLanguage":"ja","@id":"https:\/\/www.ghmconsultores.es\/ja\/%e5%a4%aa%e9%99%bd%e5%85%89%e7%99%ba%e9%9b%bb%e8%a8%ad%e5%82%99%e3%81%ae%e5%9c%b0%e8%b3%aa%e8%aa%bf%e6%9f%bb\/#primaryimage","url":"https:\/\/www.ghmconsultores.es\/wp-content\/uploads\/slider_project04.png","contentUrl":"https:\/\/www.ghmconsultores.es\/wp-content\/uploads\/slider_project04.png","width":1140,"height":350},{"@type":"BreadcrumbList","@id":"https:\/\/www.ghmconsultores.es\/ja\/%e5%a4%aa%e9%99%bd%e5%85%89%e7%99%ba%e9%9b%bb%e8%a8%ad%e5%82%99%e3%81%ae%e5%9c%b0%e8%b3%aa%e8%aa%bf%e6%9f%bb\/#breadcrumb","itemListElement":[{"@type":"ListItem","position":1,"name":"Home","item":"https:\/\/www.ghmconsultores.es\/ja\/"},{"@type":"ListItem","position":2,"name":"\u592a\u967d\u5149\u767a\u96fb\u8a2d\u5099\u306e\u5730\u8cea\u8abf\u67fb"}]},{"@type":"WebSite","@id":"https:\/\/www.ghmconsultores.es\/#website","url":"https:\/\/www.ghmconsultores.es\/","name":"GHM Consultores","description":"Ingenier\u00eda y geolog\u00eda - GHM Consultores Geotecnia Hidrogeolog\u00eda Medioambiente. Espa\u00f1a, Colombia, Chile y Jap\u00f3n.","potentialAction":[{"@type":"SearchAction","target":{"@type":"EntryPoint","urlTemplate":"https:\/\/www.ghmconsultores.es\/?s={search_term_string}"},"query-input":{"@type":"PropertyValueSpecification","valueRequired":true,"valueName":"search_term_string"}}],"inLanguage":"ja"}]}},"_links":{"self":[{"href":"https:\/\/www.ghmconsultores.es\/ja\/wp-json\/wp\/v2\/pages\/1983","targetHints":{"allow":["GET"]}}],"collection":[{"href":"https:\/\/www.ghmconsultores.es\/ja\/wp-json\/wp\/v2\/pages"}],"about":[{"href":"https:\/\/www.ghmconsultores.es\/ja\/wp-json\/wp\/v2\/types\/page"}],"author":[{"embeddable":true,"href":"https:\/\/www.ghmconsultores.es\/ja\/wp-json\/wp\/v2\/users\/8732"}],"replies":[{"embeddable":true,"href":"https:\/\/www.ghmconsultores.es\/ja\/wp-json\/wp\/v2\/comments?post=1983"}],"version-history":[{"count":5,"href":"https:\/\/www.ghmconsultores.es\/ja\/wp-json\/wp\/v2\/pages\/1983\/revisions"}],"predecessor-version":[{"id":2560,"href":"https:\/\/www.ghmconsultores.es\/ja\/wp-json\/wp\/v2\/pages\/1983\/revisions\/2560"}],"wp:featuredmedia":[{"embeddable":true,"href":"https:\/\/www.ghmconsultores.es\/ja\/wp-json\/wp\/v2\/media\/2377"}],"wp:attachment":[{"href":"https:\/\/www.ghmconsultores.es\/ja\/wp-json\/wp\/v2\/media?parent=1983"}],"curies":[{"name":"wp","href":"https:\/\/api.w.org\/{rel}","templated":true}]}}