{"id":1797,"date":"2013-06-07T10:02:23","date_gmt":"2013-06-07T10:02:23","guid":{"rendered":"http:\/\/www.ghmconsultores.es\/quienes-somos-2\/"},"modified":"2018-09-21T09:25:17","modified_gmt":"2018-09-21T09:25:17","slug":"quienes-somos-2","status":"publish","type":"page","link":"https:\/\/www.ghmconsultores.es\/ja\/quienes-somos-2\/","title":{"rendered":"Quienes Somos"},"content":{"rendered":"<div class=\"tabbable tabs_style1 tabs-vertical\">\r\n\t\t\t\t\t\t<ul class=\"nav \" id=\"custom-tabs-16\">\n\r\n\t<li class=\"active\">\r\n\t\t<a href=\"#side-tab392\" data-toggle=\"tab\">Tab<\/a>\r\n\t<\/li>\r\n\n\r\n\t<li class=\"\">\r\n\t\t<a href=\"#side-tab737\" data-toggle=\"tab\">Tab<\/a>\r\n\t<\/li>\r\n\n\r\n\t<li class=\"\">\r\n\t\t<a href=\"#side-tab296\" data-toggle=\"tab\">Tab<\/a>\r\n\t<\/li>\r\n\n\r\n\t<li class=\"\">\r\n\t\t<a href=\"#side-tab403\" data-toggle=\"tab\">Tab<\/a>\r\n\t<\/li>\r\n\n<\/ul><div class=\"tab-content\"><div id=\"side-tab392\" class=\"tab-pane active\">\n<div class=\"title\">\n<h2>Quienes Somos<\/h2>\n<\/div>\n<p><span class=\"dropcap\">GHM Consultores<\/span><br \/>\ntrabaja en las siguientes \u00e1reas t\u00e9cnicas relacionadas con las ciencias de la Tierra, como son: la <strong>geotecnia<\/strong>, la <strong>hidrogeolog\u00eda<\/strong> y el <strong>medioambiente<\/strong>. Sus profesionales desarrollan los proyectos desde su planteamiento inicial al resultado final, pasando por su realizaci\u00f3n en planificaci\u00f3n y ejecuci\u00f3n de campa\u00f1as de campo, resoluci\u00f3n de problemas sobre el terreno, interpretaci\u00f3n de datos, redacci\u00f3n y emisi\u00f3n de resultados en la oficina t\u00e9cnica.<\/p>\n<p>El \u00e1mbito empresarial y geogr\u00e1fico de desarrollo de nuestra labor crece constantemente, teniendo una completa disponibilidad geogr\u00e1fica, tanto a nivel nacional como internacional. La satisfacci\u00f3n de nuestros clientes aumenta y se reafirma gracias a la profesionalidad en nuestro trabajo, cualidad que nos caracteriza. Nuestra premisa es involucrarnos con el cliente y sus objetivos, asumi\u00e9ndolos como propios. La empresa se ha afianzado en el mercado gracias a la profesionalidad de sus t\u00e9cnicos, la calidad de sus trabajos y la constante mejora de los protocolos de trabajo, habiendo implantado el sistema de calidad ISO 9001; para ello fomentamos el trabajo multidisciplinar y en equipo como base de nuestra pol\u00edtica de empresa.<\/p>\n<p align=\"justify\">Una de las herramientas m\u00e1s potentes de <strong>GHM Consultores <\/strong>es la realizaci\u00f3n de estudios bajo un enfoque multidisciplinar, ya que la acci\u00f3n conjunta de nuestros departamentos permite establecer mejores planteamientos y soluciones satisfactorias a todos nuestros proyectos.<\/p>\n<p align=\"justify\">El trabajo en equipo y el entendimiento entre <strong>GHM Consultores<\/strong> y sus clientes es una parte fundamental de la pol\u00edtica de trabajo de la empresa.<\/p>\n<p>&nbsp;<\/p>\n<p><!-- colaboraciones  --><\/p>\n<\/div><div id=\"side-tab737\" class=\"tab-pane \">\n<div class=\"title\">\n<h2>Colaboraciones<\/h2>\n<\/div>\n<p>GHM Consultores desarrolla numerosos proyectos de forma conjunta con la empresa <strong><a href=\"http:\/\/www.geoscan.es\/\" target=\"_blank\">Geoscan Consultor\u00eda<\/a>. <\/strong>De esta forma, se aprovecha y complementa al m\u00e1ximo la amplia experiencia t\u00e9cnica de ambas empresas para enfocar y resolver satisfactoriamente cada nuevo proyecto, as\u00ed como para aportar las soluciones m\u00e1s adecuadas y eficientes.<\/p>\n<p>La uni\u00f3n de las dos empresas permite abordar las diferentes cuestiones desde un \u00e1mbito multidisciplinar e interdepartamental, lo que favorece la comunicaci\u00f3n y la soluci\u00f3n de los diferentes retos t\u00e9cnicos.<\/p>\n<p>Con esta uni\u00f3n de empresas se pretende, entre otros objetivos, abordar e impulsar los estudios sobre:<\/p>\n[one_third last=&#8221;no&#8221;]\n<h2><strong>Captaci\u00f3n y almacenamiento de CO<\/strong><\/h2>\n<p>La idea nace con el prop\u00f3sito de combatir la acumulaci\u00f3n de gases de efecto invernadero en la atm\u00f3sfera, en consonancia con la emergente concienciaci\u00f3n, tanto a nivel personal como institucional, por el medio ambiente. Los t\u00e9cnicos de la empresa se encuentran en equipos de trabajo multidisciplinares y en colaboraci\u00f3n con organismos oficiales, siendo la captaci\u00f3n de CO2\u00a0una apuesta de futuro en su \u00e1mbito de actuaci\u00f3n.<\/p>\n[\/one_third]\n[one_third last=&#8221;no&#8221;]\n<h2><strong>Miner\u00eda<\/strong><\/h2>\n<p>Desde las \u00e1reas de trabajo de nuestros departamentos, estamos en posici\u00f3n\u00a0 de ofrecer soluciones integrales a los diferentes proyectos mineros, las cuales van desde el estudio de estabilidad de taludes en cortas mineras, a la elaboraci\u00f3n de proyectos de restauraci\u00f3n de concesiones mineras, pasando por los recursos h\u00eddricos disponibles, etc.<\/p>\n[\/one_third]\n[one_third last=&#8221;yes&#8221;]\n<h2><strong>Asistencia t\u00e9cnica y direcci\u00f3n de obra<\/strong><\/h2>\n<p>La acci\u00f3n conjunta de ambas empresas ofrece la solidez necesaria para afrontar asistencias t\u00e9cnicas y direcciones de obra en proyectos de edificaci\u00f3n y obra civil.<\/p>\n[\/one_third]\n<p>&nbsp;<\/p>\n<\/div><div id=\"side-tab296\" class=\"tab-pane \">\n<div class=\"title\">\n<h2>Objetivo<\/h2>\n<\/div>\n<p>\nEl objetivo de <strong>GHM Consultores<\/strong> es aprovechar la experiencia acumulada para enfocar y resolver cada nuevo proyecto; aplicar los &uacute;ltimos avances tecnol&oacute;gicos; aportar soluciones novedosas m&aacute;s adecuadas y eficientes; siempre con la eficacia y econom&iacute;a requerida para las empresas. &#13;\n<\/p>\n<p align=\"justify\">La calidad y los plazos de entrega de los trabajos son una parte esencial para el desarrollo de nuestra actividad empresarial. <\/p>\n<p>\nLe invitamos a que nos conozca mejor durante esta visita, esperando que este recorrido por nuestra web le permita saber algo m&aacute;s sobre nuestra empresa y que pronto entablemos una colaboraci&oacute;n provechosa para todos.&#13;\n<\/p>\n<p> Un saludo, <\/p>\n<p>                                                  <strong>Guillermo Gal&aacute;n <\/strong><br \/>\n                                                  <em>Gerente<\/em> <\/p>\n<p>&nbsp;<\/p>\n<\/div><div id=\"side-tab403\" class=\"tab-pane \">\n<div class=\"title\">\n<h2>Herramientas<\/h2>\n<\/div>\n<p>Para el correcto desarrollo de los proyectos realizados por <strong>GHM Consultores<\/strong>, se combina la utilizaci\u00f3n de diferentes herramientas, proponiendo al cliente la metodolog\u00eda m\u00e1s apropiada para la consecuci\u00f3n de los objetivos que se persiguen. La experiencia acumulada en el uso de estas t\u00e9cnicas, permite la optimizaci\u00f3n del proyecto, tanto a nivel econ\u00f3mico como en la obtenci\u00f3n de resultados.<\/p>\n<p>A continuaci\u00f3n se comentan algunas de las herramientas m\u00e1s utilizadas por <strong>GHM Consultores<\/strong> en el desarrollo de los diferentes proyectos:<\/p>\n<ul>\n<li><strong>Cartograf\u00eda geol\u00f3gica, geot\u00e9cnica e hidrogeol\u00f3gica<\/strong><\/li>\n<\/ul>\n<p>Realizaci\u00f3n y delineaci\u00f3n de cartograf\u00eda tem\u00e1tica regional y de detalle (riesgos geol\u00f3gico- geot\u00e9cnico, inundaciones, deslizamientos, mapa de isopiezas, isocontenidos, zonas de recarga, riesgos de inundaci\u00f3n, etc.), con descripci\u00f3n de relaciones estructurales y litoestratigr\u00e1ficas, as\u00ed como realizaci\u00f3n de cortes geot\u00e9cnicos e hidrogeol\u00f3gicos.<\/p>\n<ul>\n<li><strong>Inventario de taludes y estaciones geomec\u00e1nicas<\/strong><\/li>\n<\/ul>\n<p>Evaluaci\u00f3n y obtenci\u00f3n de par\u00e1metros en campo para el an\u00e1lisis de estabilidad de taludes y caracterizaci\u00f3n del macizo rocoso (obtenci\u00f3n de RMR, Q de Barton, GSI, etc.).<\/p>\n<ul>\n<li><strong>An\u00e1lisis estructural mediante m\u00e9todos num\u00e9ricos<\/strong><\/li>\n<\/ul>\n<p>Modelizaci\u00f3n de la interacci\u00f3n terreno-estructura; An\u00e1lisis de medidas correctoras para taludes y laderas; An\u00e1lisis mediante elementos finitos de cimentaciones especiales;<br \/>\n<img loading=\"lazy\" decoding=\"async\" class=\"alignright size-full wp-image-385\" style=\"margin: 5px; text-align: right;\" title=\"herramientas1\" src=\"http:\/\/www.ghmconsultores.es\/wp-content\/uploads\/herramientas1.jpg\" alt=\"\" width=\"294\" height=\"210\" \/><br \/>\n<img loading=\"lazy\" decoding=\"async\" class=\"size-full wp-image-384 alignright\" style=\"margin: 5px; text-align: right;\" title=\"herramientas\" src=\"http:\/\/www.ghmconsultores.es\/wp-content\/uploads\/herramientas.jpg\" alt=\"\" width=\"294\" height=\"191\" \/>Estudios de riesgos geol\u00f3gicos; Simulaci\u00f3n de procesos de subsidencia y colapso de dolinas aluviales; An\u00e1lisis de sensibilidad de par\u00e1metros geot\u00e9cnicos y de las condiciones de contorno.<\/p>\n<p>Realizaci\u00f3n de c\u00e1lculos inform\u00e1ticos para estudio de inestabilidades, con soportes tales como WINSTABLE SLOPE, DIPS, SWEDGE, STEREOWIN, DAMBRK etc.<\/p>\n<ul>\n<li><strong>Herramientas inform\u00e1ticas y Software espec\u00edfico enfocado a hidrogeolog\u00eda<\/strong>Interpretaci\u00f3n a partir de herramientas, tales como AutoCad, Surfer, Arcgis, para la realizaci\u00f3n de cartograf\u00eda, programas espec\u00edficos de interpretaci\u00f3n como AQUIFER TEST, AQUACHEM, VISUAL BALANCE, y programas de modelizaci\u00f3n matem\u00e1tica como el PROCESSING MODFLOW.En colaboraci\u00f3n con partners y socios locales, utilizamos para el desarrollo de los estudios las siguientes herramientas, facilitando los servicios de cada uno de ellas.<\/li>\n<li><strong>Calicatas mec\u00e1nicas<\/strong>Supervisi\u00f3n, evaluaci\u00f3n y testificaci\u00f3n de calicatas mec\u00e1nicas para la obtenci\u00f3n de muestras inalteradas (en bloque) y alteradas, ensayos in situ (Vane test y penetr\u00f3metro de bolsillo), que constituyen un apoyo a la cartograf\u00eda de detalle y muestreo de la zona.<\/li>\n<li><strong>Sondeos geot\u00e9cnicos, hidrogeol\u00f3gicos y piez\u00f3metros<\/strong><\/li>\n<\/ul>\n<p>Realizaci\u00f3n, supervisi\u00f3n y testificaci\u00f3n de sondeos mec\u00e1nicos a rotaci\u00f3n con extracci\u00f3n de testigo continuo (Acreditaci\u00f3n GTC), con ejecuci\u00f3n del ensayo SPT, toma de muestra inalterada, toma de testigo<\/p>\n<p><strong><br \/>\nAuscultaci\u00f3n<\/strong>s parafinados, uso de tomamuestras Shelby, realizaci\u00f3n de ensayos presiom\u00e9tricos, ensayos de permeabilidad Lefranc, Lugeon e instalaci\u00f3n de piez\u00f3metros (dise\u00f1os a medida para explotaciones energ\u00e9ticas, mineras, urbanas, industriales, agr\u00edcolas y ganaderas). En aspectos de hidrogeolog\u00eda, dise\u00f1o constructivo y ejecuci\u00f3n material de la obra (perforaci\u00f3n, equipamiento, y desarrollo). Control y seguimiento de la explotaci\u00f3n.<\/p>\n<p>Desarrollo e implantaci\u00f3n de sistemas de auscultaci\u00f3n en infraestructuras (t\u00faneles, taludes), obras hidr\u00e1ulicas (presas y embalses).<\/p>\n<ul>\n<li><strong>Ensayos de penetraci\u00f3n din\u00e1mica<\/strong><\/li>\n<\/ul>\n<p>Ensayos de testificaci\u00f3n sobre muestraEjecuci\u00f3n de ensayos in-situ (Vane-test, Penetr\u00f3metro de bolsillo, Martillo de Schmidt, etc.) sobre muestras obtenidas en sondeos, calicatas o sobre el terreno in situ.<\/p>\n<ul>\n<li><strong>Prospecci\u00f3n geof\u00edsica<\/strong><\/li>\n<\/ul>\n<p>Realizaci\u00f3n y asesoramiento sobre los estudios necesarios para la caracterizaci\u00f3n geof\u00edsica de la zona de estudio para fines geot\u00e9cnicos e hidrogeol\u00f3gicos: Geof\u00edsica el\u00e9ctrica (Calicata y Tomograf\u00eda El\u00e9ctrica; S.E.V), Magnetometr\u00eda, Electromagn\u00e9tica (SEDT) S\u00edsmica (Georradar somero y profundo, Reflexi\u00f3n, Refracci\u00f3n y S\u00edsmica Pasiva), Radiactiva (p. ej., ensayos Gamma para determinar la ubicaci\u00f3n de tramos filtrantes), Microgravimetr\u00eda, etc.<\/p>\n<ul>\n<li><strong>Ensayos hidr\u00e1ulicos<\/strong><\/li>\n<\/ul>\n<p>Dise\u00f1o, realizaci\u00f3n, control e interpretaci\u00f3n de los resultados de aforos, ensayos de bombeo y recuperaci\u00f3n y ensayos de trazadores.<\/p>\n<ul>\n<li><strong>Ensayos de laboratorio para agua, suelos y vertidos<\/strong><\/li>\n<\/ul>\n<p>Realizaci\u00f3n de ensayos en muestras de suelo, seg\u00fan la normativa vigente, enfocados a geotecnia, hidrogeolog\u00eda y medioambiente: Granulometr\u00eda, L\u00edmites de Atterberg, Densidad, Humedad, Corte directo, Compresi\u00f3n Simple, Triaxial, Lambe, Ed\u00f3metro, C.B.R., Proctor, Desgaste de Los \u00c1ngeles, Sulfatos, Baumman-Gully, Pin-Hole, Materia org\u00e1nica, etc.Algunos de los ensayos realizados en muestras de agua son: An\u00e1lisis de la calidad qu\u00edmica y biol\u00f3gica del agua, pH, iones, hidrocarburos, metales pesados, etc.<\/p>\n<p>Las metodolog\u00edas de cada ensayo y herramienta se emplean con arreglo a las Normas y est\u00e1ndares que rigen en la actualidad y se llevan a cabo en Laboratorios acreditados a tal efecto (Acreditaci\u00f3n GTL).<\/p>\n<ul>\n<li><strong>Realizaci\u00f3n y evaluaci\u00f3n de inventarios de canteras, graveras, \u00e1ridos, pr\u00e9stamos y vertederos<\/strong><\/li>\n<\/ul>\n<p>Estudios regionales para la realizaci\u00f3n de estudios de control de aprovechamiento de materiales y pr\u00e9stamos.<\/p>\n<ul>\n<li><strong>Auscultaci\u00f3n y mantenimiento de pozos<\/strong><\/li>\n<\/ul>\n<p>Investigaci\u00f3n del estado de sondeos y pozos existentes para su rehabilitaci\u00f3n mediante el registro \u00f3ptico de perforaciones y realizaci\u00f3n de acidificaciones y desarrollos.<\/p>\n<ul>\n<li><strong>Inventarios de puntos de agua y cursos fluviales<\/strong><\/li>\n<\/ul>\n<p>Realizaci\u00f3n de campa\u00f1as piezom\u00e9tricas y foron\u00f3micas en r\u00edos, con campa\u00f1as de muestreo de agua y suelo.<\/p>\n<ul>\n<li><strong>Dise\u00f1o de redes de control de calidad de aguas subterr\u00e1neas<\/strong><\/li>\n<\/ul>\n<p>Realizamos el dise\u00f1o de construcci\u00f3n y aprovechamiento de redes de control de calidad, con instalaci\u00f3n de la instrumentaci\u00f3n y su seguimiento.<\/p>\n<\/div><\/div><\/div>\n","protected":false},"excerpt":{"rendered":"","protected":false},"author":8732,"featured_media":0,"parent":0,"menu_order":0,"comment_status":"open","ping_status":"open","template":"","meta":{"_monsterinsights_skip_tracking":false,"_monsterinsights_sitenote_active":false,"_monsterinsights_sitenote_note":"","_monsterinsights_sitenote_category":0,"footnotes":""},"class_list":["post-1797","page","type-page","status-publish","hentry"],"yoast_head":"<!-- This site is optimized with the Yoast SEO plugin v27.4 - https:\/\/yoast.com\/product\/yoast-seo-wordpress\/ -->\n<title>Quienes Somos - GHM Consultores<\/title>\n<meta name=\"robots\" content=\"index, follow, max-snippet:-1, max-image-preview:large, max-video-preview:-1\" \/>\n<link rel=\"canonical\" href=\"https:\/\/www.ghmconsultores.es\/ja\/quienes-somos-2\/\" \/>\n<meta property=\"og:locale\" content=\"ja_JP\" \/>\n<meta property=\"og:type\" content=\"article\" \/>\n<meta property=\"og:title\" content=\"Quienes Somos - GHM Consultores\" \/>\n<meta property=\"og:url\" content=\"https:\/\/www.ghmconsultores.es\/ja\/quienes-somos-2\/\" \/>\n<meta property=\"og:site_name\" content=\"GHM Consultores\" \/>\n<meta property=\"article:modified_time\" content=\"2018-09-21T09:25:17+00:00\" \/>\n<meta property=\"og:image\" content=\"http:\/\/www.ghmconsultores.es\/wp-content\/uploads\/herramientas1.jpg\" \/>\n<meta name=\"twitter:label1\" content=\"\u63a8\u5b9a\u8aad\u307f\u53d6\u308a\u6642\u9593\" \/>\n\t<meta name=\"twitter:data1\" content=\"8\u5206\" \/>\n<script type=\"application\/ld+json\" class=\"yoast-schema-graph\">{\"@context\":\"https:\\\/\\\/schema.org\",\"@graph\":[{\"@type\":\"WebPage\",\"@id\":\"https:\\\/\\\/www.ghmconsultores.es\\\/ja\\\/quienes-somos-2\\\/\",\"url\":\"https:\\\/\\\/www.ghmconsultores.es\\\/ja\\\/quienes-somos-2\\\/\",\"name\":\"Quienes Somos - GHM Consultores\",\"isPartOf\":{\"@id\":\"https:\\\/\\\/www.ghmconsultores.es\\\/#website\"},\"primaryImageOfPage\":{\"@id\":\"https:\\\/\\\/www.ghmconsultores.es\\\/ja\\\/quienes-somos-2\\\/#primaryimage\"},\"image\":{\"@id\":\"https:\\\/\\\/www.ghmconsultores.es\\\/ja\\\/quienes-somos-2\\\/#primaryimage\"},\"thumbnailUrl\":\"http:\\\/\\\/www.ghmconsultores.es\\\/wp-content\\\/uploads\\\/herramientas1.jpg\",\"datePublished\":\"2013-06-07T10:02:23+00:00\",\"dateModified\":\"2018-09-21T09:25:17+00:00\",\"breadcrumb\":{\"@id\":\"https:\\\/\\\/www.ghmconsultores.es\\\/ja\\\/quienes-somos-2\\\/#breadcrumb\"},\"inLanguage\":\"ja\",\"potentialAction\":[{\"@type\":\"ReadAction\",\"target\":[\"https:\\\/\\\/www.ghmconsultores.es\\\/ja\\\/quienes-somos-2\\\/\"]}]},{\"@type\":\"ImageObject\",\"inLanguage\":\"ja\",\"@id\":\"https:\\\/\\\/www.ghmconsultores.es\\\/ja\\\/quienes-somos-2\\\/#primaryimage\",\"url\":\"http:\\\/\\\/www.ghmconsultores.es\\\/wp-content\\\/uploads\\\/herramientas1.jpg\",\"contentUrl\":\"http:\\\/\\\/www.ghmconsultores.es\\\/wp-content\\\/uploads\\\/herramientas1.jpg\"},{\"@type\":\"BreadcrumbList\",\"@id\":\"https:\\\/\\\/www.ghmconsultores.es\\\/ja\\\/quienes-somos-2\\\/#breadcrumb\",\"itemListElement\":[{\"@type\":\"ListItem\",\"position\":1,\"name\":\"Home\",\"item\":\"https:\\\/\\\/www.ghmconsultores.es\\\/ja\\\/\"},{\"@type\":\"ListItem\",\"position\":2,\"name\":\"Quienes Somos\"}]},{\"@type\":\"WebSite\",\"@id\":\"https:\\\/\\\/www.ghmconsultores.es\\\/#website\",\"url\":\"https:\\\/\\\/www.ghmconsultores.es\\\/\",\"name\":\"GHM Consultores\",\"description\":\"Ingenier\u00eda y geolog\u00eda - GHM Consultores Geotecnia Hidrogeolog\u00eda Medioambiente. Espa\u00f1a, Colombia, Chile y Jap\u00f3n.\",\"potentialAction\":[{\"@type\":\"SearchAction\",\"target\":{\"@type\":\"EntryPoint\",\"urlTemplate\":\"https:\\\/\\\/www.ghmconsultores.es\\\/?s={search_term_string}\"},\"query-input\":{\"@type\":\"PropertyValueSpecification\",\"valueRequired\":true,\"valueName\":\"search_term_string\"}}],\"inLanguage\":\"ja\"}]}<\/script>\n<!-- \/ Yoast SEO plugin. -->","yoast_head_json":{"title":"Quienes Somos - GHM Consultores","robots":{"index":"index","follow":"follow","max-snippet":"max-snippet:-1","max-image-preview":"max-image-preview:large","max-video-preview":"max-video-preview:-1"},"canonical":"https:\/\/www.ghmconsultores.es\/ja\/quienes-somos-2\/","og_locale":"ja_JP","og_type":"article","og_title":"Quienes Somos - GHM Consultores","og_url":"https:\/\/www.ghmconsultores.es\/ja\/quienes-somos-2\/","og_site_name":"GHM Consultores","article_modified_time":"2018-09-21T09:25:17+00:00","og_image":[{"url":"http:\/\/www.ghmconsultores.es\/wp-content\/uploads\/herramientas1.jpg","type":"","width":"","height":""}],"twitter_misc":{"\u63a8\u5b9a\u8aad\u307f\u53d6\u308a\u6642\u9593":"8\u5206"},"schema":{"@context":"https:\/\/schema.org","@graph":[{"@type":"WebPage","@id":"https:\/\/www.ghmconsultores.es\/ja\/quienes-somos-2\/","url":"https:\/\/www.ghmconsultores.es\/ja\/quienes-somos-2\/","name":"Quienes Somos - GHM Consultores","isPartOf":{"@id":"https:\/\/www.ghmconsultores.es\/#website"},"primaryImageOfPage":{"@id":"https:\/\/www.ghmconsultores.es\/ja\/quienes-somos-2\/#primaryimage"},"image":{"@id":"https:\/\/www.ghmconsultores.es\/ja\/quienes-somos-2\/#primaryimage"},"thumbnailUrl":"http:\/\/www.ghmconsultores.es\/wp-content\/uploads\/herramientas1.jpg","datePublished":"2013-06-07T10:02:23+00:00","dateModified":"2018-09-21T09:25:17+00:00","breadcrumb":{"@id":"https:\/\/www.ghmconsultores.es\/ja\/quienes-somos-2\/#breadcrumb"},"inLanguage":"ja","potentialAction":[{"@type":"ReadAction","target":["https:\/\/www.ghmconsultores.es\/ja\/quienes-somos-2\/"]}]},{"@type":"ImageObject","inLanguage":"ja","@id":"https:\/\/www.ghmconsultores.es\/ja\/quienes-somos-2\/#primaryimage","url":"http:\/\/www.ghmconsultores.es\/wp-content\/uploads\/herramientas1.jpg","contentUrl":"http:\/\/www.ghmconsultores.es\/wp-content\/uploads\/herramientas1.jpg"},{"@type":"BreadcrumbList","@id":"https:\/\/www.ghmconsultores.es\/ja\/quienes-somos-2\/#breadcrumb","itemListElement":[{"@type":"ListItem","position":1,"name":"Home","item":"https:\/\/www.ghmconsultores.es\/ja\/"},{"@type":"ListItem","position":2,"name":"Quienes Somos"}]},{"@type":"WebSite","@id":"https:\/\/www.ghmconsultores.es\/#website","url":"https:\/\/www.ghmconsultores.es\/","name":"GHM Consultores","description":"Ingenier\u00eda y geolog\u00eda - GHM Consultores Geotecnia Hidrogeolog\u00eda Medioambiente. Espa\u00f1a, Colombia, Chile y Jap\u00f3n.","potentialAction":[{"@type":"SearchAction","target":{"@type":"EntryPoint","urlTemplate":"https:\/\/www.ghmconsultores.es\/?s={search_term_string}"},"query-input":{"@type":"PropertyValueSpecification","valueRequired":true,"valueName":"search_term_string"}}],"inLanguage":"ja"}]}},"_links":{"self":[{"href":"https:\/\/www.ghmconsultores.es\/ja\/wp-json\/wp\/v2\/pages\/1797","targetHints":{"allow":["GET"]}}],"collection":[{"href":"https:\/\/www.ghmconsultores.es\/ja\/wp-json\/wp\/v2\/pages"}],"about":[{"href":"https:\/\/www.ghmconsultores.es\/ja\/wp-json\/wp\/v2\/types\/page"}],"author":[{"embeddable":true,"href":"https:\/\/www.ghmconsultores.es\/ja\/wp-json\/wp\/v2\/users\/8732"}],"replies":[{"embeddable":true,"href":"https:\/\/www.ghmconsultores.es\/ja\/wp-json\/wp\/v2\/comments?post=1797"}],"version-history":[{"count":1,"href":"https:\/\/www.ghmconsultores.es\/ja\/wp-json\/wp\/v2\/pages\/1797\/revisions"}],"predecessor-version":[{"id":1897,"href":"https:\/\/www.ghmconsultores.es\/ja\/wp-json\/wp\/v2\/pages\/1797\/revisions\/1897"}],"wp:attachment":[{"href":"https:\/\/www.ghmconsultores.es\/ja\/wp-json\/wp\/v2\/media?parent=1797"}],"curies":[{"name":"wp","href":"https:\/\/api.w.org\/{rel}","templated":true}]}}