{"id":86,"date":"2012-11-15T09:35:48","date_gmt":"2012-11-15T09:35:48","guid":{"rendered":"http:\/\/www.ghmconsultores.es\/?page_id=86"},"modified":"2015-03-13T04:38:33","modified_gmt":"2015-03-13T04:38:33","slug":"herramientas","status":"publish","type":"page","link":"https:\/\/www.ghmconsultores.es\/es\/herramientas\/","title":{"rendered":"Geotecnia Herramientas"},"content":{"rendered":"<p>Para la realizaci\u00f3n de estudios geot\u00e9cnicos, <strong>GHM Consultores<\/strong> aplica su experiencia en la aplicaci\u00f3n de las siguientes herramientas y tecnolog\u00edas:<\/p>\n[toggle title=\u00bb Cartograf\u00eda geol\u00f3gica y geot\u00e9cnica \u00ab]\n[checklist]\n<ul>\n<ul style=\"margin-top: 30px; margin-bottom: 30px; list-style: none;\">\n<li>Cartograf\u00eda tem\u00e1tica. (Riesgo geol\u00f3gico- geot\u00e9cnico, inundaci\u00f3n, deslizamientos).<\/li>\n<li>Delineaci\u00f3n.<\/li>\n<\/ul>\n[\/checklist]\n[\/toggle]\n[toggle title=\u00bb Inventario de taludes, estaciones geomec\u00e1nicas y an\u00e1lisis estructural mediante m\u00e9todos num\u00e9ricos.\u00bb]\n[checklist]\n<ul>\n<ul style=\"margin-top: 30px; margin-bottom: 30px; list-style: none;\">\n<li>Obtenci\u00f3n de muestras inalteradas (en bloque) y alteradas.<\/li>\n<li>Estudios de inestabilidades por medio de soportes inform\u00e1ticos (WINSTABLE, SLOPE, DIPS, SWEDGE, STEREOWIN, etc.).<\/li>\n<\/ul>\n[\/checklist]\n[\/toggle]\n[toggle title=\u00bb Geof\u00edsica \u00ab]\n[checklist]\n<ul>\n<ul style=\"margin-top: 30px; margin-bottom: 30px; list-style: none;\">\n<li>Asesoramiento y realizaci\u00f3n de ensayos de caracterizaci\u00f3n geof\u00edsica del terreno.<\/li>\n<li>Tomograf\u00eda El\u00e9ctrica, Geo-radar, S\u00edsmica (reflexi\u00f3n, refracci\u00f3n y pasiva), S.E.V., etc.<\/li>\n<\/ul>\n[\/checklist]\n[\/toggle]\n[toggle title=\u00bbEstudios Ensayos de laboratorio de geotecnia y materiales \u00ab]\n[checklist]\n<ul>\n<ul style=\"margin-top: 30px; margin-bottom: 30px; list-style: none;\">\n<li>Granulometr\u00eda, L\u00edmites de Atterberg, Densidad, Humedad, Corte directo, Compresi\u00f3n Simple, Triaxial, Lambe, Ed\u00f3metro, C.B.R. Proctor, Desgaste Los \u00c1ngeles, balasto, Sulfatos, Baumman-Gully, Pin-Hole, Materia org\u00e1nica, pH de Agua, etc.<\/li>\n<\/ul>\n[\/checklist]\n[\/toggle]\n[toggle title=\u00bb Inventarios de canteras, graveras, \u00e1ridos, pr\u00e9stamos y vertederos \u00ab]\n[checklist]\n<ul>\n<ul style=\"margin-top: 30px; margin-bottom: 30px; list-style: none;\">\n<li>Estudios regionales para estudios de aprovechamiento de materiales y pr\u00e9stamos.<\/li>\n<\/ul>\n[\/checklist]\n[\/toggle]\n[toggle title=\u00bb Calicatas mec\u00e1nicas \u00ab]\n[checklist]\n<ul>\n<ul style=\"margin-top: 30px; margin-bottom: 30px; list-style: none;\">\n<li>Obtenci\u00f3n de muestras inalteradas (en bloque) y alteradas.<\/li>\n<\/ul>\n[\/checklist]\n[\/toggle]\n[toggle title=\u00bb Sondeos geot\u00e9cnicos\u00bb]\n[checklist]\n<ul>\n<ul style=\"margin-top: 30px; margin-bottom: 30px; list-style: none;\">\n<li>Ensayo SPT, toma de Muestra Inalterada, tomamuestras Shelby, ensayos presiom\u00e9tricos, ensayos de permeabilidad Lefranc y Lugeon, Vane-test e instalaci\u00f3n y seguimiento de piez\u00f3metros.<\/li>\n<\/ul>\n[\/checklist]\n[\/toggle]\n[toggle title=\u00bb Ensayos de penetraci\u00f3n din\u00e1mica \u00ab]\n[checklist]\n<ul>\n<ul style=\"margin-top: 30px; margin-bottom: 30px; list-style: none;\">\n<li>DPSH (Superpesado) y Borros.<\/li>\n<\/ul>\n[\/checklist]\n[\/toggle]\n[toggle title=\u00bb Ensayos in situ \u00ab]\n[checklist]\n<ul>\n<ul style=\"margin-top: 30px; margin-bottom: 30px; list-style: none;\">\n<li>Vane-test y penetr\u00f3metro de bolsillo.<\/li>\n<li>Escler\u00f3metro (martillo Schmidt).<\/li>\n<\/ul>\n[\/checklist]\n[\/toggle]\n<p>&nbsp;<\/p>\n[tagline_box title=\u00bbLas metodolog\u00edas de cada ensayo y herramienta se emplean con arreglo a las Normas y est\u00e1ndares que rigen en la actualidad, y se llevan a cabo en Laboratorios acreditados a tal efecto (Acreditaciones GTL y GTC).\u00bb ][\/tagline_box]\n","protected":false},"excerpt":{"rendered":"<p>Para la realizaci\u00f3n de estudios geot\u00e9cnicos, GHM Consultores aplica su experiencia en la aplicaci\u00f3n de las siguientes herramientas y tecnolog\u00edas: [toggle title=\u00bb Cartograf\u00eda geol\u00f3gica y geot\u00e9cnica \u00ab] [checklist] Cartograf\u00eda tem\u00e1tica. (Riesgo geol\u00f3gico- geot\u00e9cnico, inundaci\u00f3n, deslizamientos). Delineaci\u00f3n. [\/checklist] [\/toggle] [toggle title=\u00bb Inventario de taludes, estaciones geomec\u00e1nicas y an\u00e1lisis estructural mediante m\u00e9todos num\u00e9ricos.\u00bb] [checklist] Obtenci\u00f3n de muestras<\/p>\n","protected":false},"author":8732,"featured_media":0,"parent":0,"menu_order":0,"comment_status":"open","ping_status":"open","template":"","meta":{"_monsterinsights_skip_tracking":false,"_monsterinsights_sitenote_active":false,"_monsterinsights_sitenote_note":"","_monsterinsights_sitenote_category":0,"footnotes":""},"class_list":["post-86","page","type-page","status-publish","hentry"],"yoast_head":"<!-- This site is optimized with the Yoast SEO plugin v27.5 - https:\/\/yoast.com\/product\/yoast-seo-wordpress\/ -->\n<title>Geotecnia Herramientas - GHM Consultores<\/title>\n<meta name=\"robots\" content=\"index, follow, max-snippet:-1, max-image-preview:large, max-video-preview:-1\" \/>\n<link rel=\"canonical\" href=\"https:\/\/www.ghmconsultores.es\/es\/herramientas\/\" \/>\n<meta property=\"og:locale\" content=\"es_ES\" \/>\n<meta property=\"og:type\" content=\"article\" \/>\n<meta property=\"og:title\" content=\"Geotecnia Herramientas - GHM Consultores\" \/>\n<meta property=\"og:description\" content=\"Para la realizaci\u00f3n de estudios geot\u00e9cnicos, GHM Consultores aplica su experiencia en la aplicaci\u00f3n de las siguientes herramientas y tecnolog\u00edas: [toggle title=\u00bb Cartograf\u00eda geol\u00f3gica y geot\u00e9cnica \u00ab] [checklist] Cartograf\u00eda tem\u00e1tica. (Riesgo geol\u00f3gico- geot\u00e9cnico, inundaci\u00f3n, deslizamientos). Delineaci\u00f3n. [\/checklist] [\/toggle] [toggle title=\u00bb Inventario de taludes, estaciones geomec\u00e1nicas y an\u00e1lisis estructural mediante m\u00e9todos num\u00e9ricos.\u00bb] [checklist] Obtenci\u00f3n de muestras\" \/>\n<meta property=\"og:url\" content=\"https:\/\/www.ghmconsultores.es\/es\/herramientas\/\" \/>\n<meta property=\"og:site_name\" content=\"GHM Consultores\" \/>\n<meta property=\"article:modified_time\" content=\"2015-03-13T04:38:33+00:00\" \/>\n<meta name=\"twitter:label1\" content=\"Tiempo de lectura\" \/>\n\t<meta name=\"twitter:data1\" content=\"2 minutos\" \/>\n<script type=\"application\/ld+json\" class=\"yoast-schema-graph\">{\"@context\":\"https:\\\/\\\/schema.org\",\"@graph\":[{\"@type\":\"WebPage\",\"@id\":\"https:\\\/\\\/www.ghmconsultores.es\\\/es\\\/herramientas\\\/\",\"url\":\"https:\\\/\\\/www.ghmconsultores.es\\\/es\\\/herramientas\\\/\",\"name\":\"Geotecnia Herramientas - GHM Consultores\",\"isPartOf\":{\"@id\":\"https:\\\/\\\/www.ghmconsultores.es\\\/#website\"},\"datePublished\":\"2012-11-15T09:35:48+00:00\",\"dateModified\":\"2015-03-13T04:38:33+00:00\",\"breadcrumb\":{\"@id\":\"https:\\\/\\\/www.ghmconsultores.es\\\/es\\\/herramientas\\\/#breadcrumb\"},\"inLanguage\":\"es\",\"potentialAction\":[{\"@type\":\"ReadAction\",\"target\":[\"https:\\\/\\\/www.ghmconsultores.es\\\/es\\\/herramientas\\\/\"]}]},{\"@type\":\"BreadcrumbList\",\"@id\":\"https:\\\/\\\/www.ghmconsultores.es\\\/es\\\/herramientas\\\/#breadcrumb\",\"itemListElement\":[{\"@type\":\"ListItem\",\"position\":1,\"name\":\"Home\",\"item\":\"https:\\\/\\\/www.ghmconsultores.es\\\/es\\\/\"},{\"@type\":\"ListItem\",\"position\":2,\"name\":\"Geotecnia Herramientas\"}]},{\"@type\":\"WebSite\",\"@id\":\"https:\\\/\\\/www.ghmconsultores.es\\\/#website\",\"url\":\"https:\\\/\\\/www.ghmconsultores.es\\\/\",\"name\":\"GHM Consultores\",\"description\":\"Ingenier\u00eda y geolog\u00eda - GHM Consultores Geotecnia Hidrogeolog\u00eda Medioambiente. Espa\u00f1a, Colombia, Chile y Jap\u00f3n.\",\"potentialAction\":[{\"@type\":\"SearchAction\",\"target\":{\"@type\":\"EntryPoint\",\"urlTemplate\":\"https:\\\/\\\/www.ghmconsultores.es\\\/?s={search_term_string}\"},\"query-input\":{\"@type\":\"PropertyValueSpecification\",\"valueRequired\":true,\"valueName\":\"search_term_string\"}}],\"inLanguage\":\"es\"}]}<\/script>\n<!-- \/ Yoast SEO plugin. -->","yoast_head_json":{"title":"Geotecnia Herramientas - GHM Consultores","robots":{"index":"index","follow":"follow","max-snippet":"max-snippet:-1","max-image-preview":"max-image-preview:large","max-video-preview":"max-video-preview:-1"},"canonical":"https:\/\/www.ghmconsultores.es\/es\/herramientas\/","og_locale":"es_ES","og_type":"article","og_title":"Geotecnia Herramientas - GHM Consultores","og_description":"Para la realizaci\u00f3n de estudios geot\u00e9cnicos, GHM Consultores aplica su experiencia en la aplicaci\u00f3n de las siguientes herramientas y tecnolog\u00edas: [toggle title=\u00bb Cartograf\u00eda geol\u00f3gica y geot\u00e9cnica \u00ab] [checklist] Cartograf\u00eda tem\u00e1tica. (Riesgo geol\u00f3gico- geot\u00e9cnico, inundaci\u00f3n, deslizamientos). Delineaci\u00f3n. [\/checklist] [\/toggle] [toggle title=\u00bb Inventario de taludes, estaciones geomec\u00e1nicas y an\u00e1lisis estructural mediante m\u00e9todos num\u00e9ricos.\u00bb] [checklist] Obtenci\u00f3n de muestras","og_url":"https:\/\/www.ghmconsultores.es\/es\/herramientas\/","og_site_name":"GHM Consultores","article_modified_time":"2015-03-13T04:38:33+00:00","twitter_misc":{"Tiempo de lectura":"2 minutos"},"schema":{"@context":"https:\/\/schema.org","@graph":[{"@type":"WebPage","@id":"https:\/\/www.ghmconsultores.es\/es\/herramientas\/","url":"https:\/\/www.ghmconsultores.es\/es\/herramientas\/","name":"Geotecnia Herramientas - GHM Consultores","isPartOf":{"@id":"https:\/\/www.ghmconsultores.es\/#website"},"datePublished":"2012-11-15T09:35:48+00:00","dateModified":"2015-03-13T04:38:33+00:00","breadcrumb":{"@id":"https:\/\/www.ghmconsultores.es\/es\/herramientas\/#breadcrumb"},"inLanguage":"es","potentialAction":[{"@type":"ReadAction","target":["https:\/\/www.ghmconsultores.es\/es\/herramientas\/"]}]},{"@type":"BreadcrumbList","@id":"https:\/\/www.ghmconsultores.es\/es\/herramientas\/#breadcrumb","itemListElement":[{"@type":"ListItem","position":1,"name":"Home","item":"https:\/\/www.ghmconsultores.es\/es\/"},{"@type":"ListItem","position":2,"name":"Geotecnia Herramientas"}]},{"@type":"WebSite","@id":"https:\/\/www.ghmconsultores.es\/#website","url":"https:\/\/www.ghmconsultores.es\/","name":"GHM Consultores","description":"Ingenier\u00eda y geolog\u00eda - GHM Consultores Geotecnia Hidrogeolog\u00eda Medioambiente. Espa\u00f1a, Colombia, Chile y Jap\u00f3n.","potentialAction":[{"@type":"SearchAction","target":{"@type":"EntryPoint","urlTemplate":"https:\/\/www.ghmconsultores.es\/?s={search_term_string}"},"query-input":{"@type":"PropertyValueSpecification","valueRequired":true,"valueName":"search_term_string"}}],"inLanguage":"es"}]}},"_links":{"self":[{"href":"https:\/\/www.ghmconsultores.es\/es\/wp-json\/wp\/v2\/pages\/86","targetHints":{"allow":["GET"]}}],"collection":[{"href":"https:\/\/www.ghmconsultores.es\/es\/wp-json\/wp\/v2\/pages"}],"about":[{"href":"https:\/\/www.ghmconsultores.es\/es\/wp-json\/wp\/v2\/types\/page"}],"author":[{"embeddable":true,"href":"https:\/\/www.ghmconsultores.es\/es\/wp-json\/wp\/v2\/users\/8732"}],"replies":[{"embeddable":true,"href":"https:\/\/www.ghmconsultores.es\/es\/wp-json\/wp\/v2\/comments?post=86"}],"version-history":[{"count":22,"href":"https:\/\/www.ghmconsultores.es\/es\/wp-json\/wp\/v2\/pages\/86\/revisions"}],"predecessor-version":[{"id":1509,"href":"https:\/\/www.ghmconsultores.es\/es\/wp-json\/wp\/v2\/pages\/86\/revisions\/1509"}],"wp:attachment":[{"href":"https:\/\/www.ghmconsultores.es\/es\/wp-json\/wp\/v2\/media?parent=86"}],"curies":[{"name":"wp","href":"https:\/\/api.w.org\/{rel}","templated":true}]}}