{"id":8,"date":"2012-11-12T21:37:25","date_gmt":"2012-11-12T21:37:25","guid":{"rendered":"http:\/\/www.ghmconsultores.es\/?page_id=8"},"modified":"2018-10-18T13:44:35","modified_gmt":"2018-10-18T13:44:35","slug":"index","status":"publish","type":"page","link":"https:\/\/www.ghmconsultores.es\/es\/","title":{"rendered":"Presentaci\u00f3n"},"content":{"rendered":"[:es]\n<div class=\"title\">\n<h2>\u00bfQui\u00e9nes somos?<\/h2>\n<\/div>\n<p><strong>GHM Consultores<\/strong> presta servicio a empresas y proyectos de ingenier\u00eda civil, especialmente en materia de ingenier\u00eda geol\u00f3gica, hidrolog\u00eda e hidrogeolog\u00eda. Proponemos soluciones t\u00e9cnicas a la interacci\u00f3n entre el medio natural y el constante desarrollo de la sociedad actual. Nuestra contrastada experiencia nos ha permitido colocarnos como l\u00edderes en un sector tan competitivo, ofreciendo siempre la soluci\u00f3n m\u00e1s adecuada a nuestros clientes. Ellos son nuestro mejor aval.<\/p>\n<div class=\"title\">\n<h2>\u00daltimas noticias<\/h2>\n<\/div>\n[recent_posts thumbnail=\u00bbyes\u00bb title=\u00bbyes\u00bb meta=\u00bbyes\u00bb excerpt=\u00bbyes\u00bb]\u00daltimas entradas del blog[\/recent_posts]\n<div class=\"title\">\n<h2>Qu\u00e9 hacemos<\/h2>\n<\/div>\n<p>El objetivo de <strong>GHM Consultores<\/strong> es aprovechar la experiencia acumulada por sus t\u00e9cnicos para enfocar y resolver cada nuevo proyecto y aplicar los \u00faltimos avances tecnol\u00f3gicos, aportando las soluciones m\u00e1s adecuadas, siempre con la eficacia y la competitividad econ\u00f3mica requerida por el cliente. Estas caracter\u00edsticas permiten abordar las diferentes cuestiones desde un \u00e1mbito multidisciplinar e interdepartamental, lo que favorece la comunicaci\u00f3n y la soluci\u00f3n de los diferentes retos t\u00e9cnicos. Para conseguir esto, combina la experiencia acumulada en diferentes \u00e1reas t\u00e9cnicas y especializadas.<\/p>\n<p style=\"text-align: center;\"><span style=\"color: #333333;\"><strong>GEOTECNIA, HIDROGEOLOG\u00cdA Y MEDIOAMBIENTE<\/strong><\/span><\/p>\n<div align=\"center\">\n<div style=\"display: inline-block; margin-right: 50px;\"><a href=\"http:\/\/www.ghmconsultores.es\/geotecnia\/\"><img loading=\"lazy\" decoding=\"async\" class=\"aligncenter size-full wp-image-1572\" src=\"http:\/\/www.ghmconsultores.es\/wp-content\/uploads\/Geotecnia_d.jpg\" alt=\"Geotecnia_d\" width=\"140\" height=\"151\" \/><\/a><\/div>\n<div style=\"display: inline-block; margin-right: 50px;\"><a href=\"http:\/\/www.ghmconsultores.es\/hidrogeologia\/\"><img loading=\"lazy\" decoding=\"async\" class=\"aligncenter size-full wp-image-1571\" src=\"http:\/\/www.ghmconsultores.es\/wp-content\/uploads\/Hidrogeolog\u00eda_d.jpg\" alt=\"Hidrogeolog\u00eda_d\" width=\"140\" height=\"151\" \/><\/a><\/div>\n<div style=\"display: inline-block;\"><a href=\"http:\/\/www.ghmconsultores.es\/medio-ambiente\/\"><img loading=\"lazy\" decoding=\"async\" class=\"aligncenter size-full wp-image-1573\" src=\"http:\/\/www.ghmconsultores.es\/wp-content\/uploads\/Medioambiente_d.jpg\" alt=\"Medioambiente_d\" width=\"140\" height=\"151\" \/><\/a><\/div>\n<\/div>\n[one_half last=\u00bbno\u00bb]\nNuestros t\u00e9cnicos cuentan con experiencia espec\u00edfica en los diferentes \u00e1mbitos de actuaci\u00f3n de la empresa, que se complementa con formaci\u00f3n continua. Esto permite conocer tanto los avances t\u00e9cnicos como las modificaciones y actualizaciones legislativas, ofreciendo un trabajo de calidad, as\u00ed como un \u00e1mbito de actuaci\u00f3n nacional e internacional (ya sea en toda Sudam\u00e9rica, Europa y Asia).<\/p>\n<p>El asesoramiento sobre las necesidades de ingenier\u00eda espec\u00edficas que presenta cada proyecto es nuestro valor principal. La implicaci\u00f3n plena en el objetivo del cliente nos permite ofrecer un trabajo profesional y de confianza, siempre en los plazos marcados. Nuestro prop\u00f3sito es claro: apostar por servicios personalizados de calidad y ajustados a cada proyectos.<br \/>\n[\/one_half]\n[one_half last=\u00bbyes\u00bb]\n<div class=\"title\">\n<h2>\u00c1reas de actuaci\u00f3n<\/h2>\n<\/div>\n[checklist]\n<ul>\n<li><a title=\"Energ\u00eda\" href=\"http:\/\/www.ghmconsultores.es\/energia\/\">Energ\u00eda<\/a><\/li>\n<li><a title=\"Miner\u00eda\" href=\"http:\/\/www.ghmconsultores.es\/mineria\/\">Miner\u00eda<\/a><\/li>\n<li><a title=\"Infraestructuras\" href=\"http:\/\/www.ghmconsultores.es\/infraestructuras\/\">Infraestructuras \/ Obra Civil<\/a><\/li>\n<li><a title=\"Edificaci\u00f3n\" href=\"http:\/\/www.ghmconsultores.es\/edificacion\/\">Edificaci\u00f3n<\/a><\/li>\n<li><a title=\"Industria\" href=\"http:\/\/www.ghmconsultores.es\/industria\/\">Industria<\/a><\/li>\n<\/ul>\n[\/checklist]\n[\/one_half][:en]\n<div class=\"title\">\n<h2>ABOUT US<\/h2>\n<\/div>\n<p><strong>GHM Consulting<\/strong> provides engineering services to companies and projects, especially in the areas of geology, hydrology and hydrogeology. Through technical solutions we facilitate the interaction between a constantly growing society and the natural world. Our previous and diverse experience has lead us to position our company at the top of a highly competitive industry, allowing us to offer our clients the best solutions at all times. They are our best endorsement.<\/p>\n<div class=\"title\">\n<h2>LAST NEWS<\/h2>\n<\/div>\n[recent_posts thumbnail=\u00bbyes\u00bb title=\u00bbyes\u00bb meta=\u00bbyes\u00bb excerpt=\u00bbyes\u00bb]\u00daltimas entradas del blog[\/recent_posts]\n<div class=\"title\">\n<h2>WHAT WE DO<\/h2>\n<\/div>\n<p>The aim of <strong>GHM Consulting<\/strong> is to tackle each new project bringing the best technological advances available to the hands of our highly experienced technicians. Hence, coming to the most efficient solutions at the competitive price range required by our clients. We face these challenges from a multidisciplinary and inter-department perspective, putting our different technical and specialized teams at work. These favours communication and aids in achieving collaborative-based solutions.<\/p>\n<p style=\"text-align: center;\"><span style=\"color: #333333;\"><strong>GEOTECNIA, HIDROGEOLOG\u00cdA Y MEDIOAMBIENTE<\/strong><\/span><\/p>\n<div align=\"center\">\n<div style=\"display: inline-block; margin-right: 50px;\"><a href=\"http:\/\/www.ghmconsultores.es\/geotecnia\/\"><img loading=\"lazy\" decoding=\"async\" class=\"aligncenter size-full wp-image-1572\" src=\"http:\/\/www.ghmconsultores.es\/wp-content\/uploads\/Geotecnia_d.jpg\" alt=\"Geotecnia_d\" width=\"140\" height=\"151\" \/><\/a><\/div>\n<div style=\"display: inline-block; margin-right: 50px;\"><a href=\"http:\/\/www.ghmconsultores.es\/hidrogeologia\/\"><img loading=\"lazy\" decoding=\"async\" class=\"aligncenter size-full wp-image-1571\" src=\"http:\/\/www.ghmconsultores.es\/wp-content\/uploads\/Hidrogeolog\u00eda_d.jpg\" alt=\"Hidrogeolog\u00eda_d\" width=\"140\" height=\"151\" \/><\/a><\/div>\n<div style=\"display: inline-block;\"><a href=\"http:\/\/www.ghmconsultores.es\/medio-ambiente\/\"><img loading=\"lazy\" decoding=\"async\" class=\"aligncenter size-full wp-image-1573\" src=\"http:\/\/www.ghmconsultores.es\/wp-content\/uploads\/Medioambiente_d.jpg\" alt=\"Medioambiente_d\" width=\"140\" height=\"151\" \/><\/a><\/div>\n<\/div>\n[one_half last=\u00bbno\u00bb]\nOur technicians have specialised experience in our company\u2019s different fields of expertise, which is constantly enriched by ongoing training, allowing us to learn about upcoming technological advances as well as current legal updates. The latter guarantees a high quality performance both for national and international clients, specifically in South-America, Europe and Asia.<\/p>\n<p>Our mission, and our greatest value, is to embrace our clients\u2019 vision and assess each new project with specific engineering solutions; offering a highly professional and reliable service, within deadlines. Our goal is clear: committing to a high quality and personalised service for every client.<br \/>\n[\/one_half]\n[one_half last=\u00bbyes\u00bb]\n<div class=\"title\">\n<h2>Areas<\/h2>\n<\/div>\n[checklist]\n<ul>\n<li><a title=\"Energ\u00eda\" href=\"http:\/\/www.ghmconsultores.es\/energia\/\">Energy<\/a><\/li>\n<li><a title=\"Miner\u00eda\" href=\"http:\/\/www.ghmconsultores.es\/mineria\/\">Mining<\/a><\/li>\n<li>Infrastructure and Civil Works<\/li>\n<li>Building<\/li>\n<li><a title=\"Industria\" href=\"http:\/\/www.ghmconsultores.es\/industria\/\">Industry<\/a><\/li>\n<\/ul>\n[\/checklist]\n[\/one_half][:]\n","protected":false},"excerpt":{"rendered":"<p>[:es] \u00bfQui\u00e9nes somos? GHM Consultores presta servicio a empresas y proyectos de ingenier\u00eda civil, especialmente en materia de ingenier\u00eda geol\u00f3gica, hidrolog\u00eda e hidrogeolog\u00eda. Proponemos soluciones t\u00e9cnicas a la interacci\u00f3n entre el medio natural y el constante desarrollo de la sociedad actual. Nuestra contrastada experiencia nos ha permitido colocarnos como l\u00edderes en un sector tan competitivo,<\/p>\n","protected":false},"author":8732,"featured_media":0,"parent":0,"menu_order":0,"comment_status":"open","ping_status":"open","template":"","meta":{"_monsterinsights_skip_tracking":false,"_monsterinsights_sitenote_active":false,"_monsterinsights_sitenote_note":"","_monsterinsights_sitenote_category":0,"footnotes":""},"class_list":["post-8","page","type-page","status-publish","hentry"],"yoast_head":"<!-- This site is optimized with the Yoast SEO plugin v27.4 - https:\/\/yoast.com\/product\/yoast-seo-wordpress\/ -->\n<title>Ingenier\u00eda y geolog\u00eda - GHM Consultores<\/title>\n<meta name=\"description\" content=\"Desarrollo de proyectos de ingenier\u00eda y geolog\u00eda, en las \u00e1reas de geotecnia, hidrogeolog\u00eda, medioambiente y miner\u00eda. Cientos de proyectos nos avalan.\" \/>\n<meta name=\"robots\" content=\"index, follow, max-snippet:-1, max-image-preview:large, max-video-preview:-1\" \/>\n<link rel=\"canonical\" href=\"https:\/\/www.ghmconsultores.es\/es\/\" \/>\n<meta property=\"og:locale\" content=\"es_ES\" \/>\n<meta property=\"og:type\" content=\"article\" \/>\n<meta property=\"og:title\" content=\"Ingenier\u00eda y geolog\u00eda - GHM Consultores\" \/>\n<meta property=\"og:description\" content=\"Desarrollo de proyectos de ingenier\u00eda y geolog\u00eda, en las \u00e1reas de geotecnia, hidrogeolog\u00eda, medioambiente y miner\u00eda. Cientos de proyectos nos avalan.\" \/>\n<meta property=\"og:url\" content=\"https:\/\/www.ghmconsultores.es\/es\/\" \/>\n<meta property=\"og:site_name\" content=\"GHM Consultores\" \/>\n<meta property=\"article:modified_time\" content=\"2018-10-18T13:44:35+00:00\" \/>\n<meta property=\"og:image\" content=\"http:\/\/www.ghmconsultores.es\/wp-content\/uploads\/Geotecnia_d.jpg\" \/>\n<meta name=\"twitter:label1\" content=\"Tiempo de lectura\" \/>\n\t<meta name=\"twitter:data1\" content=\"3 minutos\" \/>\n<script type=\"application\/ld+json\" class=\"yoast-schema-graph\">{\"@context\":\"https:\\\/\\\/schema.org\",\"@graph\":[{\"@type\":\"WebPage\",\"@id\":\"https:\\\/\\\/www.ghmconsultores.es\\\/es\\\/\",\"url\":\"https:\\\/\\\/www.ghmconsultores.es\\\/es\\\/\",\"name\":\"Ingenier\u00eda y geolog\u00eda - GHM Consultores\",\"isPartOf\":{\"@id\":\"https:\\\/\\\/www.ghmconsultores.es\\\/#website\"},\"primaryImageOfPage\":{\"@id\":\"https:\\\/\\\/www.ghmconsultores.es\\\/es\\\/#primaryimage\"},\"image\":{\"@id\":\"https:\\\/\\\/www.ghmconsultores.es\\\/es\\\/#primaryimage\"},\"thumbnailUrl\":\"http:\\\/\\\/www.ghmconsultores.es\\\/wp-content\\\/uploads\\\/Geotecnia_d.jpg\",\"datePublished\":\"2012-11-12T21:37:25+00:00\",\"dateModified\":\"2018-10-18T13:44:35+00:00\",\"description\":\"Desarrollo de proyectos de ingenier\u00eda y geolog\u00eda, en las \u00e1reas de geotecnia, hidrogeolog\u00eda, medioambiente y miner\u00eda. Cientos de proyectos nos avalan.\",\"breadcrumb\":{\"@id\":\"https:\\\/\\\/www.ghmconsultores.es\\\/es\\\/#breadcrumb\"},\"inLanguage\":\"es\",\"potentialAction\":[{\"@type\":\"ReadAction\",\"target\":[\"https:\\\/\\\/www.ghmconsultores.es\\\/es\\\/\"]}]},{\"@type\":\"ImageObject\",\"inLanguage\":\"es\",\"@id\":\"https:\\\/\\\/www.ghmconsultores.es\\\/es\\\/#primaryimage\",\"url\":\"http:\\\/\\\/www.ghmconsultores.es\\\/wp-content\\\/uploads\\\/Geotecnia_d.jpg\",\"contentUrl\":\"http:\\\/\\\/www.ghmconsultores.es\\\/wp-content\\\/uploads\\\/Geotecnia_d.jpg\"},{\"@type\":\"BreadcrumbList\",\"@id\":\"https:\\\/\\\/www.ghmconsultores.es\\\/es\\\/#breadcrumb\",\"itemListElement\":[{\"@type\":\"ListItem\",\"position\":1,\"name\":\"Home\",\"item\":\"https:\\\/\\\/www.ghmconsultores.es\\\/es\\\/\"},{\"@type\":\"ListItem\",\"position\":2,\"name\":\"Presentaci\u00f3n\"}]},{\"@type\":\"WebSite\",\"@id\":\"https:\\\/\\\/www.ghmconsultores.es\\\/#website\",\"url\":\"https:\\\/\\\/www.ghmconsultores.es\\\/\",\"name\":\"GHM Consultores\",\"description\":\"Ingenier\u00eda y geolog\u00eda - GHM Consultores Geotecnia Hidrogeolog\u00eda Medioambiente. Espa\u00f1a, Colombia, Chile y Jap\u00f3n.\",\"potentialAction\":[{\"@type\":\"SearchAction\",\"target\":{\"@type\":\"EntryPoint\",\"urlTemplate\":\"https:\\\/\\\/www.ghmconsultores.es\\\/?s={search_term_string}\"},\"query-input\":{\"@type\":\"PropertyValueSpecification\",\"valueRequired\":true,\"valueName\":\"search_term_string\"}}],\"inLanguage\":\"es\"}]}<\/script>\n<!-- \/ Yoast SEO plugin. -->","yoast_head_json":{"title":"Ingenier\u00eda y geolog\u00eda - GHM Consultores","description":"Desarrollo de proyectos de ingenier\u00eda y geolog\u00eda, en las \u00e1reas de geotecnia, hidrogeolog\u00eda, medioambiente y miner\u00eda. Cientos de proyectos nos avalan.","robots":{"index":"index","follow":"follow","max-snippet":"max-snippet:-1","max-image-preview":"max-image-preview:large","max-video-preview":"max-video-preview:-1"},"canonical":"https:\/\/www.ghmconsultores.es\/es\/","og_locale":"es_ES","og_type":"article","og_title":"Ingenier\u00eda y geolog\u00eda - GHM Consultores","og_description":"Desarrollo de proyectos de ingenier\u00eda y geolog\u00eda, en las \u00e1reas de geotecnia, hidrogeolog\u00eda, medioambiente y miner\u00eda. Cientos de proyectos nos avalan.","og_url":"https:\/\/www.ghmconsultores.es\/es\/","og_site_name":"GHM Consultores","article_modified_time":"2018-10-18T13:44:35+00:00","og_image":[{"url":"http:\/\/www.ghmconsultores.es\/wp-content\/uploads\/Geotecnia_d.jpg","type":"","width":"","height":""}],"twitter_misc":{"Tiempo de lectura":"3 minutos"},"schema":{"@context":"https:\/\/schema.org","@graph":[{"@type":"WebPage","@id":"https:\/\/www.ghmconsultores.es\/es\/","url":"https:\/\/www.ghmconsultores.es\/es\/","name":"Ingenier\u00eda y geolog\u00eda - GHM Consultores","isPartOf":{"@id":"https:\/\/www.ghmconsultores.es\/#website"},"primaryImageOfPage":{"@id":"https:\/\/www.ghmconsultores.es\/es\/#primaryimage"},"image":{"@id":"https:\/\/www.ghmconsultores.es\/es\/#primaryimage"},"thumbnailUrl":"http:\/\/www.ghmconsultores.es\/wp-content\/uploads\/Geotecnia_d.jpg","datePublished":"2012-11-12T21:37:25+00:00","dateModified":"2018-10-18T13:44:35+00:00","description":"Desarrollo de proyectos de ingenier\u00eda y geolog\u00eda, en las \u00e1reas de geotecnia, hidrogeolog\u00eda, medioambiente y miner\u00eda. Cientos de proyectos nos avalan.","breadcrumb":{"@id":"https:\/\/www.ghmconsultores.es\/es\/#breadcrumb"},"inLanguage":"es","potentialAction":[{"@type":"ReadAction","target":["https:\/\/www.ghmconsultores.es\/es\/"]}]},{"@type":"ImageObject","inLanguage":"es","@id":"https:\/\/www.ghmconsultores.es\/es\/#primaryimage","url":"http:\/\/www.ghmconsultores.es\/wp-content\/uploads\/Geotecnia_d.jpg","contentUrl":"http:\/\/www.ghmconsultores.es\/wp-content\/uploads\/Geotecnia_d.jpg"},{"@type":"BreadcrumbList","@id":"https:\/\/www.ghmconsultores.es\/es\/#breadcrumb","itemListElement":[{"@type":"ListItem","position":1,"name":"Home","item":"https:\/\/www.ghmconsultores.es\/es\/"},{"@type":"ListItem","position":2,"name":"Presentaci\u00f3n"}]},{"@type":"WebSite","@id":"https:\/\/www.ghmconsultores.es\/#website","url":"https:\/\/www.ghmconsultores.es\/","name":"GHM Consultores","description":"Ingenier\u00eda y geolog\u00eda - GHM Consultores Geotecnia Hidrogeolog\u00eda Medioambiente. Espa\u00f1a, Colombia, Chile y Jap\u00f3n.","potentialAction":[{"@type":"SearchAction","target":{"@type":"EntryPoint","urlTemplate":"https:\/\/www.ghmconsultores.es\/?s={search_term_string}"},"query-input":{"@type":"PropertyValueSpecification","valueRequired":true,"valueName":"search_term_string"}}],"inLanguage":"es"}]}},"_links":{"self":[{"href":"https:\/\/www.ghmconsultores.es\/es\/wp-json\/wp\/v2\/pages\/8","targetHints":{"allow":["GET"]}}],"collection":[{"href":"https:\/\/www.ghmconsultores.es\/es\/wp-json\/wp\/v2\/pages"}],"about":[{"href":"https:\/\/www.ghmconsultores.es\/es\/wp-json\/wp\/v2\/types\/page"}],"author":[{"embeddable":true,"href":"https:\/\/www.ghmconsultores.es\/es\/wp-json\/wp\/v2\/users\/8732"}],"replies":[{"embeddable":true,"href":"https:\/\/www.ghmconsultores.es\/es\/wp-json\/wp\/v2\/comments?post=8"}],"version-history":[{"count":5,"href":"https:\/\/www.ghmconsultores.es\/es\/wp-json\/wp\/v2\/pages\/8\/revisions"}],"predecessor-version":[{"id":1988,"href":"https:\/\/www.ghmconsultores.es\/es\/wp-json\/wp\/v2\/pages\/8\/revisions\/1988"}],"wp:attachment":[{"href":"https:\/\/www.ghmconsultores.es\/es\/wp-json\/wp\/v2\/media?parent=8"}],"curies":[{"name":"wp","href":"https:\/\/api.w.org\/{rel}","templated":true}]}}