{"id":722,"date":"2013-06-07T11:38:16","date_gmt":"2013-06-07T11:38:16","guid":{"rendered":"http:\/\/www.ghmconsultores.es\/?page_id=722"},"modified":"2015-03-13T04:39:45","modified_gmt":"2015-03-13T04:39:45","slug":"tarjeta-felicitacion-10-anos","status":"publish","type":"page","link":"https:\/\/www.ghmconsultores.es\/es\/tarjeta-felicitacion-10-anos\/","title":{"rendered":"Tarjeta Felicitaci\u00f3n 10 a\u00f1os"},"content":{"rendered":"[one_half last=\u00bbyes\u00bb]\n<a title=\"\" href=\"http:\/\/www.ghmconsultores.es\/wp-content\/uploads\/TARJETAGHM10_02.001.png\" target=\"_blank\" data-rel=\"lightbox-gallery-0\" data-rl_title=\"\" data-rl_caption=\"\"><img decoding=\"async\" src=\"http:\/\/www.ghmconsultores.es\/wp-content\/uploads\/TARJETAGHM10_02.001.png\" alt=\"Tarjeta Felicitaci\u00f3n 10 a\u00f1os\" \/><\/a><br \/>\n[\/one_half]\n<p><!-- this is the testimonial slider --><\/p>\n<div class=\"title\">\n<h2>Testimonios trabajadores<\/h2>\n<\/div>\n[three_fourth last=\u00bbyes\u00bb]\n[testimonials]\n[testimonial name=\u00bbLuis Garc\u00eda\u00bb company=\u00bb\u00bb]Yo puedo comentar que, para mi, GHM Consultores ha sido un ejemplo de lucha y esfuerzo por defender una manera de hacer las cosas que siempre ha sido minoritaria en este mundillo, y es con calidad. De lo que no estoy seguro es si este es el modelo bueno para dar de comer a nuestros hijos, tal y como est\u00e1n las cosas, pero yo tambi\u00e9n lo llevo a cabo y llegar\u00e9 hasta donde llegue. Espero al menos llegar a los 10 a\u00f1os que ha llegado GHM.[\/testimonial]\n[testimonial name=\u00bbAlejandro Fern\u00e1ndez\u00bb company=\u00bb\u00bb]Tengo que reconocer que a pesar de mi fugaz paso por GHM considero que all\u00ed estoy en casa. Realmente no s\u00e9 si llegue a realizar un \u00abtrabajo\u00bb como tal durante el poco tiempo que estuve m\u00e1s directamente involucrado dentro de su din\u00e1mica, pero tengo que confesar que me sirvi\u00f3 de apoyo en momentos delicados. Siempre he sentido que sin duda GHM era un punto de referencia al que mirar, una especie de paraca\u00eddas.[\/testimonial]\n[testimonial name=\u00bbFrancisco Jos\u00e9 Mu\u00f1oz\u00bb company=\u00bb\u00bb]GHM supuso mi escuela de geolog\u00eda definitiva, un sitio donde aprend\u00ed a ser aut\u00f3nomo en el campo y a trabajar en equipo en oficina. Despert\u00f3 mis ganas de hacer un trabajo de calidad, dando lo mejor y todo ello gracias a la formaci\u00f3n y confianza que GHM deposita en sus profesionales.[\/testimonial]\n[testimonial name=\u00bbJorge Garrido\u00bb company=\u00bb\u00bb]Trabajar en GHM ha sido una experiencia en todos los niveles. Me ha permitido conocer el funcionamiento de una empresa en muchas de sus partes. Tambi\u00e9n conocer el desarrollo de un proyecto desde el inicio hasta el fin. Ha sido, al mismo tiempo, una experiencia de formaci\u00f3n continua. La tem\u00e1tica de los proyectos en los que ha participado la empresa ha sido muy variada, lo que me permiti\u00f3 afrontar cualquier asunto y no caer en la especializaci\u00f3n m\u00e1s tediosa.<br \/>\nPero, principalmente, ha sido una gran experiencia a nivel humano y personal. El ambiente ha sido siempre excelente y eso te facilita lidiar con las problem\u00e1ticas y dificultades del trabajo de consultor.[\/testimonial]\n[\/testimonials]\n[\/three_fourth]\n<p>&nbsp;<\/p>\n<p>&nbsp;<\/p>\n<p>&nbsp;<\/p>\n","protected":false},"excerpt":{"rendered":"<p>[one_half last=\u00bbyes\u00bb] [\/one_half] Testimonios trabajadores [three_fourth last=\u00bbyes\u00bb] [testimonials] [testimonial name=\u00bbLuis Garc\u00eda\u00bb company=\u00bb\u00bb]Yo puedo comentar que, para mi, GHM Consultores ha sido un ejemplo de lucha y esfuerzo por defender una manera de hacer las cosas que siempre ha sido minoritaria en este mundillo, y es con calidad. De lo que no estoy seguro es si<\/p>\n","protected":false},"author":8732,"featured_media":0,"parent":0,"menu_order":0,"comment_status":"open","ping_status":"open","template":"","meta":{"_monsterinsights_skip_tracking":false,"_monsterinsights_sitenote_active":false,"_monsterinsights_sitenote_note":"","_monsterinsights_sitenote_category":0,"footnotes":""},"class_list":["post-722","page","type-page","status-publish","hentry"],"yoast_head":"<!-- This site is optimized with the Yoast SEO plugin v27.5 - https:\/\/yoast.com\/product\/yoast-seo-wordpress\/ -->\n<title>Tarjeta Felicitaci\u00f3n 10 a\u00f1os - GHM Consultores<\/title>\n<meta name=\"description\" content=\"GHM Consultores es un ejemplo de lucha y esfuerzo por defender una manera de hacer las cosas que ha sido y es minoritaria en este mundillo,y es con calidad.\" \/>\n<meta name=\"robots\" content=\"index, follow, max-snippet:-1, max-image-preview:large, max-video-preview:-1\" \/>\n<link rel=\"canonical\" href=\"https:\/\/www.ghmconsultores.es\/es\/tarjeta-felicitacion-10-anos\/\" \/>\n<meta property=\"og:locale\" content=\"es_ES\" \/>\n<meta property=\"og:type\" content=\"article\" \/>\n<meta property=\"og:title\" content=\"Tarjeta Felicitaci\u00f3n 10 a\u00f1os - GHM Consultores\" \/>\n<meta property=\"og:description\" content=\"GHM Consultores es un ejemplo de lucha y esfuerzo por defender una manera de hacer las cosas que ha sido y es minoritaria en este mundillo,y es con calidad.\" \/>\n<meta property=\"og:url\" content=\"https:\/\/www.ghmconsultores.es\/es\/tarjeta-felicitacion-10-anos\/\" \/>\n<meta property=\"og:site_name\" content=\"GHM Consultores\" \/>\n<meta property=\"article:modified_time\" content=\"2015-03-13T04:39:45+00:00\" \/>\n<meta property=\"og:image\" content=\"http:\/\/www.ghmconsultores.es\/wp-content\/uploads\/TARJETAGHM10_02.001.png\" \/>\n<meta name=\"twitter:label1\" content=\"Tiempo de lectura\" \/>\n\t<meta name=\"twitter:data1\" content=\"2 minutos\" \/>\n<script type=\"application\/ld+json\" class=\"yoast-schema-graph\">{\"@context\":\"https:\\\/\\\/schema.org\",\"@graph\":[{\"@type\":\"WebPage\",\"@id\":\"https:\\\/\\\/www.ghmconsultores.es\\\/es\\\/tarjeta-felicitacion-10-anos\\\/\",\"url\":\"https:\\\/\\\/www.ghmconsultores.es\\\/es\\\/tarjeta-felicitacion-10-anos\\\/\",\"name\":\"Tarjeta Felicitaci\u00f3n 10 a\u00f1os - GHM Consultores\",\"isPartOf\":{\"@id\":\"https:\\\/\\\/www.ghmconsultores.es\\\/#website\"},\"primaryImageOfPage\":{\"@id\":\"https:\\\/\\\/www.ghmconsultores.es\\\/es\\\/tarjeta-felicitacion-10-anos\\\/#primaryimage\"},\"image\":{\"@id\":\"https:\\\/\\\/www.ghmconsultores.es\\\/es\\\/tarjeta-felicitacion-10-anos\\\/#primaryimage\"},\"thumbnailUrl\":\"http:\\\/\\\/www.ghmconsultores.es\\\/wp-content\\\/uploads\\\/TARJETAGHM10_02.001.png\",\"datePublished\":\"2013-06-07T11:38:16+00:00\",\"dateModified\":\"2015-03-13T04:39:45+00:00\",\"description\":\"GHM Consultores es un ejemplo de lucha y esfuerzo por defender una manera de hacer las cosas que ha sido y es minoritaria en este mundillo,y es con calidad.\",\"breadcrumb\":{\"@id\":\"https:\\\/\\\/www.ghmconsultores.es\\\/es\\\/tarjeta-felicitacion-10-anos\\\/#breadcrumb\"},\"inLanguage\":\"es\",\"potentialAction\":[{\"@type\":\"ReadAction\",\"target\":[\"https:\\\/\\\/www.ghmconsultores.es\\\/es\\\/tarjeta-felicitacion-10-anos\\\/\"]}]},{\"@type\":\"ImageObject\",\"inLanguage\":\"es\",\"@id\":\"https:\\\/\\\/www.ghmconsultores.es\\\/es\\\/tarjeta-felicitacion-10-anos\\\/#primaryimage\",\"url\":\"http:\\\/\\\/www.ghmconsultores.es\\\/wp-content\\\/uploads\\\/TARJETAGHM10_02.001.png\",\"contentUrl\":\"http:\\\/\\\/www.ghmconsultores.es\\\/wp-content\\\/uploads\\\/TARJETAGHM10_02.001.png\"},{\"@type\":\"BreadcrumbList\",\"@id\":\"https:\\\/\\\/www.ghmconsultores.es\\\/es\\\/tarjeta-felicitacion-10-anos\\\/#breadcrumb\",\"itemListElement\":[{\"@type\":\"ListItem\",\"position\":1,\"name\":\"Home\",\"item\":\"https:\\\/\\\/www.ghmconsultores.es\\\/es\\\/\"},{\"@type\":\"ListItem\",\"position\":2,\"name\":\"Tarjeta Felicitaci\u00f3n 10 a\u00f1os\"}]},{\"@type\":\"WebSite\",\"@id\":\"https:\\\/\\\/www.ghmconsultores.es\\\/#website\",\"url\":\"https:\\\/\\\/www.ghmconsultores.es\\\/\",\"name\":\"GHM Consultores\",\"description\":\"Ingenier\u00eda y geolog\u00eda - GHM Consultores Geotecnia Hidrogeolog\u00eda Medioambiente. Espa\u00f1a, Colombia, Chile y Jap\u00f3n.\",\"potentialAction\":[{\"@type\":\"SearchAction\",\"target\":{\"@type\":\"EntryPoint\",\"urlTemplate\":\"https:\\\/\\\/www.ghmconsultores.es\\\/?s={search_term_string}\"},\"query-input\":{\"@type\":\"PropertyValueSpecification\",\"valueRequired\":true,\"valueName\":\"search_term_string\"}}],\"inLanguage\":\"es\"}]}<\/script>\n<!-- \/ Yoast SEO plugin. -->","yoast_head_json":{"title":"Tarjeta Felicitaci\u00f3n 10 a\u00f1os - GHM Consultores","description":"GHM Consultores es un ejemplo de lucha y esfuerzo por defender una manera de hacer las cosas que ha sido y es minoritaria en este mundillo,y es con calidad.","robots":{"index":"index","follow":"follow","max-snippet":"max-snippet:-1","max-image-preview":"max-image-preview:large","max-video-preview":"max-video-preview:-1"},"canonical":"https:\/\/www.ghmconsultores.es\/es\/tarjeta-felicitacion-10-anos\/","og_locale":"es_ES","og_type":"article","og_title":"Tarjeta Felicitaci\u00f3n 10 a\u00f1os - GHM Consultores","og_description":"GHM Consultores es un ejemplo de lucha y esfuerzo por defender una manera de hacer las cosas que ha sido y es minoritaria en este mundillo,y es con calidad.","og_url":"https:\/\/www.ghmconsultores.es\/es\/tarjeta-felicitacion-10-anos\/","og_site_name":"GHM Consultores","article_modified_time":"2015-03-13T04:39:45+00:00","og_image":[{"url":"http:\/\/www.ghmconsultores.es\/wp-content\/uploads\/TARJETAGHM10_02.001.png","type":"","width":"","height":""}],"twitter_misc":{"Tiempo de lectura":"2 minutos"},"schema":{"@context":"https:\/\/schema.org","@graph":[{"@type":"WebPage","@id":"https:\/\/www.ghmconsultores.es\/es\/tarjeta-felicitacion-10-anos\/","url":"https:\/\/www.ghmconsultores.es\/es\/tarjeta-felicitacion-10-anos\/","name":"Tarjeta Felicitaci\u00f3n 10 a\u00f1os - GHM Consultores","isPartOf":{"@id":"https:\/\/www.ghmconsultores.es\/#website"},"primaryImageOfPage":{"@id":"https:\/\/www.ghmconsultores.es\/es\/tarjeta-felicitacion-10-anos\/#primaryimage"},"image":{"@id":"https:\/\/www.ghmconsultores.es\/es\/tarjeta-felicitacion-10-anos\/#primaryimage"},"thumbnailUrl":"http:\/\/www.ghmconsultores.es\/wp-content\/uploads\/TARJETAGHM10_02.001.png","datePublished":"2013-06-07T11:38:16+00:00","dateModified":"2015-03-13T04:39:45+00:00","description":"GHM Consultores es un ejemplo de lucha y esfuerzo por defender una manera de hacer las cosas que ha sido y es minoritaria en este mundillo,y es con calidad.","breadcrumb":{"@id":"https:\/\/www.ghmconsultores.es\/es\/tarjeta-felicitacion-10-anos\/#breadcrumb"},"inLanguage":"es","potentialAction":[{"@type":"ReadAction","target":["https:\/\/www.ghmconsultores.es\/es\/tarjeta-felicitacion-10-anos\/"]}]},{"@type":"ImageObject","inLanguage":"es","@id":"https:\/\/www.ghmconsultores.es\/es\/tarjeta-felicitacion-10-anos\/#primaryimage","url":"http:\/\/www.ghmconsultores.es\/wp-content\/uploads\/TARJETAGHM10_02.001.png","contentUrl":"http:\/\/www.ghmconsultores.es\/wp-content\/uploads\/TARJETAGHM10_02.001.png"},{"@type":"BreadcrumbList","@id":"https:\/\/www.ghmconsultores.es\/es\/tarjeta-felicitacion-10-anos\/#breadcrumb","itemListElement":[{"@type":"ListItem","position":1,"name":"Home","item":"https:\/\/www.ghmconsultores.es\/es\/"},{"@type":"ListItem","position":2,"name":"Tarjeta Felicitaci\u00f3n 10 a\u00f1os"}]},{"@type":"WebSite","@id":"https:\/\/www.ghmconsultores.es\/#website","url":"https:\/\/www.ghmconsultores.es\/","name":"GHM Consultores","description":"Ingenier\u00eda y geolog\u00eda - GHM Consultores Geotecnia Hidrogeolog\u00eda Medioambiente. Espa\u00f1a, Colombia, Chile y Jap\u00f3n.","potentialAction":[{"@type":"SearchAction","target":{"@type":"EntryPoint","urlTemplate":"https:\/\/www.ghmconsultores.es\/?s={search_term_string}"},"query-input":{"@type":"PropertyValueSpecification","valueRequired":true,"valueName":"search_term_string"}}],"inLanguage":"es"}]}},"_links":{"self":[{"href":"https:\/\/www.ghmconsultores.es\/es\/wp-json\/wp\/v2\/pages\/722","targetHints":{"allow":["GET"]}}],"collection":[{"href":"https:\/\/www.ghmconsultores.es\/es\/wp-json\/wp\/v2\/pages"}],"about":[{"href":"https:\/\/www.ghmconsultores.es\/es\/wp-json\/wp\/v2\/types\/page"}],"author":[{"embeddable":true,"href":"https:\/\/www.ghmconsultores.es\/es\/wp-json\/wp\/v2\/users\/8732"}],"replies":[{"embeddable":true,"href":"https:\/\/www.ghmconsultores.es\/es\/wp-json\/wp\/v2\/comments?post=722"}],"version-history":[{"count":93,"href":"https:\/\/www.ghmconsultores.es\/es\/wp-json\/wp\/v2\/pages\/722\/revisions"}],"predecessor-version":[{"id":1537,"href":"https:\/\/www.ghmconsultores.es\/es\/wp-json\/wp\/v2\/pages\/722\/revisions\/1537"}],"wp:attachment":[{"href":"https:\/\/www.ghmconsultores.es\/es\/wp-json\/wp\/v2\/media?parent=722"}],"curies":[{"name":"wp","href":"https:\/\/api.w.org\/{rel}","templated":true}]}}