{"id":673,"date":"2013-06-07T09:35:11","date_gmt":"2013-06-07T09:35:11","guid":{"rendered":"http:\/\/www.ghmconsultores.es\/?page_id=673"},"modified":"2018-11-22T12:35:27","modified_gmt":"2018-11-22T12:35:27","slug":"enlacesydescargas","status":"publish","type":"page","link":"https:\/\/www.ghmconsultores.es\/es\/enlacesydescargas\/","title":{"rendered":"Enlaces y descargas"},"content":{"rendered":"<div class=\"title\">\n<h2>Enlaces y descargas<\/h2>\n<\/div>\n[checklist]\n<ul>\n<li><strong>GHM Consultores en Linkedin<\/strong><\/li>\n<\/ul>\n<p><strong><a href=\"http:\/\/www.linkedin.com\/company\/ghm-consultores\"><img loading=\"lazy\" decoding=\"async\" class=\"wp-image-1321 alignleft\" src=\"http:\/\/www.ghmconsultores.es\/wp-content\/uploads\/linkedin-inbug-2crev.png\" alt=\"linkedin-inbug-2crev\" width=\"90\" height=\"80\" srcset=\"https:\/\/www.ghmconsultores.es\/wp-content\/uploads\/linkedin-inbug-2crev.png 1017w, https:\/\/www.ghmconsultores.es\/wp-content\/uploads\/linkedin-inbug-2crev-300x265.png 300w\" sizes=\"auto, (max-width: 90px) 100vw, 90px\" \/><\/a>GHM Consultores<\/strong> participa activamente en las redes sociales a trav\u00e9s de p\u00e1ginas profesionales como linkedin, donde actualiza de manera constante sus novedades en materia de proyectos y noticias de empresa.<br \/>\nAdem\u00e1s colabora activamente en diferentes grupos, interactuando as\u00ed con diferentes profesionales del sector. En base a esto, algunos profesionales de <strong>GHM Consultores<\/strong>\u00a0crearon en 2014 el grupo Geotecnia, Hidrogeolog\u00eda y medioambiente en Chile, donde se ofrece informaci\u00f3n sobre noticias, cursos, conferencias y ofertas de trabajo.<\/p>\n[checklist]\n<ul>\n<li><strong>Geotecnia Hidrogeolog\u00eda y medioambiente en Chile<\/strong><\/li>\n<\/ul>\n[\/checklist]\n<p><a href=\"http:\/\/www.linkedin.com\/groups\/Geotecnia-Hidrogeolog%C3%ADa-Medioambiente-Chile-6701987\"><img loading=\"lazy\" decoding=\"async\" class=\"alignleft  wp-image-908\" src=\"http:\/\/www.ghmconsultores.es\/wp-content\/uploads\/ghmgrupo-.jpg\" alt=\"ghmgrupo\" width=\"170\" height=\"101\" \/><\/a><\/p>\n<p>Este grupo pretende ser un lugar de encuentro para profesionales del sector radicados en Chile, as\u00ed como un lugar de discusi\u00f3n y debate sobre la actualidad del pa\u00eds en materia de geotecnia, hidrogeolog\u00eda y medioambiente, as\u00ed como sectores relacionados como la miner\u00eda, obra civil o la energ\u00eda. Tambi\u00e9n puedes consultar aqu\u00ed las dudas que tengas si est\u00e1s pensando en venir a trabajar.<\/p>\n","protected":false},"excerpt":{"rendered":"<p>Enlaces y descargas [checklist] GHM Consultores en Linkedin GHM Consultores participa activamente en las redes sociales a trav\u00e9s de p\u00e1ginas profesionales como linkedin, donde actualiza de manera constante sus novedades en materia de proyectos y noticias de empresa. Adem\u00e1s colabora activamente en diferentes grupos, interactuando as\u00ed con diferentes profesionales del sector. En base a esto,<\/p>\n","protected":false},"author":8732,"featured_media":0,"parent":0,"menu_order":0,"comment_status":"open","ping_status":"open","template":"","meta":{"_monsterinsights_skip_tracking":false,"_monsterinsights_sitenote_active":false,"_monsterinsights_sitenote_note":"","_monsterinsights_sitenote_category":0,"footnotes":""},"class_list":["post-673","page","type-page","status-publish","hentry"],"yoast_head":"<!-- This site is optimized with the Yoast SEO plugin v27.4 - https:\/\/yoast.com\/product\/yoast-seo-wordpress\/ -->\n<title>Enlaces y descargas - GHM Consultores<\/title>\n<meta name=\"description\" content=\"GHM Consultores participa activamente en las redes sociales a trav\u00e9s de p\u00e1ginas profesionales como linkedin, a trav\u00e9s de su p\u00e1gina y colaborando en grupos.\" \/>\n<meta name=\"robots\" content=\"index, follow, max-snippet:-1, max-image-preview:large, max-video-preview:-1\" \/>\n<link rel=\"canonical\" href=\"https:\/\/www.ghmconsultores.es\/es\/enlacesydescargas\/\" \/>\n<meta property=\"og:locale\" content=\"es_ES\" \/>\n<meta property=\"og:type\" content=\"article\" \/>\n<meta property=\"og:title\" content=\"Enlaces y descargas - GHM Consultores\" \/>\n<meta property=\"og:description\" content=\"GHM Consultores participa activamente en las redes sociales a trav\u00e9s de p\u00e1ginas profesionales como linkedin, a trav\u00e9s de su p\u00e1gina y colaborando en grupos.\" \/>\n<meta property=\"og:url\" content=\"https:\/\/www.ghmconsultores.es\/es\/enlacesydescargas\/\" \/>\n<meta property=\"og:site_name\" content=\"GHM Consultores\" \/>\n<meta property=\"article:modified_time\" content=\"2018-11-22T12:35:27+00:00\" \/>\n<meta property=\"og:image\" content=\"http:\/\/www.ghmconsultores.es\/wp-content\/uploads\/linkedin-inbug-2crev.png\" \/>\n<meta name=\"twitter:label1\" content=\"Tiempo de lectura\" \/>\n\t<meta name=\"twitter:data1\" content=\"1 minuto\" \/>\n<script type=\"application\/ld+json\" class=\"yoast-schema-graph\">{\"@context\":\"https:\\\/\\\/schema.org\",\"@graph\":[{\"@type\":\"WebPage\",\"@id\":\"https:\\\/\\\/www.ghmconsultores.es\\\/es\\\/enlacesydescargas\\\/\",\"url\":\"https:\\\/\\\/www.ghmconsultores.es\\\/es\\\/enlacesydescargas\\\/\",\"name\":\"Enlaces y descargas - GHM Consultores\",\"isPartOf\":{\"@id\":\"https:\\\/\\\/www.ghmconsultores.es\\\/#website\"},\"primaryImageOfPage\":{\"@id\":\"https:\\\/\\\/www.ghmconsultores.es\\\/es\\\/enlacesydescargas\\\/#primaryimage\"},\"image\":{\"@id\":\"https:\\\/\\\/www.ghmconsultores.es\\\/es\\\/enlacesydescargas\\\/#primaryimage\"},\"thumbnailUrl\":\"http:\\\/\\\/www.ghmconsultores.es\\\/wp-content\\\/uploads\\\/linkedin-inbug-2crev.png\",\"datePublished\":\"2013-06-07T09:35:11+00:00\",\"dateModified\":\"2018-11-22T12:35:27+00:00\",\"description\":\"GHM Consultores participa activamente en las redes sociales a trav\u00e9s de p\u00e1ginas profesionales como linkedin, a trav\u00e9s de su p\u00e1gina y colaborando en grupos.\",\"breadcrumb\":{\"@id\":\"https:\\\/\\\/www.ghmconsultores.es\\\/es\\\/enlacesydescargas\\\/#breadcrumb\"},\"inLanguage\":\"es\",\"potentialAction\":[{\"@type\":\"ReadAction\",\"target\":[\"https:\\\/\\\/www.ghmconsultores.es\\\/es\\\/enlacesydescargas\\\/\"]}]},{\"@type\":\"ImageObject\",\"inLanguage\":\"es\",\"@id\":\"https:\\\/\\\/www.ghmconsultores.es\\\/es\\\/enlacesydescargas\\\/#primaryimage\",\"url\":\"http:\\\/\\\/www.ghmconsultores.es\\\/wp-content\\\/uploads\\\/linkedin-inbug-2crev.png\",\"contentUrl\":\"http:\\\/\\\/www.ghmconsultores.es\\\/wp-content\\\/uploads\\\/linkedin-inbug-2crev.png\"},{\"@type\":\"BreadcrumbList\",\"@id\":\"https:\\\/\\\/www.ghmconsultores.es\\\/es\\\/enlacesydescargas\\\/#breadcrumb\",\"itemListElement\":[{\"@type\":\"ListItem\",\"position\":1,\"name\":\"Home\",\"item\":\"https:\\\/\\\/www.ghmconsultores.es\\\/es\\\/\"},{\"@type\":\"ListItem\",\"position\":2,\"name\":\"Enlaces y descargas\"}]},{\"@type\":\"WebSite\",\"@id\":\"https:\\\/\\\/www.ghmconsultores.es\\\/#website\",\"url\":\"https:\\\/\\\/www.ghmconsultores.es\\\/\",\"name\":\"GHM Consultores\",\"description\":\"Ingenier\u00eda y geolog\u00eda - GHM Consultores Geotecnia Hidrogeolog\u00eda Medioambiente. Espa\u00f1a, Colombia, Chile y Jap\u00f3n.\",\"potentialAction\":[{\"@type\":\"SearchAction\",\"target\":{\"@type\":\"EntryPoint\",\"urlTemplate\":\"https:\\\/\\\/www.ghmconsultores.es\\\/?s={search_term_string}\"},\"query-input\":{\"@type\":\"PropertyValueSpecification\",\"valueRequired\":true,\"valueName\":\"search_term_string\"}}],\"inLanguage\":\"es\"}]}<\/script>\n<!-- \/ Yoast SEO plugin. -->","yoast_head_json":{"title":"Enlaces y descargas - GHM Consultores","description":"GHM Consultores participa activamente en las redes sociales a trav\u00e9s de p\u00e1ginas profesionales como linkedin, a trav\u00e9s de su p\u00e1gina y colaborando en grupos.","robots":{"index":"index","follow":"follow","max-snippet":"max-snippet:-1","max-image-preview":"max-image-preview:large","max-video-preview":"max-video-preview:-1"},"canonical":"https:\/\/www.ghmconsultores.es\/es\/enlacesydescargas\/","og_locale":"es_ES","og_type":"article","og_title":"Enlaces y descargas - GHM Consultores","og_description":"GHM Consultores participa activamente en las redes sociales a trav\u00e9s de p\u00e1ginas profesionales como linkedin, a trav\u00e9s de su p\u00e1gina y colaborando en grupos.","og_url":"https:\/\/www.ghmconsultores.es\/es\/enlacesydescargas\/","og_site_name":"GHM Consultores","article_modified_time":"2018-11-22T12:35:27+00:00","og_image":[{"url":"http:\/\/www.ghmconsultores.es\/wp-content\/uploads\/linkedin-inbug-2crev.png","type":"","width":"","height":""}],"twitter_misc":{"Tiempo de lectura":"1 minuto"},"schema":{"@context":"https:\/\/schema.org","@graph":[{"@type":"WebPage","@id":"https:\/\/www.ghmconsultores.es\/es\/enlacesydescargas\/","url":"https:\/\/www.ghmconsultores.es\/es\/enlacesydescargas\/","name":"Enlaces y descargas - GHM Consultores","isPartOf":{"@id":"https:\/\/www.ghmconsultores.es\/#website"},"primaryImageOfPage":{"@id":"https:\/\/www.ghmconsultores.es\/es\/enlacesydescargas\/#primaryimage"},"image":{"@id":"https:\/\/www.ghmconsultores.es\/es\/enlacesydescargas\/#primaryimage"},"thumbnailUrl":"http:\/\/www.ghmconsultores.es\/wp-content\/uploads\/linkedin-inbug-2crev.png","datePublished":"2013-06-07T09:35:11+00:00","dateModified":"2018-11-22T12:35:27+00:00","description":"GHM Consultores participa activamente en las redes sociales a trav\u00e9s de p\u00e1ginas profesionales como linkedin, a trav\u00e9s de su p\u00e1gina y colaborando en grupos.","breadcrumb":{"@id":"https:\/\/www.ghmconsultores.es\/es\/enlacesydescargas\/#breadcrumb"},"inLanguage":"es","potentialAction":[{"@type":"ReadAction","target":["https:\/\/www.ghmconsultores.es\/es\/enlacesydescargas\/"]}]},{"@type":"ImageObject","inLanguage":"es","@id":"https:\/\/www.ghmconsultores.es\/es\/enlacesydescargas\/#primaryimage","url":"http:\/\/www.ghmconsultores.es\/wp-content\/uploads\/linkedin-inbug-2crev.png","contentUrl":"http:\/\/www.ghmconsultores.es\/wp-content\/uploads\/linkedin-inbug-2crev.png"},{"@type":"BreadcrumbList","@id":"https:\/\/www.ghmconsultores.es\/es\/enlacesydescargas\/#breadcrumb","itemListElement":[{"@type":"ListItem","position":1,"name":"Home","item":"https:\/\/www.ghmconsultores.es\/es\/"},{"@type":"ListItem","position":2,"name":"Enlaces y descargas"}]},{"@type":"WebSite","@id":"https:\/\/www.ghmconsultores.es\/#website","url":"https:\/\/www.ghmconsultores.es\/","name":"GHM Consultores","description":"Ingenier\u00eda y geolog\u00eda - GHM Consultores Geotecnia Hidrogeolog\u00eda Medioambiente. Espa\u00f1a, Colombia, Chile y Jap\u00f3n.","potentialAction":[{"@type":"SearchAction","target":{"@type":"EntryPoint","urlTemplate":"https:\/\/www.ghmconsultores.es\/?s={search_term_string}"},"query-input":{"@type":"PropertyValueSpecification","valueRequired":true,"valueName":"search_term_string"}}],"inLanguage":"es"}]}},"_links":{"self":[{"href":"https:\/\/www.ghmconsultores.es\/es\/wp-json\/wp\/v2\/pages\/673","targetHints":{"allow":["GET"]}}],"collection":[{"href":"https:\/\/www.ghmconsultores.es\/es\/wp-json\/wp\/v2\/pages"}],"about":[{"href":"https:\/\/www.ghmconsultores.es\/es\/wp-json\/wp\/v2\/types\/page"}],"author":[{"embeddable":true,"href":"https:\/\/www.ghmconsultores.es\/es\/wp-json\/wp\/v2\/users\/8732"}],"replies":[{"embeddable":true,"href":"https:\/\/www.ghmconsultores.es\/es\/wp-json\/wp\/v2\/comments?post=673"}],"version-history":[{"count":5,"href":"https:\/\/www.ghmconsultores.es\/es\/wp-json\/wp\/v2\/pages\/673\/revisions"}],"predecessor-version":[{"id":2189,"href":"https:\/\/www.ghmconsultores.es\/es\/wp-json\/wp\/v2\/pages\/673\/revisions\/2189"}],"wp:attachment":[{"href":"https:\/\/www.ghmconsultores.es\/es\/wp-json\/wp\/v2\/media?parent=673"}],"curies":[{"name":"wp","href":"https:\/\/api.w.org\/{rel}","templated":true}]}}