{"id":58,"date":"2012-11-14T08:03:49","date_gmt":"2012-11-14T08:03:49","guid":{"rendered":"http:\/\/www.ghmconsultores.es\/?page_id=58"},"modified":"2015-03-13T04:38:36","modified_gmt":"2015-03-13T04:38:36","slug":"geotecnia-servicios","status":"publish","type":"page","link":"https:\/\/www.ghmconsultores.es\/es\/geotecnia-servicios\/","title":{"rendered":"Geotecnia servicios"},"content":{"rendered":"[toggle title=\u00bb<strong>Asistencia t\u00e9cnica en obra<\/strong>\u00ab]\n[checklist]\n<ul>\n<ul style=\"margin-top: 30px; margin-bottom: 30px; list-style: none;\">\n<li>Aprovechamiento de materiales y estabilidad de taludes.<\/li>\n<li>Supervisi\u00f3n de cimentaciones.<\/li>\n<\/ul>\n[\/checklist]\n[\/toggle]\n[toggle title=\u00bb<strong>Redacci\u00f3n de Anejos de geolog\u00eda, geotecnia y materiales para obras lineales.<\/strong>\u00ab]\n[checklist]\n<ul>\n<ul style=\"margin-top: 30px; margin-bottom: 30px; list-style: none;\">\n<li>Proyectos para Licitaci\u00f3n, Informativos, B\u00e1sicos y de Construcci\u00f3n.<\/li>\n<li>Carreteras, l\u00edneas de ferrocarril, l\u00edneas de metro y conducciones.<\/li>\n<li>Realizaci\u00f3n de estudios, tanto para movimientos de tierra, como para estructuras (t\u00faneles, pasos inferiores y superiores, viaductos, etc.).<\/li>\n<\/ul>\n[\/checklist]\n[\/toggle]\n[toggle title=\u00bb<strong>Supervisi\u00f3n y control de campa\u00f1as de campo<\/strong>\u00ab]\n[checklist]\n<ul>\n<ul style=\"margin-top: 30px; margin-bottom: 30px; list-style: none;\">\n<li>Obtenci\u00f3n de permisos, licencias, servicios afectados, replanteo y accesos.<\/li>\n<li>Cartograf\u00eda geol\u00f3gica y geot\u00e9cnica.<\/li>\n<li>Trabajos de maquinaria y subcontratas.<\/li>\n<li>Testificaci\u00f3n, toma de muestras, delineaci\u00f3n y presentaci\u00f3n de datos.<\/li>\n<\/ul>\n[\/checklist]\n[\/toggle]\n[toggle title=\u00bb<strong>Estudios y c\u00e1lculos de cimentaci\u00f3n<\/strong>\u00ab]\n[checklist]\n<ul>\n<ul style=\"margin-top: 30px; margin-bottom: 30px; list-style: none;\">\n<li>Pilotes, losas, zapatas y cimentaciones especiales (anclajes, muros pantalla, recalces, etc.).<\/li>\n<li>Redacci\u00f3n del informe: campa\u00f1a de campo, obtenci\u00f3n de par\u00e1metros geot\u00e9cnicos del terreno, presentaci\u00f3n de resultados y recomendaciones.<\/li>\n<\/ul>\n[\/checklist]\n[\/toggle]\n[toggle title=\u00bb<strong>Estudios geot\u00e9cnicos para edificaci\u00f3n<\/strong>\u00ab]\n[checklist]\n<ul>\n<ul style=\"margin-top: 30px; margin-bottom: 30px; list-style: none;\">\n<li>Realizaci\u00f3n de estudios geot\u00e9cnicos completos o parciales.<\/li>\n<li>Bloques de viviendas, conjuntos residenciales, viviendas unifamiliares, obras subterr\u00e1neas, edificios hist\u00f3ricos, de car\u00e1cter p\u00fablico, etc.<\/li>\n<\/ul>\n[\/checklist]\n[\/toggle]\n[toggle title=\u00bb<strong>Estudios geot\u00e9cnicos para obras hidr\u00e1ulicas<\/strong>\u00ab]\n[checklist]\n<ul>\n<ul style=\"margin-top: 30px; margin-bottom: 30px; list-style: none;\">\n<li>Balsas, presas, embalses, azudes, estaciones de bombeo y redes de abastecimiento.<\/li>\n<li>Selecci\u00f3n de emplazamientos, riesgos geol\u00f3gicos asociados, interacci\u00f3n con el nivel fre\u00e1tico, etc.<\/li>\n<\/ul>\n[\/checklist]\n[\/toggle]\n[toggle title=\u00bb<strong>An\u00e1lisis estructural para estudios de estabilidad de taludes en roca y suelo<\/strong>\u00ab]\n[checklist]\n<ul>\n<ul style=\"margin-top: 30px; margin-bottom: 30px; list-style: none;\">\n<li>Investigaciones de campo: inventario de taludes y estaciones geomec\u00e1nicas.<\/li>\n<li>Caracterizaci\u00f3n del macizo rocoso.<\/li>\n<li>Diagn\u00f3sticos de seguridad de vertederos, balsas mineras y plantas de tratamiento de residuos.<\/li>\n<\/ul>\n[\/checklist]\n[\/toggle]\n","protected":false},"excerpt":{"rendered":"<p>[toggle title=\u00bbAsistencia t\u00e9cnica en obra\u00ab] [checklist] Aprovechamiento de materiales y estabilidad de taludes. Supervisi\u00f3n de cimentaciones. [\/checklist] [\/toggle] [toggle title=\u00bbRedacci\u00f3n de Anejos de geolog\u00eda, geotecnia y materiales para obras lineales.\u00ab] [checklist] Proyectos para Licitaci\u00f3n, Informativos, B\u00e1sicos y de Construcci\u00f3n. Carreteras, l\u00edneas de ferrocarril, l\u00edneas de metro y conducciones. Realizaci\u00f3n de estudios, tanto para movimientos de<\/p>\n","protected":false},"author":8732,"featured_media":0,"parent":0,"menu_order":0,"comment_status":"open","ping_status":"open","template":"","meta":{"_monsterinsights_skip_tracking":false,"_monsterinsights_sitenote_active":false,"_monsterinsights_sitenote_note":"","_monsterinsights_sitenote_category":0,"footnotes":""},"class_list":["post-58","page","type-page","status-publish","hentry"],"yoast_head":"<!-- This site is optimized with the Yoast SEO plugin v27.5 - https:\/\/yoast.com\/product\/yoast-seo-wordpress\/ -->\n<title>Geotecnia servicios - GHM Consultores<\/title>\n<meta name=\"description\" content=\"GHM Consultores es especialista en geotecnia. Nuestra versatilidad t\u00e9cnica nos permite desarrollar un planteamiento espec\u00edfico para cada proyecto.\" \/>\n<meta name=\"robots\" content=\"index, follow, max-snippet:-1, max-image-preview:large, max-video-preview:-1\" \/>\n<link rel=\"canonical\" href=\"https:\/\/www.ghmconsultores.es\/es\/geotecnia-servicios\/\" \/>\n<meta property=\"og:locale\" content=\"es_ES\" \/>\n<meta property=\"og:type\" content=\"article\" \/>\n<meta property=\"og:title\" content=\"Geotecnia servicios - GHM Consultores\" \/>\n<meta property=\"og:description\" content=\"GHM Consultores es especialista en geotecnia. Nuestra versatilidad t\u00e9cnica nos permite desarrollar un planteamiento espec\u00edfico para cada proyecto.\" \/>\n<meta property=\"og:url\" content=\"https:\/\/www.ghmconsultores.es\/es\/geotecnia-servicios\/\" \/>\n<meta property=\"og:site_name\" content=\"GHM Consultores\" \/>\n<meta property=\"article:modified_time\" content=\"2015-03-13T04:38:36+00:00\" \/>\n<meta name=\"twitter:label1\" content=\"Tiempo de lectura\" \/>\n\t<meta name=\"twitter:data1\" content=\"2 minutos\" \/>\n<script type=\"application\/ld+json\" class=\"yoast-schema-graph\">{\"@context\":\"https:\\\/\\\/schema.org\",\"@graph\":[{\"@type\":\"WebPage\",\"@id\":\"https:\\\/\\\/www.ghmconsultores.es\\\/es\\\/geotecnia-servicios\\\/\",\"url\":\"https:\\\/\\\/www.ghmconsultores.es\\\/es\\\/geotecnia-servicios\\\/\",\"name\":\"Geotecnia servicios - GHM Consultores\",\"isPartOf\":{\"@id\":\"https:\\\/\\\/www.ghmconsultores.es\\\/#website\"},\"datePublished\":\"2012-11-14T08:03:49+00:00\",\"dateModified\":\"2015-03-13T04:38:36+00:00\",\"description\":\"GHM Consultores es especialista en geotecnia. Nuestra versatilidad t\u00e9cnica nos permite desarrollar un planteamiento espec\u00edfico para cada proyecto.\",\"breadcrumb\":{\"@id\":\"https:\\\/\\\/www.ghmconsultores.es\\\/es\\\/geotecnia-servicios\\\/#breadcrumb\"},\"inLanguage\":\"es\",\"potentialAction\":[{\"@type\":\"ReadAction\",\"target\":[\"https:\\\/\\\/www.ghmconsultores.es\\\/es\\\/geotecnia-servicios\\\/\"]}]},{\"@type\":\"BreadcrumbList\",\"@id\":\"https:\\\/\\\/www.ghmconsultores.es\\\/es\\\/geotecnia-servicios\\\/#breadcrumb\",\"itemListElement\":[{\"@type\":\"ListItem\",\"position\":1,\"name\":\"Home\",\"item\":\"https:\\\/\\\/www.ghmconsultores.es\\\/es\\\/\"},{\"@type\":\"ListItem\",\"position\":2,\"name\":\"Geotecnia servicios\"}]},{\"@type\":\"WebSite\",\"@id\":\"https:\\\/\\\/www.ghmconsultores.es\\\/#website\",\"url\":\"https:\\\/\\\/www.ghmconsultores.es\\\/\",\"name\":\"GHM Consultores\",\"description\":\"Ingenier\u00eda y geolog\u00eda - GHM Consultores Geotecnia Hidrogeolog\u00eda Medioambiente. Espa\u00f1a, Colombia, Chile y Jap\u00f3n.\",\"potentialAction\":[{\"@type\":\"SearchAction\",\"target\":{\"@type\":\"EntryPoint\",\"urlTemplate\":\"https:\\\/\\\/www.ghmconsultores.es\\\/?s={search_term_string}\"},\"query-input\":{\"@type\":\"PropertyValueSpecification\",\"valueRequired\":true,\"valueName\":\"search_term_string\"}}],\"inLanguage\":\"es\"}]}<\/script>\n<!-- \/ Yoast SEO plugin. -->","yoast_head_json":{"title":"Geotecnia servicios - GHM Consultores","description":"GHM Consultores es especialista en geotecnia. Nuestra versatilidad t\u00e9cnica nos permite desarrollar un planteamiento espec\u00edfico para cada proyecto.","robots":{"index":"index","follow":"follow","max-snippet":"max-snippet:-1","max-image-preview":"max-image-preview:large","max-video-preview":"max-video-preview:-1"},"canonical":"https:\/\/www.ghmconsultores.es\/es\/geotecnia-servicios\/","og_locale":"es_ES","og_type":"article","og_title":"Geotecnia servicios - GHM Consultores","og_description":"GHM Consultores es especialista en geotecnia. Nuestra versatilidad t\u00e9cnica nos permite desarrollar un planteamiento espec\u00edfico para cada proyecto.","og_url":"https:\/\/www.ghmconsultores.es\/es\/geotecnia-servicios\/","og_site_name":"GHM Consultores","article_modified_time":"2015-03-13T04:38:36+00:00","twitter_misc":{"Tiempo de lectura":"2 minutos"},"schema":{"@context":"https:\/\/schema.org","@graph":[{"@type":"WebPage","@id":"https:\/\/www.ghmconsultores.es\/es\/geotecnia-servicios\/","url":"https:\/\/www.ghmconsultores.es\/es\/geotecnia-servicios\/","name":"Geotecnia servicios - GHM Consultores","isPartOf":{"@id":"https:\/\/www.ghmconsultores.es\/#website"},"datePublished":"2012-11-14T08:03:49+00:00","dateModified":"2015-03-13T04:38:36+00:00","description":"GHM Consultores es especialista en geotecnia. Nuestra versatilidad t\u00e9cnica nos permite desarrollar un planteamiento espec\u00edfico para cada proyecto.","breadcrumb":{"@id":"https:\/\/www.ghmconsultores.es\/es\/geotecnia-servicios\/#breadcrumb"},"inLanguage":"es","potentialAction":[{"@type":"ReadAction","target":["https:\/\/www.ghmconsultores.es\/es\/geotecnia-servicios\/"]}]},{"@type":"BreadcrumbList","@id":"https:\/\/www.ghmconsultores.es\/es\/geotecnia-servicios\/#breadcrumb","itemListElement":[{"@type":"ListItem","position":1,"name":"Home","item":"https:\/\/www.ghmconsultores.es\/es\/"},{"@type":"ListItem","position":2,"name":"Geotecnia servicios"}]},{"@type":"WebSite","@id":"https:\/\/www.ghmconsultores.es\/#website","url":"https:\/\/www.ghmconsultores.es\/","name":"GHM Consultores","description":"Ingenier\u00eda y geolog\u00eda - GHM Consultores Geotecnia Hidrogeolog\u00eda Medioambiente. Espa\u00f1a, Colombia, Chile y Jap\u00f3n.","potentialAction":[{"@type":"SearchAction","target":{"@type":"EntryPoint","urlTemplate":"https:\/\/www.ghmconsultores.es\/?s={search_term_string}"},"query-input":{"@type":"PropertyValueSpecification","valueRequired":true,"valueName":"search_term_string"}}],"inLanguage":"es"}]}},"_links":{"self":[{"href":"https:\/\/www.ghmconsultores.es\/es\/wp-json\/wp\/v2\/pages\/58","targetHints":{"allow":["GET"]}}],"collection":[{"href":"https:\/\/www.ghmconsultores.es\/es\/wp-json\/wp\/v2\/pages"}],"about":[{"href":"https:\/\/www.ghmconsultores.es\/es\/wp-json\/wp\/v2\/types\/page"}],"author":[{"embeddable":true,"href":"https:\/\/www.ghmconsultores.es\/es\/wp-json\/wp\/v2\/users\/8732"}],"replies":[{"embeddable":true,"href":"https:\/\/www.ghmconsultores.es\/es\/wp-json\/wp\/v2\/comments?post=58"}],"version-history":[{"count":15,"href":"https:\/\/www.ghmconsultores.es\/es\/wp-json\/wp\/v2\/pages\/58\/revisions"}],"predecessor-version":[{"id":1510,"href":"https:\/\/www.ghmconsultores.es\/es\/wp-json\/wp\/v2\/pages\/58\/revisions\/1510"}],"wp:attachment":[{"href":"https:\/\/www.ghmconsultores.es\/es\/wp-json\/wp\/v2\/media?parent=58"}],"curies":[{"name":"wp","href":"https:\/\/api.w.org\/{rel}","templated":true}]}}