{"id":364,"date":"2013-04-11T12:16:59","date_gmt":"2013-04-11T12:16:59","guid":{"rendered":"http:\/\/www.ghmconsultores.es\/?page_id=364"},"modified":"2015-03-13T04:39:52","modified_gmt":"2015-03-13T04:39:52","slug":"trabajos-realizados-infraestructurasobra-civil","status":"publish","type":"page","link":"https:\/\/www.ghmconsultores.es\/es\/trabajos-realizados-infraestructurasobra-civil\/","title":{"rendered":"Trabajos realizados  &#8211; Infraestructuras\/Obra Civil"},"content":{"rendered":"<div class=\"title\">\n<h2>Trabajos realizados &#8211; Infraestructuras \/ Obra Civil<\/h2>\n<\/div>\n<p>GHM Consultores ha participado de forma activa en numerosos proyectos de obra civil e infraestructuras, abord\u00e1ndolos de forma integral o colaborando con los departamentos t\u00e9cnicos de las principales ingenier\u00edas:<\/p>\n<p><strong>Redacci\u00f3n de los anejos de Geolog\u00eda y Procedencia de Materiales, Geotecnia del Corredor, y Cimentaci\u00f3n (fundaci\u00f3n) de Estructuras, de proyectos informativos y de construcci\u00f3n para la Red de Carreteras del Estado y Auton\u00f3micas, contando con la labor de coordinaci\u00f3n de maquinaria y supervisi\u00f3n de campo.<\/strong><\/p>\n<p>ESTUDIO GEOL\u00d3GICO-GEOT\u00c9CNICO PARA EL PROYECTO DE CONSTRUCCI\u00d3N \u201cVARIANTE DE LA CARRETERA M-204 EN VILLAR DEL OLMO\u201d (MADRID).<img loading=\"lazy\" decoding=\"async\" class=\"size-full wp-image-490 alignleft\" src=\"http:\/\/www.ghmconsultores.es\/wp-content\/uploads\/INCOYDESA.jpg\" alt=\"INCOYDESA\" width=\"268\" height=\"200\" \/><\/p>\n<p>Objeto: La ejecuci\u00f3n de los Anejos de Geolog\u00eda y aprovechamiento de materiales, de Geotecnia del corredor y de Cimentaci\u00f3n de estructuras. Esto incluye la determinaci\u00f3n de la cimentaci\u00f3n de las estructuras, excavabilidad del terreno, taludes estables, saneo y asiento de los terraplenes, clasificaci\u00f3n y aprovechamiento de los materiales.<br \/>\nCliente: INCOYDESA<\/p>\n<p>&nbsp;<\/p>\n<p>&nbsp;<\/p>\n<p>&nbsp;<\/p>\n<p>Trabajos realizados: Se llev\u00f3 el control de la campa\u00f1a de campo, que inclu\u00eda una cartograf\u00eda geol\u00f3gica de detalle, la testificaci\u00f3n de sondeos y calicatas, emplazamiento de ensayos de penetraci\u00f3n din\u00e1mica, emplazamiento de trabajos geof\u00edsicos, control de los niveles fre\u00e1ticos y realizaci\u00f3n de inventarios de taludes, canteras, pr\u00e9stamos y plantas de suministro, as\u00ed como el c\u00e1lculo de la estabilidad de los taludes, cimentaci\u00f3n (fundaci\u00f3n) de estructuras y aprovechamiento de materiales.<\/p>\n<p><strong>Estudios hidrol\u00f3gicos aplicados a la obra civil<\/strong><\/p>\n<p>ESTUDIO HIDROGEOL\u00d3GICO PARA EL DISE\u00d1O DE DRENAJE DE DESMONTES EN EL TRAMO DE DESDOBLAMIENTO DE LA M-100, ALCAL\u00c1 DE HENARES.<img loading=\"lazy\" decoding=\"async\" class=\"size-full wp-image-493 alignleft\" src=\"http:\/\/www.ghmconsultores.es\/wp-content\/uploads\/FERROVIAL.jpg\" alt=\"FERROVIAL\" width=\"250\" height=\"189\" \/><\/p>\n<p>Objeto: Determinar los aportes de agua subterr\u00e1nea en los diferentes materiales y tramos de la M-100, determinar las causas de encharcamiento del trazado, con el objeto de dise\u00f1ar el drenaje de la carretera<\/p>\n<p>Cliente: FERROVIAL<\/p>\n<p>&nbsp;<\/p>\n<p>&nbsp;<\/p>\n<p>Trabajos realizados: Investigaciones con sondeos, ensayos de permeabilidad puntual en sondeos, ensayos de laboratorio, ensayos de bombeo, ensayos de recarga as\u00ed como una cartograf\u00eda de detalle, determinando el tipo, caudal y zonas de aportes de aguas subterr\u00e1neas.<\/p>\n<p>REALIZACI\u00d3N DE TRABAJOS DE CAMPO Y GABINETE PARA LA INVESTIGACI\u00d3N HIDROGEOL\u00d3GICA DE LAS OBRAS DE CONSTRUCCI\u00d3N DE \u201cL\u00cdNEA 1 DEL METRO LIGERO DE GRANADA. TRAMO II (SUBTRAMO 1.2) M\u00c9NDEZ N\u00da\u00d1EZ \u2013 P.K. 1+800\u201d DEL METRO LIGERO DE GRANADA.<img loading=\"lazy\" decoding=\"async\" class=\"size-full wp-image-495 alignleft\" src=\"http:\/\/www.ghmconsultores.es\/wp-content\/uploads\/DRAGADOS.jpg\" alt=\"DRAGADOS\" width=\"244\" height=\"169\" \/><\/p>\n<p>Objeto: Determinar la posible interferencia del nivel fre\u00e1tico con la obra a ejecutar para cambiar pantallas continuas por pantallas discontinuas de pilotes.<\/p>\n<p>Cliente: DRAGADOS<\/p>\n<p>&nbsp;<\/p>\n<p>&nbsp;<\/p>\n<p>Trabajos realizados: Campa\u00f1a de investigaci\u00f3n de los niveles fre\u00e1ticos y an\u00e1lisis de evoluci\u00f3n para determinar m\u00e1ximos y m\u00ednimos de los niveles en el tiempo. Realizaci\u00f3n e interpretaci\u00f3n de ensayos de permeabilidad.<\/p>\n<p><strong>Supervisi\u00f3n y control de trabajos de campo para Proyectos de Licitaci\u00f3n, Informativos, B\u00e1sicos y de Construcci\u00f3n de Obras Lineales de Carreteras y Ferroviarias.<\/strong><\/p>\n<p>ESTUDIO GEOL\u00d3GICO PARA EL PROYECTO DE LICITACI\u00d3N DE LA IP-4 TRAMO BRAGAN\u00c7A-VILAREAL, PORTUGAL<img loading=\"lazy\" decoding=\"async\" class=\"size-full wp-image-497 alignleft\" src=\"http:\/\/www.ghmconsultores.es\/wp-content\/uploads\/ferrovial.png\" alt=\"ferrovial\" width=\"277\" height=\"186\" \/><\/p>\n<p>Objeto: Determinar las caracter\u00edsticas geol\u00f3gico-geot\u00e9cnicas del terreno de cara a presentar un proyecto de licitaci\u00f3n de 160 km de carretera, con numerosas estructuras, incluyendo viaductos importantes. Esto abarca la determinaci\u00f3n de la cimentaci\u00f3n de las estructuras, excavabilidad del terreno, taludes estables, saneo y asiento de los terraplenes, clasificaci\u00f3n y aprovechamiento de los materiales.<br \/>\nCliente: FERROVIAL-AGROMAN<\/p>\n<p>&nbsp;<\/p>\n<p>Trabajos realizados: Se llev\u00f3 el control de la campa\u00f1a de campo, que inclu\u00eda una cartograf\u00eda geol\u00f3gica de detalle, emplazamiento de ensayos geof\u00edsicos, realizaci\u00f3n de inventarios de taludes y estaciones geomec\u00e1nicas, c\u00e1lculo de la estabilidad de los taludes de desmonte mediante programas inform\u00e1ticos y representaci\u00f3n mediante proyecci\u00f3n estereogr\u00e1fica de las cu\u00f1as.<\/p>\n<p>PROYECTO DE CONSTRUCCI\u00d3N DE LA AUTOPISTA AP-46: ALTO DE LAS PEDRIZAS \u2013 M\u00c1LAGA.<img loading=\"lazy\" decoding=\"async\" class=\"size-full wp-image-499 alignleft\" src=\"http:\/\/www.ghmconsultores.es\/wp-content\/uploads\/typsa1.jpg\" alt=\"typsa\" width=\"240\" height=\"182\" srcset=\"https:\/\/www.ghmconsultores.es\/wp-content\/uploads\/typsa1.jpg 240w, https:\/\/www.ghmconsultores.es\/wp-content\/uploads\/typsa1-180x138.jpg 180w\" sizes=\"auto, (max-width: 240px) 100vw, 240px\" \/><\/p>\n<p>Objeto: Supervisi\u00f3n de la campa\u00f1a de reconocimiento geot\u00e9cnico de un proyecto de 23 km carretera, en contacto permanente con la oficina t\u00e9cnica del cliente y con la constructora.<\/p>\n<p>Cliente: TYPSA.<\/p>\n<p>&nbsp;<\/p>\n<p>&nbsp;<\/p>\n<p>Trabajos realizados: Se llev\u00f3 el control de la campa\u00f1a de campo, que inclu\u00eda una cartograf\u00eda geol\u00f3gica de detalle, el emplazamiento y la testificaci\u00f3n de sondeos y calicatas, emplazamiento de ensayos de penetraci\u00f3n din\u00e1mica, control de los niveles fre\u00e1ticos, realizaci\u00f3n de inventarios de puntos de agua, plantas de suministro, canteras y graveras.<\/p>\n<p>CONTROL Y SUPERVISI\u00d3N TRABAJOS DE CAMPO PARA PROYECTOS CONSTRUCTIVOS DE DIFERENTES TRAMOS DEL LAV MADRID-VALENCIA- REGI\u00d3N DE MURCIA.<img loading=\"lazy\" decoding=\"async\" class=\"size-full wp-image-500 alignleft\" src=\"http:\/\/www.ghmconsultores.es\/wp-content\/uploads\/KVSener.jpg\" alt=\"KVSener\" width=\"264\" height=\"199\" \/><\/p>\n<p>Objeto: Realizaci\u00f3n de estudios geol\u00f3gico-geot\u00e9cnicos de varios tramos de l\u00edneas de ferrocarril de alta velocidad. Esto incluye la determinaci\u00f3n de la cimentaci\u00f3n de las estructuras, excavabilidad del terreno, taludes estables, saneo y asiento de los terraplenes, clasificaci\u00f3n y aprovechamiento de los materiales.<\/p>\n<p>Clientes: KV CONSULTORES SENER, ESTEYCO, DM IBERIA, etc.<\/p>\n<p>&nbsp;<\/p>\n<p>&nbsp;<\/p>\n<p>Trabajos realizados: Se llev\u00f3 el control de la campa\u00f1a de campo, que inclu\u00eda la gesti\u00f3n de los permisos, una cartograf\u00eda geol\u00f3gica de detalle, el emplazamiento y la testificaci\u00f3n de sondeos y calicatas, emplazamiento de ensayos de penetraci\u00f3n din\u00e1mica, control de los niveles fre\u00e1ticos y el inventario de pr\u00e9stamos, canteras y graveras.<\/p>\n<p><strong>Asistencia t\u00e9cnica en proyectos de infraestructuras, obra civil y obra hidr\u00e1ulica.<\/strong><\/p>\n<p>ASISTENCIA T\u00c9CNICA PARA EL PROYECTO DE PRESA, CAPTACIONES, IMPULSIONES Y CONDUCCI\u00d3N PRINCIPAL DE LA RED DE RIEGO PARA 1.500 HA EN LA ZONA DEL R\u00cdO ROJO, BERANTEVILLA (BURGOS-\u00c1LAVA).<img loading=\"lazy\" decoding=\"async\" class=\"size-full wp-image-501 alignleft\" src=\"http:\/\/www.ghmconsultores.es\/wp-content\/uploads\/tragsa.jpg\" alt=\"tragsa\" width=\"230\" height=\"173\" \/><\/p>\n<p>Objeto: Determinaci\u00f3n de los par\u00e1metros resistentes y condicionantes geol\u00f3gico- geot\u00e9cnicos para la construcci\u00f3n de una presa.<\/p>\n<p>Cliente: TRAGSA<\/p>\n<p>&nbsp;<\/p>\n<p>&nbsp;<\/p>\n<p>Trabajos realizados: Realizaci\u00f3n de investigaciones geot\u00e9cnicas, determinaci\u00f3n de la interacci\u00f3n de los niveles fre\u00e1ticos y c\u00e1lculo de las estabilidad de los taludes, aprovechamiento de materiales, saneo y asientos en los diques y determinaci\u00f3n de los niveles resistentes en fase de ejecuci\u00f3n.<\/p>\n<p><strong>Estudios geol\u00f3gico-geot\u00e9cnicos para obras hidr\u00e1ulicas (presas, balsas, azudes, estaciones de bombeo) y redes de abastecimiento (tuber\u00eda, canalizaciones, colectores).<\/strong><\/p>\n<p>ESTUDIO GEOL\u00d3GICO GEOT\u00c9CNICO PARA LA CONSTRUCCI\u00d3N DE 6 BALSAS DE REGAD\u00cdO Y 300 KM DE TUBER\u00cdAS EN EL R\u00cdO NAJERILLA, M\u00c1RGENES IZQUIERDA Y DERECHA. LA RIOJA.<img loading=\"lazy\" decoding=\"async\" class=\"size-full wp-image-502 alignleft\" src=\"http:\/\/www.ghmconsultores.es\/wp-content\/uploads\/SEIASADELNORDESTE.jpg\" alt=\"SEIASADELNORDESTE\" width=\"290\" height=\"193\" \/><\/p>\n<p>Objeto: Determinaci\u00f3n de la viabilidad para la construcci\u00f3n de 6 balsas de regulaci\u00f3n y 300 km de tuber\u00edas<br \/>\nCliente: SEIASA DEL NORDESTE<\/p>\n<p>&nbsp;<\/p>\n<p>&nbsp;<\/p>\n<p>&nbsp;<\/p>\n<p>Trabajos realizados: Investigaciones de campo con sondeos, geof\u00edsica, calicatas y cartograf\u00eda de detalle. Determinaci\u00f3n de interferencias con los niveles fre\u00e1ticos y condicionantes de excavabilidad, as\u00ed como estabilidad de los taludes de desmonte y terrapl\u00e9n.<\/p>\n<p>ESTUDIO GEOT\u00c9CNICO PARA LA CONSTRUCCI\u00d3N DE CUATRO BALSAS, ESTACIONES DE BOMBEO Y EDIFICIOS ANEJOS, DEL SECTOR VIII DE LOS MONEGROS II, N\u00ba DE OBRA 43124, EN LA ZONA DE PE\u00d1ALBA Y BUJARALOZ ENTRE LAS PROVINCIAS DE HUESCA Y ZARAGOZA.<img loading=\"lazy\" decoding=\"async\" class=\"size-full wp-image-504 alignleft\" src=\"http:\/\/www.ghmconsultores.es\/wp-content\/uploads\/tragsahuescazaragoza.jpg\" alt=\"tragsahuescazaragoza\" width=\"264\" height=\"200\" \/><\/p>\n<p>Objeto: Determinaci\u00f3n de la viabilidad para la construcci\u00f3n de 4 balsas de regulaci\u00f3n y edificios anejos.<br \/>\nCliente: TRAGSA<\/p>\n<p>&nbsp;<\/p>\n<p>&nbsp;<\/p>\n<p>&nbsp;<\/p>\n<p>Trabajos realizados: Investigaciones de campo con sondeos, geof\u00edsica, calicatas y cartograf\u00eda de detalle. Determinaci\u00f3n de interferencias con los niveles fre\u00e1ticos y posibles carstificaciones en zonas yes\u00edferas, condicionantes de excavabilidad, as\u00ed como estabilidad de los taludes de desmonte y terrapl\u00e9n.<\/p>\n<p><strong>Estudios de estabilidad e inventario de taludes, caracterizaci\u00f3n del macizo rocoso y ejecuci\u00f3n de recalce de cimentaciones (fundaciones) para edificaci\u00f3n (muros), obras lineales (desmontes y terraplenes) y t\u00faneles.<\/strong><\/p>\n<p>ESTUDIO GEOL\u00d3GICO-GEOT\u00c9CNICO CON DIRECCI\u00d3N Y SUPERVISI\u00d3N DE LA CAMPA\u00d1A DE CAMPO PARA EL \u201cPLAN DIRECTOR DEL ACANTILADO DEL PUERTO DE MA\u00d3\u201d, MENORCA.<img loading=\"lazy\" decoding=\"async\" class=\"size-full wp-image-505 alignleft\" src=\"http:\/\/www.ghmconsultores.es\/wp-content\/uploads\/SOLUCIONESINGENIERIA.jpg\" alt=\"SOLUCIONESINGENIERIA\" width=\"217\" height=\"163\" \/><\/p>\n<p>Objeto: Determinar las inestabilidades del talud del puerto de Ma\u00f3, para establecer medidas de sostenimiento.<\/p>\n<p>Cliente: CONSULTOR\u00cdA Y SOLUCIONES DE INGENIER\u00cdA<\/p>\n<p>&nbsp;<\/p>\n<p>&nbsp;<\/p>\n<p>Trabajos realizados: Investigaciones con sondeos y geof\u00edsica, as\u00ed como estaciones geomec\u00e1nicas y cartograf\u00eda de detalle, determinando el tipo y causas de inestabilidades, dimensiones y estableciendo las medidas de sostenimiento.<\/p>\n","protected":false},"excerpt":{"rendered":"<p>Trabajos realizados &#8211; Infraestructuras \/ Obra Civil GHM Consultores ha participado de forma activa en numerosos proyectos de obra civil e infraestructuras, abord\u00e1ndolos de forma integral o colaborando con los departamentos t\u00e9cnicos de las principales ingenier\u00edas: Redacci\u00f3n de los anejos de Geolog\u00eda y Procedencia de Materiales, Geotecnia del Corredor, y Cimentaci\u00f3n (fundaci\u00f3n) de Estructuras, de<\/p>\n","protected":false},"author":8732,"featured_media":0,"parent":0,"menu_order":0,"comment_status":"open","ping_status":"open","template":"","meta":{"_monsterinsights_skip_tracking":false,"_monsterinsights_sitenote_active":false,"_monsterinsights_sitenote_note":"","_monsterinsights_sitenote_category":0,"footnotes":""},"class_list":["post-364","page","type-page","status-publish","hentry"],"yoast_head":"<!-- This site is optimized with the Yoast SEO plugin v27.5 - https:\/\/yoast.com\/product\/yoast-seo-wordpress\/ -->\n<title>Trabajos realizados - Infraestructuras\/Obra Civil - GHM Consultores<\/title>\n<meta name=\"robots\" content=\"index, follow, max-snippet:-1, max-image-preview:large, max-video-preview:-1\" \/>\n<link rel=\"canonical\" href=\"https:\/\/www.ghmconsultores.es\/es\/trabajos-realizados-infraestructurasobra-civil\/\" \/>\n<meta property=\"og:locale\" content=\"es_ES\" \/>\n<meta property=\"og:type\" content=\"article\" \/>\n<meta property=\"og:title\" content=\"Trabajos realizados - Infraestructuras\/Obra Civil - GHM Consultores\" \/>\n<meta property=\"og:description\" content=\"Trabajos realizados &#8211; Infraestructuras \/ Obra Civil GHM Consultores ha participado de forma activa en numerosos proyectos de obra civil e infraestructuras, abord\u00e1ndolos de forma integral o colaborando con los departamentos t\u00e9cnicos de las principales ingenier\u00edas: Redacci\u00f3n de los anejos de Geolog\u00eda y Procedencia de Materiales, Geotecnia del Corredor, y Cimentaci\u00f3n (fundaci\u00f3n) de Estructuras, de\" \/>\n<meta property=\"og:url\" content=\"https:\/\/www.ghmconsultores.es\/es\/trabajos-realizados-infraestructurasobra-civil\/\" \/>\n<meta property=\"og:site_name\" content=\"GHM Consultores\" \/>\n<meta property=\"article:modified_time\" content=\"2015-03-13T04:39:52+00:00\" \/>\n<meta property=\"og:image\" content=\"http:\/\/www.ghmconsultores.es\/wp-content\/uploads\/INCOYDESA.jpg\" \/>\n<meta name=\"twitter:label1\" content=\"Tiempo de lectura\" \/>\n\t<meta name=\"twitter:data1\" content=\"7 minutos\" \/>\n<script type=\"application\/ld+json\" class=\"yoast-schema-graph\">{\"@context\":\"https:\\\/\\\/schema.org\",\"@graph\":[{\"@type\":\"WebPage\",\"@id\":\"https:\\\/\\\/www.ghmconsultores.es\\\/es\\\/trabajos-realizados-infraestructurasobra-civil\\\/\",\"url\":\"https:\\\/\\\/www.ghmconsultores.es\\\/es\\\/trabajos-realizados-infraestructurasobra-civil\\\/\",\"name\":\"Trabajos realizados - Infraestructuras\\\/Obra Civil - GHM Consultores\",\"isPartOf\":{\"@id\":\"https:\\\/\\\/www.ghmconsultores.es\\\/#website\"},\"primaryImageOfPage\":{\"@id\":\"https:\\\/\\\/www.ghmconsultores.es\\\/es\\\/trabajos-realizados-infraestructurasobra-civil\\\/#primaryimage\"},\"image\":{\"@id\":\"https:\\\/\\\/www.ghmconsultores.es\\\/es\\\/trabajos-realizados-infraestructurasobra-civil\\\/#primaryimage\"},\"thumbnailUrl\":\"http:\\\/\\\/www.ghmconsultores.es\\\/wp-content\\\/uploads\\\/INCOYDESA.jpg\",\"datePublished\":\"2013-04-11T12:16:59+00:00\",\"dateModified\":\"2015-03-13T04:39:52+00:00\",\"breadcrumb\":{\"@id\":\"https:\\\/\\\/www.ghmconsultores.es\\\/es\\\/trabajos-realizados-infraestructurasobra-civil\\\/#breadcrumb\"},\"inLanguage\":\"es\",\"potentialAction\":[{\"@type\":\"ReadAction\",\"target\":[\"https:\\\/\\\/www.ghmconsultores.es\\\/es\\\/trabajos-realizados-infraestructurasobra-civil\\\/\"]}]},{\"@type\":\"ImageObject\",\"inLanguage\":\"es\",\"@id\":\"https:\\\/\\\/www.ghmconsultores.es\\\/es\\\/trabajos-realizados-infraestructurasobra-civil\\\/#primaryimage\",\"url\":\"http:\\\/\\\/www.ghmconsultores.es\\\/wp-content\\\/uploads\\\/INCOYDESA.jpg\",\"contentUrl\":\"http:\\\/\\\/www.ghmconsultores.es\\\/wp-content\\\/uploads\\\/INCOYDESA.jpg\"},{\"@type\":\"BreadcrumbList\",\"@id\":\"https:\\\/\\\/www.ghmconsultores.es\\\/es\\\/trabajos-realizados-infraestructurasobra-civil\\\/#breadcrumb\",\"itemListElement\":[{\"@type\":\"ListItem\",\"position\":1,\"name\":\"Home\",\"item\":\"https:\\\/\\\/www.ghmconsultores.es\\\/es\\\/\"},{\"@type\":\"ListItem\",\"position\":2,\"name\":\"Trabajos realizados &#8211; Infraestructuras\\\/Obra Civil\"}]},{\"@type\":\"WebSite\",\"@id\":\"https:\\\/\\\/www.ghmconsultores.es\\\/#website\",\"url\":\"https:\\\/\\\/www.ghmconsultores.es\\\/\",\"name\":\"GHM Consultores\",\"description\":\"Ingenier\u00eda y geolog\u00eda - GHM Consultores Geotecnia Hidrogeolog\u00eda Medioambiente. Espa\u00f1a, Colombia, Chile y Jap\u00f3n.\",\"potentialAction\":[{\"@type\":\"SearchAction\",\"target\":{\"@type\":\"EntryPoint\",\"urlTemplate\":\"https:\\\/\\\/www.ghmconsultores.es\\\/?s={search_term_string}\"},\"query-input\":{\"@type\":\"PropertyValueSpecification\",\"valueRequired\":true,\"valueName\":\"search_term_string\"}}],\"inLanguage\":\"es\"}]}<\/script>\n<!-- \/ Yoast SEO plugin. -->","yoast_head_json":{"title":"Trabajos realizados - Infraestructuras\/Obra Civil - GHM Consultores","robots":{"index":"index","follow":"follow","max-snippet":"max-snippet:-1","max-image-preview":"max-image-preview:large","max-video-preview":"max-video-preview:-1"},"canonical":"https:\/\/www.ghmconsultores.es\/es\/trabajos-realizados-infraestructurasobra-civil\/","og_locale":"es_ES","og_type":"article","og_title":"Trabajos realizados - Infraestructuras\/Obra Civil - GHM Consultores","og_description":"Trabajos realizados &#8211; Infraestructuras \/ Obra Civil GHM Consultores ha participado de forma activa en numerosos proyectos de obra civil e infraestructuras, abord\u00e1ndolos de forma integral o colaborando con los departamentos t\u00e9cnicos de las principales ingenier\u00edas: Redacci\u00f3n de los anejos de Geolog\u00eda y Procedencia de Materiales, Geotecnia del Corredor, y Cimentaci\u00f3n (fundaci\u00f3n) de Estructuras, de","og_url":"https:\/\/www.ghmconsultores.es\/es\/trabajos-realizados-infraestructurasobra-civil\/","og_site_name":"GHM Consultores","article_modified_time":"2015-03-13T04:39:52+00:00","og_image":[{"url":"http:\/\/www.ghmconsultores.es\/wp-content\/uploads\/INCOYDESA.jpg","type":"","width":"","height":""}],"twitter_misc":{"Tiempo de lectura":"7 minutos"},"schema":{"@context":"https:\/\/schema.org","@graph":[{"@type":"WebPage","@id":"https:\/\/www.ghmconsultores.es\/es\/trabajos-realizados-infraestructurasobra-civil\/","url":"https:\/\/www.ghmconsultores.es\/es\/trabajos-realizados-infraestructurasobra-civil\/","name":"Trabajos realizados - Infraestructuras\/Obra Civil - GHM Consultores","isPartOf":{"@id":"https:\/\/www.ghmconsultores.es\/#website"},"primaryImageOfPage":{"@id":"https:\/\/www.ghmconsultores.es\/es\/trabajos-realizados-infraestructurasobra-civil\/#primaryimage"},"image":{"@id":"https:\/\/www.ghmconsultores.es\/es\/trabajos-realizados-infraestructurasobra-civil\/#primaryimage"},"thumbnailUrl":"http:\/\/www.ghmconsultores.es\/wp-content\/uploads\/INCOYDESA.jpg","datePublished":"2013-04-11T12:16:59+00:00","dateModified":"2015-03-13T04:39:52+00:00","breadcrumb":{"@id":"https:\/\/www.ghmconsultores.es\/es\/trabajos-realizados-infraestructurasobra-civil\/#breadcrumb"},"inLanguage":"es","potentialAction":[{"@type":"ReadAction","target":["https:\/\/www.ghmconsultores.es\/es\/trabajos-realizados-infraestructurasobra-civil\/"]}]},{"@type":"ImageObject","inLanguage":"es","@id":"https:\/\/www.ghmconsultores.es\/es\/trabajos-realizados-infraestructurasobra-civil\/#primaryimage","url":"http:\/\/www.ghmconsultores.es\/wp-content\/uploads\/INCOYDESA.jpg","contentUrl":"http:\/\/www.ghmconsultores.es\/wp-content\/uploads\/INCOYDESA.jpg"},{"@type":"BreadcrumbList","@id":"https:\/\/www.ghmconsultores.es\/es\/trabajos-realizados-infraestructurasobra-civil\/#breadcrumb","itemListElement":[{"@type":"ListItem","position":1,"name":"Home","item":"https:\/\/www.ghmconsultores.es\/es\/"},{"@type":"ListItem","position":2,"name":"Trabajos realizados &#8211; Infraestructuras\/Obra Civil"}]},{"@type":"WebSite","@id":"https:\/\/www.ghmconsultores.es\/#website","url":"https:\/\/www.ghmconsultores.es\/","name":"GHM Consultores","description":"Ingenier\u00eda y geolog\u00eda - GHM Consultores Geotecnia Hidrogeolog\u00eda Medioambiente. Espa\u00f1a, Colombia, Chile y Jap\u00f3n.","potentialAction":[{"@type":"SearchAction","target":{"@type":"EntryPoint","urlTemplate":"https:\/\/www.ghmconsultores.es\/?s={search_term_string}"},"query-input":{"@type":"PropertyValueSpecification","valueRequired":true,"valueName":"search_term_string"}}],"inLanguage":"es"}]}},"_links":{"self":[{"href":"https:\/\/www.ghmconsultores.es\/es\/wp-json\/wp\/v2\/pages\/364","targetHints":{"allow":["GET"]}}],"collection":[{"href":"https:\/\/www.ghmconsultores.es\/es\/wp-json\/wp\/v2\/pages"}],"about":[{"href":"https:\/\/www.ghmconsultores.es\/es\/wp-json\/wp\/v2\/types\/page"}],"author":[{"embeddable":true,"href":"https:\/\/www.ghmconsultores.es\/es\/wp-json\/wp\/v2\/users\/8732"}],"replies":[{"embeddable":true,"href":"https:\/\/www.ghmconsultores.es\/es\/wp-json\/wp\/v2\/comments?post=364"}],"version-history":[{"count":13,"href":"https:\/\/www.ghmconsultores.es\/es\/wp-json\/wp\/v2\/pages\/364\/revisions"}],"predecessor-version":[{"id":1539,"href":"https:\/\/www.ghmconsultores.es\/es\/wp-json\/wp\/v2\/pages\/364\/revisions\/1539"}],"wp:attachment":[{"href":"https:\/\/www.ghmconsultores.es\/es\/wp-json\/wp\/v2\/media?parent=364"}],"curies":[{"name":"wp","href":"https:\/\/api.w.org\/{rel}","templated":true}]}}