{"id":361,"date":"2013-04-11T12:15:37","date_gmt":"2013-04-11T12:15:37","guid":{"rendered":"http:\/\/www.ghmconsultores.es\/?page_id=361"},"modified":"2015-03-13T04:40:01","modified_gmt":"2015-03-13T04:40:01","slug":"trabajos-realizados-mineria","status":"publish","type":"page","link":"https:\/\/www.ghmconsultores.es\/es\/trabajos-realizados-mineria\/","title":{"rendered":"Trabajos realizados &#8211; Miner\u00eda"},"content":{"rendered":"<div class=\"title\">\n<h2>Trabajos realizados &#8211; Miner\u00eda<\/h2>\n<\/div>\n<p><strong>GHM Consultores<\/strong> ha participado de forma activa en numerosos proyectos de miner\u00eda. Se detallan a continuaci\u00f3n algunos de los proyectos que avalan nuestra experiencia en el sector:<\/p>\n<p>GHM Consultores ha participado de forma activa en numerosos proyectos de miner\u00eda. Se detallan a continuaci\u00f3n algunos de los proyectos que avalan nuestra experiencia en el sector:<\/p>\n<p><strong>Proyectos de estimaci\u00f3n de reservas y aprovechamiento de cavidades para instalaci\u00f3n de tanques de relave.<\/strong><\/p>\n<p>ESTUDIO PARA ESTIMACI\u00d3N DE VOLUMEN Y GEOMETR\u00cdA DE DEP\u00d3SITOS ALUVIALES, ESTUDIOS HIDROGEOL\u00d3GICOS PARA CARACTERIZACI\u00d3N DE EST\u00c9RILES Y ESTUDIOS GEOT\u00c9CNICOS PARA AMPLIACI\u00d3N DE LA MINA DE SANTA MARTA E INSTALACIONES EN VILLARRUBIA DE SANTIAGO (TOLEDO).<\/p>\n<p><img loading=\"lazy\" decoding=\"async\" class=\"size-full wp-image-479 alignleft\" title=\"GRUPOSAMCA\" src=\"http:\/\/www.ghmconsultores.es\/wp-content\/uploads\/GRUPOSAMCA.jpg\" alt=\"GRUPOSAMCA\" width=\"249\" height=\"189\" srcset=\"https:\/\/www.ghmconsultores.es\/wp-content\/uploads\/GRUPOSAMCA.jpg 249w, https:\/\/www.ghmconsultores.es\/wp-content\/uploads\/GRUPOSAMCA-180x138.jpg 180w\" sizes=\"auto, (max-width: 249px) 100vw, 249px\" \/><\/p>\n<p>Objeto: Realizaci\u00f3n de estudios para cubicaci\u00f3n de material, mediante la realizaci\u00f3n de prospecciones geof\u00edsicas (tomograf\u00eda), an\u00e1lisis de viabilidad para reutilizaci\u00f3n de las zonas de excavaci\u00f3n como tanques de relave, investigaci\u00f3n de afecciones a las aguas subterr\u00e1neas por acumulaci\u00f3n de est\u00e9riles, y estudios de cimentaci\u00f3n para ampliaci\u00f3n de instalaciones.<br \/>\nCliente: GRUPO SAMCA<\/p>\n<p>&nbsp;<\/p>\n<p>&nbsp;<\/p>\n<p>&nbsp;<\/p>\n<p>&nbsp;<\/p>\n<p><strong>Proyectos de clausura de balsas y vertederos.<\/strong><\/p>\n<p>PROYECTO DE CLAUSURA DEL VERTEDERO DE LA BASE A\u00c9REA DE TORREJ\u00d3N DE ARDOZ, (MADRID).<\/p>\n<p><img loading=\"lazy\" decoding=\"async\" class=\"size-full wp-image-480 alignleft\" src=\"http:\/\/www.ghmconsultores.es\/wp-content\/uploads\/TRAGSATEC.jpg\" alt=\"TRAGSATEC\" width=\"261\" height=\"140\" \/><\/p>\n<p>Objeto: estado del terreno y las aguas subterr\u00e1neas para la clausura del vertedero de la Base A\u00e9rea de Torrej\u00f3n de Ardoz en Madrid<br \/>\nCliente: TRAGSATEC<\/p>\n<p>Trabajos realizados: Determinaci\u00f3n de las caracter\u00edsticas del medio receptor y espesor de rellenos, mediante una campa\u00f1a piezom\u00e9trica, geof\u00edsica, sondeos, toma de muestras y an\u00e1lisis qu\u00edmicos. Realizaci\u00f3n de una cartograf\u00eda tem\u00e1tica y establecimiento de una red de control de calidad qu\u00edmica y medidas correctoras.<\/p>\n<p>&nbsp;<\/p>\n<p>&nbsp;<\/p>\n<p><strong>Estudios de impacto ambiental para la apertura y ampliaci\u00f3n de explotaciones mineras.<\/strong><\/p>\n<p>ESTUDIOS DE IMPACTO AMBIENTAL PARA EL APROVECHAMIENTO Y REHABILITACI\u00d3N DE LA CANTERA \u201cESTER\u201cEN PEDRERA, SEVILLA.<\/p>\n<p><img loading=\"lazy\" decoding=\"async\" class=\"size-full wp-image-482 alignleft\" title=\"SADAIASESORAMIENTO\" src=\"http:\/\/www.ghmconsultores.es\/wp-content\/uploads\/SADAIASESORAMIENTO.jpg\" alt=\"SADAIASESORAMIENTO\" width=\"222\" height=\"170\" srcset=\"https:\/\/www.ghmconsultores.es\/wp-content\/uploads\/SADAIASESORAMIENTO.jpg 222w, https:\/\/www.ghmconsultores.es\/wp-content\/uploads\/SADAIASESORAMIENTO-180x138.jpg 180w\" sizes=\"auto, (max-width: 222px) 100vw, 222px\" \/><\/p>\n<p>Objeto: Determinaci\u00f3n de la posible afecci\u00f3n a las aguas subterr\u00e1neas del vertido de una explotaci\u00f3n minera,<br \/>\nCliente: SADAI ASESORAMIENTO<\/p>\n<p>&nbsp;<\/p>\n<p>&nbsp;<\/p>\n<p>&nbsp;<\/p>\n<p>&nbsp;<\/p>\n<p>Trabajos realizados: Determinaci\u00f3n de las caracter\u00edsticas del medio receptor mediante una campa\u00f1a piezom\u00e9trica, toma de muestras y an\u00e1lisis qu\u00edmicos. Realizaci\u00f3n de una cartograf\u00eda tem\u00e1tica y establecimiento de una red de control de niveles de calidad qu\u00edmica y biol\u00f3gica para la realizaci\u00f3n del estudio de impacto ambiental.<\/p>\n","protected":false},"excerpt":{"rendered":"<p>Trabajos realizados &#8211; Miner\u00eda GHM Consultores ha participado de forma activa en numerosos proyectos de miner\u00eda. Se detallan a continuaci\u00f3n algunos de los proyectos que avalan nuestra experiencia en el sector: GHM Consultores ha participado de forma activa en numerosos proyectos de miner\u00eda. Se detallan a continuaci\u00f3n algunos de los proyectos que avalan nuestra experiencia<\/p>\n","protected":false},"author":8732,"featured_media":0,"parent":0,"menu_order":0,"comment_status":"open","ping_status":"open","template":"","meta":{"_monsterinsights_skip_tracking":false,"_monsterinsights_sitenote_active":false,"_monsterinsights_sitenote_note":"","_monsterinsights_sitenote_category":0,"footnotes":""},"class_list":["post-361","page","type-page","status-publish","hentry"],"yoast_head":"<!-- This site is optimized with the Yoast SEO plugin v27.4 - https:\/\/yoast.com\/product\/yoast-seo-wordpress\/ -->\n<title>Trabajos realizados - Miner\u00eda - GHM Consultores<\/title>\n<meta name=\"robots\" content=\"index, follow, max-snippet:-1, max-image-preview:large, max-video-preview:-1\" \/>\n<link rel=\"canonical\" href=\"https:\/\/www.ghmconsultores.es\/es\/trabajos-realizados-mineria\/\" \/>\n<meta property=\"og:locale\" content=\"es_ES\" \/>\n<meta property=\"og:type\" content=\"article\" \/>\n<meta property=\"og:title\" content=\"Trabajos realizados - Miner\u00eda - GHM Consultores\" \/>\n<meta property=\"og:description\" content=\"Trabajos realizados &#8211; Miner\u00eda GHM Consultores ha participado de forma activa en numerosos proyectos de miner\u00eda. Se detallan a continuaci\u00f3n algunos de los proyectos que avalan nuestra experiencia en el sector: GHM Consultores ha participado de forma activa en numerosos proyectos de miner\u00eda. Se detallan a continuaci\u00f3n algunos de los proyectos que avalan nuestra experiencia\" \/>\n<meta property=\"og:url\" content=\"https:\/\/www.ghmconsultores.es\/es\/trabajos-realizados-mineria\/\" \/>\n<meta property=\"og:site_name\" content=\"GHM Consultores\" \/>\n<meta property=\"article:modified_time\" content=\"2015-03-13T04:40:01+00:00\" \/>\n<meta property=\"og:image\" content=\"http:\/\/www.ghmconsultores.es\/wp-content\/uploads\/GRUPOSAMCA.jpg\" \/>\n<meta name=\"twitter:label1\" content=\"Tiempo de lectura\" \/>\n\t<meta name=\"twitter:data1\" content=\"2 minutos\" \/>\n<script type=\"application\/ld+json\" class=\"yoast-schema-graph\">{\"@context\":\"https:\\\/\\\/schema.org\",\"@graph\":[{\"@type\":\"WebPage\",\"@id\":\"https:\\\/\\\/www.ghmconsultores.es\\\/es\\\/trabajos-realizados-mineria\\\/\",\"url\":\"https:\\\/\\\/www.ghmconsultores.es\\\/es\\\/trabajos-realizados-mineria\\\/\",\"name\":\"Trabajos realizados - Miner\u00eda - GHM Consultores\",\"isPartOf\":{\"@id\":\"https:\\\/\\\/www.ghmconsultores.es\\\/#website\"},\"primaryImageOfPage\":{\"@id\":\"https:\\\/\\\/www.ghmconsultores.es\\\/es\\\/trabajos-realizados-mineria\\\/#primaryimage\"},\"image\":{\"@id\":\"https:\\\/\\\/www.ghmconsultores.es\\\/es\\\/trabajos-realizados-mineria\\\/#primaryimage\"},\"thumbnailUrl\":\"http:\\\/\\\/www.ghmconsultores.es\\\/wp-content\\\/uploads\\\/GRUPOSAMCA.jpg\",\"datePublished\":\"2013-04-11T12:15:37+00:00\",\"dateModified\":\"2015-03-13T04:40:01+00:00\",\"breadcrumb\":{\"@id\":\"https:\\\/\\\/www.ghmconsultores.es\\\/es\\\/trabajos-realizados-mineria\\\/#breadcrumb\"},\"inLanguage\":\"es\",\"potentialAction\":[{\"@type\":\"ReadAction\",\"target\":[\"https:\\\/\\\/www.ghmconsultores.es\\\/es\\\/trabajos-realizados-mineria\\\/\"]}]},{\"@type\":\"ImageObject\",\"inLanguage\":\"es\",\"@id\":\"https:\\\/\\\/www.ghmconsultores.es\\\/es\\\/trabajos-realizados-mineria\\\/#primaryimage\",\"url\":\"http:\\\/\\\/www.ghmconsultores.es\\\/wp-content\\\/uploads\\\/GRUPOSAMCA.jpg\",\"contentUrl\":\"http:\\\/\\\/www.ghmconsultores.es\\\/wp-content\\\/uploads\\\/GRUPOSAMCA.jpg\"},{\"@type\":\"BreadcrumbList\",\"@id\":\"https:\\\/\\\/www.ghmconsultores.es\\\/es\\\/trabajos-realizados-mineria\\\/#breadcrumb\",\"itemListElement\":[{\"@type\":\"ListItem\",\"position\":1,\"name\":\"Home\",\"item\":\"https:\\\/\\\/www.ghmconsultores.es\\\/es\\\/\"},{\"@type\":\"ListItem\",\"position\":2,\"name\":\"Trabajos realizados &#8211; Miner\u00eda\"}]},{\"@type\":\"WebSite\",\"@id\":\"https:\\\/\\\/www.ghmconsultores.es\\\/#website\",\"url\":\"https:\\\/\\\/www.ghmconsultores.es\\\/\",\"name\":\"GHM Consultores\",\"description\":\"Ingenier\u00eda y geolog\u00eda - GHM Consultores Geotecnia Hidrogeolog\u00eda Medioambiente. Espa\u00f1a, Colombia, Chile y Jap\u00f3n.\",\"potentialAction\":[{\"@type\":\"SearchAction\",\"target\":{\"@type\":\"EntryPoint\",\"urlTemplate\":\"https:\\\/\\\/www.ghmconsultores.es\\\/?s={search_term_string}\"},\"query-input\":{\"@type\":\"PropertyValueSpecification\",\"valueRequired\":true,\"valueName\":\"search_term_string\"}}],\"inLanguage\":\"es\"}]}<\/script>\n<!-- \/ Yoast SEO plugin. -->","yoast_head_json":{"title":"Trabajos realizados - Miner\u00eda - GHM Consultores","robots":{"index":"index","follow":"follow","max-snippet":"max-snippet:-1","max-image-preview":"max-image-preview:large","max-video-preview":"max-video-preview:-1"},"canonical":"https:\/\/www.ghmconsultores.es\/es\/trabajos-realizados-mineria\/","og_locale":"es_ES","og_type":"article","og_title":"Trabajos realizados - Miner\u00eda - GHM Consultores","og_description":"Trabajos realizados &#8211; Miner\u00eda GHM Consultores ha participado de forma activa en numerosos proyectos de miner\u00eda. Se detallan a continuaci\u00f3n algunos de los proyectos que avalan nuestra experiencia en el sector: GHM Consultores ha participado de forma activa en numerosos proyectos de miner\u00eda. Se detallan a continuaci\u00f3n algunos de los proyectos que avalan nuestra experiencia","og_url":"https:\/\/www.ghmconsultores.es\/es\/trabajos-realizados-mineria\/","og_site_name":"GHM Consultores","article_modified_time":"2015-03-13T04:40:01+00:00","og_image":[{"url":"http:\/\/www.ghmconsultores.es\/wp-content\/uploads\/GRUPOSAMCA.jpg","type":"","width":"","height":""}],"twitter_misc":{"Tiempo de lectura":"2 minutos"},"schema":{"@context":"https:\/\/schema.org","@graph":[{"@type":"WebPage","@id":"https:\/\/www.ghmconsultores.es\/es\/trabajos-realizados-mineria\/","url":"https:\/\/www.ghmconsultores.es\/es\/trabajos-realizados-mineria\/","name":"Trabajos realizados - Miner\u00eda - GHM Consultores","isPartOf":{"@id":"https:\/\/www.ghmconsultores.es\/#website"},"primaryImageOfPage":{"@id":"https:\/\/www.ghmconsultores.es\/es\/trabajos-realizados-mineria\/#primaryimage"},"image":{"@id":"https:\/\/www.ghmconsultores.es\/es\/trabajos-realizados-mineria\/#primaryimage"},"thumbnailUrl":"http:\/\/www.ghmconsultores.es\/wp-content\/uploads\/GRUPOSAMCA.jpg","datePublished":"2013-04-11T12:15:37+00:00","dateModified":"2015-03-13T04:40:01+00:00","breadcrumb":{"@id":"https:\/\/www.ghmconsultores.es\/es\/trabajos-realizados-mineria\/#breadcrumb"},"inLanguage":"es","potentialAction":[{"@type":"ReadAction","target":["https:\/\/www.ghmconsultores.es\/es\/trabajos-realizados-mineria\/"]}]},{"@type":"ImageObject","inLanguage":"es","@id":"https:\/\/www.ghmconsultores.es\/es\/trabajos-realizados-mineria\/#primaryimage","url":"http:\/\/www.ghmconsultores.es\/wp-content\/uploads\/GRUPOSAMCA.jpg","contentUrl":"http:\/\/www.ghmconsultores.es\/wp-content\/uploads\/GRUPOSAMCA.jpg"},{"@type":"BreadcrumbList","@id":"https:\/\/www.ghmconsultores.es\/es\/trabajos-realizados-mineria\/#breadcrumb","itemListElement":[{"@type":"ListItem","position":1,"name":"Home","item":"https:\/\/www.ghmconsultores.es\/es\/"},{"@type":"ListItem","position":2,"name":"Trabajos realizados &#8211; Miner\u00eda"}]},{"@type":"WebSite","@id":"https:\/\/www.ghmconsultores.es\/#website","url":"https:\/\/www.ghmconsultores.es\/","name":"GHM Consultores","description":"Ingenier\u00eda y geolog\u00eda - GHM Consultores Geotecnia Hidrogeolog\u00eda Medioambiente. Espa\u00f1a, Colombia, Chile y Jap\u00f3n.","potentialAction":[{"@type":"SearchAction","target":{"@type":"EntryPoint","urlTemplate":"https:\/\/www.ghmconsultores.es\/?s={search_term_string}"},"query-input":{"@type":"PropertyValueSpecification","valueRequired":true,"valueName":"search_term_string"}}],"inLanguage":"es"}]}},"_links":{"self":[{"href":"https:\/\/www.ghmconsultores.es\/es\/wp-json\/wp\/v2\/pages\/361","targetHints":{"allow":["GET"]}}],"collection":[{"href":"https:\/\/www.ghmconsultores.es\/es\/wp-json\/wp\/v2\/pages"}],"about":[{"href":"https:\/\/www.ghmconsultores.es\/es\/wp-json\/wp\/v2\/types\/page"}],"author":[{"embeddable":true,"href":"https:\/\/www.ghmconsultores.es\/es\/wp-json\/wp\/v2\/users\/8732"}],"replies":[{"embeddable":true,"href":"https:\/\/www.ghmconsultores.es\/es\/wp-json\/wp\/v2\/comments?post=361"}],"version-history":[{"count":10,"href":"https:\/\/www.ghmconsultores.es\/es\/wp-json\/wp\/v2\/pages\/361\/revisions"}],"predecessor-version":[{"id":1542,"href":"https:\/\/www.ghmconsultores.es\/es\/wp-json\/wp\/v2\/pages\/361\/revisions\/1542"}],"wp:attachment":[{"href":"https:\/\/www.ghmconsultores.es\/es\/wp-json\/wp\/v2\/media?parent=361"}],"curies":[{"name":"wp","href":"https:\/\/api.w.org\/{rel}","templated":true}]}}