{"id":356,"date":"2013-04-11T12:12:34","date_gmt":"2013-04-11T12:12:34","guid":{"rendered":"http:\/\/www.ghmconsultores.es\/?page_id=356"},"modified":"2015-03-13T04:39:55","modified_gmt":"2015-03-13T04:39:55","slug":"energia-2","status":"publish","type":"page","link":"https:\/\/www.ghmconsultores.es\/es\/energia-2\/","title":{"rendered":"Trabajos realizados &#8211; Energ\u00eda"},"content":{"rendered":"<div class=\"title\">\n<h2>Trabajos realizados -Energ\u00eda<\/h2>\n<\/div>\n<p>La versatilidad de la empresa permite ofrecer su amplia experiencia en el \u00e1mbito de la hidrogeolog\u00eda y la geolog\u00eda aplicada de cara a la asistencia t\u00e9cnica a clientes de diversa tipolog\u00eda y dimensi\u00f3n:<\/p>\n<ul>\n<li>Empresas de servicios energ\u00e9ticos.<\/li>\n<li>Empresas de ingenier\u00eda.<\/li>\n<li>Administraci\u00f3n central y auton\u00f3mica.<\/li>\n<li>Demarcaciones hidrogr\u00e1ficas.<\/li>\n<\/ul>\n<p>La calidad de los trabajos realizados por <strong>GHM Consultores<\/strong> en el \u00e1mbito de la Energ\u00eda ha generado la confianza y satisfacci\u00f3n de nuestros clientes, en proyectos tales como:<\/p>\n<p><strong>Estudios geot\u00e9cnicos, cartograf\u00eda geol\u00f3gica y supervisiones de campo para cimentaciones (fundaciones) en plantas energ\u00e9ticas.<\/strong><br \/>\nCAMPA\u00d1A DE CAMPO PARA EL ESTUDIO DE DESLIZAMIENTOS Y REPARACI\u00d3N DE VIALES AFECTADOS EN EL PARQUE E\u00d3LICO CERRO LA HIGUERA, TEBA (M\u00c1LAGA)<\/p>\n<p><img loading=\"lazy\" decoding=\"async\" class=\"size-full wp-image-458 alignleft\" title=\"ESTEYCO_ENERGIA\" src=\"http:\/\/www.ghmconsultores.es\/wp-content\/uploads\/ESTEYCO_ENERGIA.jpg\" alt=\"ESTEYCO_ENERGIA\" width=\"243\" height=\"179\" srcset=\"https:\/\/www.ghmconsultores.es\/wp-content\/uploads\/ESTEYCO_ENERGIA.jpg 243w, https:\/\/www.ghmconsultores.es\/wp-content\/uploads\/ESTEYCO_ENERGIA-220x161.jpg 220w\" sizes=\"auto, (max-width: 243px) 100vw, 243px\" \/><\/p>\n<p>Supervisi\u00f3n de trabajos de campo para la reparaci\u00f3n de una serie de viales afectados por deslizamientos.<br \/>\nRealizaci\u00f3n de sondeos geot\u00e9cnicos con tomas de muestras inalteradas para su an\u00e1lisis en laboratorio.<br \/>\nCliente: ESTEYCO ENERG\u00cdA<\/p>\n<p>&nbsp;<\/p>\n<p>&nbsp;<\/p>\n<p>&nbsp;<\/p>\n<p>ASISTENCIA T\u00c9CNICA EN OBRA PARA LA SUPERVISI\u00d3N IN SITU DE LA CIMENTACI\u00d3N (FUNDACI\u00d3N) POR PILOTAJE DE UN AEROGENERADOR EN EL PARQUE E\u00d3LICO CERRO LA HIGUERA, TEBA (M\u00c1LAGA)<\/p>\n<p><img loading=\"lazy\" decoding=\"async\" class=\"size-full wp-image-460 alignleft\" title=\"ESTEYCO_ENERGIA1\" src=\"http:\/\/www.ghmconsultores.es\/wp-content\/uploads\/ESTEYCO_ENERGIA1.jpg\" alt=\"ESTEYCO_ENERGIA1\" width=\"243\" height=\"183\" \/><\/p>\n<p>Supervisi\u00f3n in situ de la ejecuci\u00f3n de la cimentaci\u00f3n mediante pilotaje para la instalaci\u00f3n de un aerogenerador.<br \/>\nSupervisi\u00f3n de materiales perforados y comprobaci\u00f3n de correcta ejecuci\u00f3n conforme al dise\u00f1o propuesto (ubicaci\u00f3n, profundidades, etc.).<br \/>\nCliente: ESTEYCO ENERG\u00cdA<\/p>\n<p>&nbsp;<\/p>\n<p>&nbsp;<\/p>\n<p>&nbsp;<\/p>\n<p>ESTUDIO GEOT\u00c9CNICO DE PATOLOG\u00cdAS DE CIMENTACI\u00d3N (FUNDACI\u00d3N) E INUNDABILIDAD EN UNA PLANTA FOTOVOLTAICA EN EL MUNICIPIO DE ALVARADO (BADAJOZ)<\/p>\n<p><img loading=\"lazy\" decoding=\"async\" class=\"size-full wp-image-461 alignleft\" title=\"GOLDBECKSOLAR\" src=\"http:\/\/www.ghmconsultores.es\/wp-content\/uploads\/GOLDBECKSOLAR.jpg\" alt=\"GOLDBECKSOLAR\" width=\"243\" height=\"183\" \/><\/p>\n<p>Estudio geot\u00e9cnico y de inundabilidad para investigaci\u00f3n de patolog\u00edas de cimentaci\u00f3n en los elementos de la planta.<br \/>\nRealizaci\u00f3n de estudio hidrol\u00f3gico de inundabilidad, as\u00ed como diferentes ensayos para comprobar las caracter\u00edsticas geomec\u00e1nicas del terreno (sondeos, calicatas y ensayos de laboratorio).<br \/>\nCliente: GOLDBECK SOLAR<\/p>\n<p>&nbsp;<\/p>\n<p>&nbsp;<\/p>\n<p>&nbsp;<\/p>\n<p>SUPERVISI\u00d3N DE CAMPO PARA EL ESTUDIO INICIAL DE CIMENTACIONES (FUNDACIONES) EN EL PARQUE E\u00d3LICO PAC\u00cdFICO-CEBADA (CHILE)<\/p>\n<p><img loading=\"lazy\" decoding=\"async\" class=\"size-full wp-image-463 alignleft\" src=\"http:\/\/www.ghmconsultores.es\/wp-content\/uploads\/ESTEYCOENERGIA2.jpg\" alt=\"ESTEYCOENERGIA2\" width=\"243\" height=\"183\" \/><\/p>\n<p>Supervisi\u00f3n de campa\u00f1a de campo para el estudio geot\u00e9cnico de cimentaciones, consistente en la realizaci\u00f3n de calicatas, sondeos y toma de muestras para su posterior an\u00e1lisis en laboratorio.<br \/>\nCliente: ESTEYCO ENERG\u00cdA<\/p>\n<p>&nbsp;<\/p>\n<p>&nbsp;<\/p>\n<p>&nbsp;<\/p>\n<p>&nbsp;<\/p>\n<p><strong>Estudios hidrogeol\u00f3gicos para la instalaci\u00f3n y desarrollo de plantas energ\u00e9ticas.<\/strong><\/p>\n<p>ESTUDIO HIDROGEOL\u00d3GICO PARA LA INSTALACI\u00d3N DE DIFERENTES PLANTAS TERMOSOLARES EN LA GEOGRAF\u00cdA DE ESPA\u00d1A.<\/p>\n<p><img loading=\"lazy\" decoding=\"async\" class=\"size-full wp-image-465 alignleft\" src=\"http:\/\/www.ghmconsultores.es\/wp-content\/uploads\/HCENERGIA.jpg\" alt=\"HCENERGIA\" width=\"257\" height=\"148\" \/><\/p>\n<p><strong>GHM Consultores<\/strong> ha realizado diferentes estudios hidrogeol\u00f3gicos enfocados a garantizar el suministro de agua subterr\u00e1nea para diferentes servicios desarrollados en plantas termosolares.<br \/>\nCliente: HC ENERG\u00cdA<\/p>\n<p>Trabajos realizados: Para ello se llevan a cabo tanto investigaciones de campo (inventario de puntos de agua, campa\u00f1as de muestreo, ensayos de bombeo, cartograf\u00eda geol\u00f3gica de detalle, campa\u00f1a geof\u00edsica\u2026) y an\u00e1lisis posterior de la informaci\u00f3n obtenida, as\u00ed como recopilaci\u00f3n y an\u00e1lisis de informaci\u00f3n existente.<\/p>\n<p>&nbsp;<\/p>\n<p>ESTUDIO HIDROGEOL\u00d3GICO PARA LA EXPLOTACI\u00d3N DE LOS RECURSOS H\u00cdDRICOS SUBTERR\u00c1NEOS Y CONSTRUCCI\u00d3N DE ABASTECIMIENTO DE AGUA ALTERNATIVO EN LA CTCC DE ARRUBAL.<\/p>\n<p><img loading=\"lazy\" decoding=\"async\" class=\"size-full wp-image-466 alignleft\" src=\"http:\/\/www.ghmconsultores.es\/wp-content\/uploads\/gasnatural.jpg\" alt=\"gasnatural\" width=\"246\" height=\"161\" \/><\/p>\n<p>Para este estudio se realiz\u00f3 una amplia campa\u00f1a de campo y gabinete con el fin de conocer el estado y funcionamiento hidr\u00e1ulico de los acu\u00edferos objeto de explotaci\u00f3n y el establecimiento de un r\u00e9gimen de explotaci\u00f3n que permita el funcionamiento de la central t\u00e9rmica durante un periodo de al menos 30 a\u00f1os.<br \/>\nCliente: GAS NATURAL<\/p>\n<p>Trabajos realizados: Para ello se realizaron campa\u00f1as de campo consistentes en investigaciones geof\u00edsicas (Sondeos El\u00e9ctricos Verticales), realizaci\u00f3n de inventario de puntos de agua y seguimiento de niveles fre\u00e1ticos, dise\u00f1o y ejecuci\u00f3n de sondeos de investigaci\u00f3n y pozos, realizaci\u00f3n de ensayos de bombeo, y an\u00e1lisis de la informaci\u00f3n recopilada para definir las caracter\u00edsticas hidrogeol\u00f3gicas de la zona objeto de estudio y proponer la zona y el r\u00e9gimen de explotaci\u00f3n.<\/p>\n<p>&nbsp;<\/p>\n<p><strong>Estudios hidrol\u00f3gicos de contaminaci\u00f3n de acu\u00edferos<\/strong><\/p>\n<p>ESTUDIO HIDROL\u00d3GICO DE LA CONTAMINACI\u00d3N DE UN ACU\u00cdFERO EN LA CENTRAL T\u00c9RMICA DE CERCS, BARCELONA.<\/p>\n<p><img loading=\"lazy\" decoding=\"async\" class=\"size-full wp-image-468 alignleft\" src=\"http:\/\/www.ghmconsultores.es\/wp-content\/uploads\/INECO.jpg\" alt=\"INECO\" width=\"281\" height=\"122\" \/><\/p>\n<p>Objeto: Determinar la posible contaminaci\u00f3n de acu\u00edferos a partir de los lixiviados de las cenizas.<br \/>\nCliente: INECO<\/p>\n<p>&nbsp;<\/p>\n<p>&nbsp;<\/p>\n<p>Trabajos realizados: Caracterizaci\u00f3n del vertido y medio receptor a partir de la investigaci\u00f3n de los materiales del subsuelo e inventario de puntos de agua y manantiales. Campa\u00f1as de muestreo e interpretaci\u00f3n de an\u00e1lisis qu\u00edmicos. Dise\u00f1o, ejecuci\u00f3n e interpretaci\u00f3n de ensayos de bombeo y trazadores.<\/p>\n<p>ESTUDIO HIDROGEOL\u00d3GICO, PARA LA REALIZACI\u00d3N DE UN VERTIDO DE LA PLANTA DE BIOMASA EN LA PUEBLA DE ALMORADIEL, TOLEDO.<\/p>\n<p><img loading=\"lazy\" decoding=\"async\" class=\"size-full wp-image-469 alignleft\" src=\"http:\/\/www.ghmconsultores.es\/wp-content\/uploads\/HCENERGIA2.jpg\" alt=\"HCENERGIA2\" width=\"265\" height=\"200\" \/><\/p>\n<p>Objetivo: Investigaci\u00f3n hidrogeol\u00f3gica y obtenci\u00f3n de par\u00e1metros hidra\u00falicos y vulnerabilidad y medidas protectoras de los acu\u00edferos existentes.<br \/>\nCliente: HC ENERG\u00cdA<\/p>\n<p>&nbsp;<\/p>\n<p>&nbsp;<\/p>\n<p>&nbsp;<\/p>\n<p>&nbsp;<\/p>\n<p>Trabajos realizados: Revisi\u00f3n de antecedentes y campa\u00f1a de campo consistente en un inventario de puntos de agua y piezometr\u00eda, con medidas in situ de pH y conductividad, as\u00ed como en un estudio de los cursos fluviales existentes.<\/p>\n","protected":false},"excerpt":{"rendered":"<p>Trabajos realizados -Energ\u00eda La versatilidad de la empresa permite ofrecer su amplia experiencia en el \u00e1mbito de la hidrogeolog\u00eda y la geolog\u00eda aplicada de cara a la asistencia t\u00e9cnica a clientes de diversa tipolog\u00eda y dimensi\u00f3n: Empresas de servicios energ\u00e9ticos. Empresas de ingenier\u00eda. Administraci\u00f3n central y auton\u00f3mica. Demarcaciones hidrogr\u00e1ficas. La calidad de los trabajos realizados<\/p>\n","protected":false},"author":8732,"featured_media":0,"parent":0,"menu_order":0,"comment_status":"open","ping_status":"open","template":"","meta":{"_monsterinsights_skip_tracking":false,"_monsterinsights_sitenote_active":false,"_monsterinsights_sitenote_note":"","_monsterinsights_sitenote_category":0,"footnotes":""},"class_list":["post-356","page","type-page","status-publish","hentry"],"yoast_head":"<!-- This site is optimized with the Yoast SEO plugin v27.5 - https:\/\/yoast.com\/product\/yoast-seo-wordpress\/ -->\n<title>Trabajos realizados - Energ\u00eda - GHM Consultores<\/title>\n<meta name=\"robots\" content=\"index, follow, max-snippet:-1, max-image-preview:large, max-video-preview:-1\" \/>\n<link rel=\"canonical\" href=\"https:\/\/www.ghmconsultores.es\/es\/energia-2\/\" \/>\n<meta property=\"og:locale\" content=\"es_ES\" \/>\n<meta property=\"og:type\" content=\"article\" \/>\n<meta property=\"og:title\" content=\"Trabajos realizados - Energ\u00eda - GHM Consultores\" \/>\n<meta property=\"og:description\" content=\"Trabajos realizados -Energ\u00eda La versatilidad de la empresa permite ofrecer su amplia experiencia en el \u00e1mbito de la hidrogeolog\u00eda y la geolog\u00eda aplicada de cara a la asistencia t\u00e9cnica a clientes de diversa tipolog\u00eda y dimensi\u00f3n: Empresas de servicios energ\u00e9ticos. Empresas de ingenier\u00eda. Administraci\u00f3n central y auton\u00f3mica. Demarcaciones hidrogr\u00e1ficas. La calidad de los trabajos realizados\" \/>\n<meta property=\"og:url\" content=\"https:\/\/www.ghmconsultores.es\/es\/energia-2\/\" \/>\n<meta property=\"og:site_name\" content=\"GHM Consultores\" \/>\n<meta property=\"article:modified_time\" content=\"2015-03-13T04:39:55+00:00\" \/>\n<meta property=\"og:image\" content=\"http:\/\/www.ghmconsultores.es\/wp-content\/uploads\/ESTEYCO_ENERGIA.jpg\" \/>\n<meta name=\"twitter:label1\" content=\"Tiempo de lectura\" \/>\n\t<meta name=\"twitter:data1\" content=\"4 minutos\" \/>\n<script type=\"application\/ld+json\" class=\"yoast-schema-graph\">{\"@context\":\"https:\\\/\\\/schema.org\",\"@graph\":[{\"@type\":\"WebPage\",\"@id\":\"https:\\\/\\\/www.ghmconsultores.es\\\/es\\\/energia-2\\\/\",\"url\":\"https:\\\/\\\/www.ghmconsultores.es\\\/es\\\/energia-2\\\/\",\"name\":\"Trabajos realizados - Energ\u00eda - GHM Consultores\",\"isPartOf\":{\"@id\":\"https:\\\/\\\/www.ghmconsultores.es\\\/#website\"},\"primaryImageOfPage\":{\"@id\":\"https:\\\/\\\/www.ghmconsultores.es\\\/es\\\/energia-2\\\/#primaryimage\"},\"image\":{\"@id\":\"https:\\\/\\\/www.ghmconsultores.es\\\/es\\\/energia-2\\\/#primaryimage\"},\"thumbnailUrl\":\"http:\\\/\\\/www.ghmconsultores.es\\\/wp-content\\\/uploads\\\/ESTEYCO_ENERGIA.jpg\",\"datePublished\":\"2013-04-11T12:12:34+00:00\",\"dateModified\":\"2015-03-13T04:39:55+00:00\",\"breadcrumb\":{\"@id\":\"https:\\\/\\\/www.ghmconsultores.es\\\/es\\\/energia-2\\\/#breadcrumb\"},\"inLanguage\":\"es\",\"potentialAction\":[{\"@type\":\"ReadAction\",\"target\":[\"https:\\\/\\\/www.ghmconsultores.es\\\/es\\\/energia-2\\\/\"]}]},{\"@type\":\"ImageObject\",\"inLanguage\":\"es\",\"@id\":\"https:\\\/\\\/www.ghmconsultores.es\\\/es\\\/energia-2\\\/#primaryimage\",\"url\":\"http:\\\/\\\/www.ghmconsultores.es\\\/wp-content\\\/uploads\\\/ESTEYCO_ENERGIA.jpg\",\"contentUrl\":\"http:\\\/\\\/www.ghmconsultores.es\\\/wp-content\\\/uploads\\\/ESTEYCO_ENERGIA.jpg\"},{\"@type\":\"BreadcrumbList\",\"@id\":\"https:\\\/\\\/www.ghmconsultores.es\\\/es\\\/energia-2\\\/#breadcrumb\",\"itemListElement\":[{\"@type\":\"ListItem\",\"position\":1,\"name\":\"Home\",\"item\":\"https:\\\/\\\/www.ghmconsultores.es\\\/es\\\/\"},{\"@type\":\"ListItem\",\"position\":2,\"name\":\"Trabajos realizados &#8211; Energ\u00eda\"}]},{\"@type\":\"WebSite\",\"@id\":\"https:\\\/\\\/www.ghmconsultores.es\\\/#website\",\"url\":\"https:\\\/\\\/www.ghmconsultores.es\\\/\",\"name\":\"GHM Consultores\",\"description\":\"Ingenier\u00eda y geolog\u00eda - GHM Consultores Geotecnia Hidrogeolog\u00eda Medioambiente. Espa\u00f1a, Colombia, Chile y Jap\u00f3n.\",\"potentialAction\":[{\"@type\":\"SearchAction\",\"target\":{\"@type\":\"EntryPoint\",\"urlTemplate\":\"https:\\\/\\\/www.ghmconsultores.es\\\/?s={search_term_string}\"},\"query-input\":{\"@type\":\"PropertyValueSpecification\",\"valueRequired\":true,\"valueName\":\"search_term_string\"}}],\"inLanguage\":\"es\"}]}<\/script>\n<!-- \/ Yoast SEO plugin. -->","yoast_head_json":{"title":"Trabajos realizados - Energ\u00eda - GHM Consultores","robots":{"index":"index","follow":"follow","max-snippet":"max-snippet:-1","max-image-preview":"max-image-preview:large","max-video-preview":"max-video-preview:-1"},"canonical":"https:\/\/www.ghmconsultores.es\/es\/energia-2\/","og_locale":"es_ES","og_type":"article","og_title":"Trabajos realizados - Energ\u00eda - GHM Consultores","og_description":"Trabajos realizados -Energ\u00eda La versatilidad de la empresa permite ofrecer su amplia experiencia en el \u00e1mbito de la hidrogeolog\u00eda y la geolog\u00eda aplicada de cara a la asistencia t\u00e9cnica a clientes de diversa tipolog\u00eda y dimensi\u00f3n: Empresas de servicios energ\u00e9ticos. Empresas de ingenier\u00eda. Administraci\u00f3n central y auton\u00f3mica. Demarcaciones hidrogr\u00e1ficas. La calidad de los trabajos realizados","og_url":"https:\/\/www.ghmconsultores.es\/es\/energia-2\/","og_site_name":"GHM Consultores","article_modified_time":"2015-03-13T04:39:55+00:00","og_image":[{"url":"http:\/\/www.ghmconsultores.es\/wp-content\/uploads\/ESTEYCO_ENERGIA.jpg","type":"","width":"","height":""}],"twitter_misc":{"Tiempo de lectura":"4 minutos"},"schema":{"@context":"https:\/\/schema.org","@graph":[{"@type":"WebPage","@id":"https:\/\/www.ghmconsultores.es\/es\/energia-2\/","url":"https:\/\/www.ghmconsultores.es\/es\/energia-2\/","name":"Trabajos realizados - Energ\u00eda - GHM Consultores","isPartOf":{"@id":"https:\/\/www.ghmconsultores.es\/#website"},"primaryImageOfPage":{"@id":"https:\/\/www.ghmconsultores.es\/es\/energia-2\/#primaryimage"},"image":{"@id":"https:\/\/www.ghmconsultores.es\/es\/energia-2\/#primaryimage"},"thumbnailUrl":"http:\/\/www.ghmconsultores.es\/wp-content\/uploads\/ESTEYCO_ENERGIA.jpg","datePublished":"2013-04-11T12:12:34+00:00","dateModified":"2015-03-13T04:39:55+00:00","breadcrumb":{"@id":"https:\/\/www.ghmconsultores.es\/es\/energia-2\/#breadcrumb"},"inLanguage":"es","potentialAction":[{"@type":"ReadAction","target":["https:\/\/www.ghmconsultores.es\/es\/energia-2\/"]}]},{"@type":"ImageObject","inLanguage":"es","@id":"https:\/\/www.ghmconsultores.es\/es\/energia-2\/#primaryimage","url":"http:\/\/www.ghmconsultores.es\/wp-content\/uploads\/ESTEYCO_ENERGIA.jpg","contentUrl":"http:\/\/www.ghmconsultores.es\/wp-content\/uploads\/ESTEYCO_ENERGIA.jpg"},{"@type":"BreadcrumbList","@id":"https:\/\/www.ghmconsultores.es\/es\/energia-2\/#breadcrumb","itemListElement":[{"@type":"ListItem","position":1,"name":"Home","item":"https:\/\/www.ghmconsultores.es\/es\/"},{"@type":"ListItem","position":2,"name":"Trabajos realizados &#8211; Energ\u00eda"}]},{"@type":"WebSite","@id":"https:\/\/www.ghmconsultores.es\/#website","url":"https:\/\/www.ghmconsultores.es\/","name":"GHM Consultores","description":"Ingenier\u00eda y geolog\u00eda - GHM Consultores Geotecnia Hidrogeolog\u00eda Medioambiente. Espa\u00f1a, Colombia, Chile y Jap\u00f3n.","potentialAction":[{"@type":"SearchAction","target":{"@type":"EntryPoint","urlTemplate":"https:\/\/www.ghmconsultores.es\/?s={search_term_string}"},"query-input":{"@type":"PropertyValueSpecification","valueRequired":true,"valueName":"search_term_string"}}],"inLanguage":"es"}]}},"_links":{"self":[{"href":"https:\/\/www.ghmconsultores.es\/es\/wp-json\/wp\/v2\/pages\/356","targetHints":{"allow":["GET"]}}],"collection":[{"href":"https:\/\/www.ghmconsultores.es\/es\/wp-json\/wp\/v2\/pages"}],"about":[{"href":"https:\/\/www.ghmconsultores.es\/es\/wp-json\/wp\/v2\/types\/page"}],"author":[{"embeddable":true,"href":"https:\/\/www.ghmconsultores.es\/es\/wp-json\/wp\/v2\/users\/8732"}],"replies":[{"embeddable":true,"href":"https:\/\/www.ghmconsultores.es\/es\/wp-json\/wp\/v2\/comments?post=356"}],"version-history":[{"count":23,"href":"https:\/\/www.ghmconsultores.es\/es\/wp-json\/wp\/v2\/pages\/356\/revisions"}],"predecessor-version":[{"id":1540,"href":"https:\/\/www.ghmconsultores.es\/es\/wp-json\/wp\/v2\/pages\/356\/revisions\/1540"}],"wp:attachment":[{"href":"https:\/\/www.ghmconsultores.es\/es\/wp-json\/wp\/v2\/media?parent=356"}],"curies":[{"name":"wp","href":"https:\/\/api.w.org\/{rel}","templated":true}]}}