{"id":3273,"date":"2021-04-29T11:33:19","date_gmt":"2021-04-29T11:33:19","guid":{"rendered":"https:\/\/www.ghmconsultores.es\/?page_id=3273"},"modified":"2021-05-06T10:59:35","modified_gmt":"2021-05-06T10:59:35","slug":"contacto-ghm-consultores","status":"publish","type":"page","link":"https:\/\/www.ghmconsultores.es\/es\/contacto-ghm-consultores\/","title":{"rendered":"Contacto GHM Consultores"},"content":{"rendered":"\n<h1 class=\"has-text-align-center has-text-color wp-block-heading\" style=\"color:#073a51\">Contacto<\/h1>\n\n\n\n<div style=\"height:20px\" aria-hidden=\"true\" class=\"wp-block-spacer\"><\/div>\n\n\n\n<div class=\"wp-block-columns is-layout-flex wp-container-core-columns-is-layout-9d6595d7 wp-block-columns-is-layout-flex\">\n<div class=\"wp-block-column is-layout-flow wp-block-column-is-layout-flow\">\n<h3 class=\"has-text-align-center has-text-color wp-block-heading\" style=\"color:#073a51\"><strong>Sede GHM Espa\u00f1a<\/strong><\/h3>\n\n\n\n<div style=\"height:30px\" aria-hidden=\"true\" class=\"wp-block-spacer\"><\/div>\n\n\n\n<figure class=\"wp-block-image size-large\"><a href=\"https:\/\/www.google.com\/maps\/place\/GHM+Consultores+S.L.\/@40.4595542,-3.6934131,17z\/data=!3m1!4b1!4m5!3m4!1s0xd42291a15304e47:0x3a548b83d682e2f0!8m2!3d40.4595542!4d-3.6912244\" target=\"_blank\" rel=\"noopener\"><img loading=\"lazy\" decoding=\"async\" width=\"1024\" height=\"683\" src=\"https:\/\/www.ghmconsultores.es\/wp-content\/uploads\/Sede-Madrid-GHM-Consultores-Geologia-Hidrologia-Medioambiente-1024x683.jpg\" alt=\"Sede Madrid GHM Consultores Geolog\u00eda Hidrolog\u00eda Medioambiente\" class=\"wp-image-3275\" srcset=\"https:\/\/www.ghmconsultores.es\/wp-content\/uploads\/Sede-Madrid-GHM-Consultores-Geologia-Hidrologia-Medioambiente-1024x683.jpg 1024w, https:\/\/www.ghmconsultores.es\/wp-content\/uploads\/Sede-Madrid-GHM-Consultores-Geologia-Hidrologia-Medioambiente-300x200.jpg 300w, https:\/\/www.ghmconsultores.es\/wp-content\/uploads\/Sede-Madrid-GHM-Consultores-Geologia-Hidrologia-Medioambiente-768x512.jpg 768w, https:\/\/www.ghmconsultores.es\/wp-content\/uploads\/Sede-Madrid-GHM-Consultores-Geologia-Hidrologia-Medioambiente-1536x1024.jpg 1536w, https:\/\/www.ghmconsultores.es\/wp-content\/uploads\/Sede-Madrid-GHM-Consultores-Geologia-Hidrologia-Medioambiente-2048x1365.jpg 2048w, https:\/\/www.ghmconsultores.es\/wp-content\/uploads\/Sede-Madrid-GHM-Consultores-Geologia-Hidrologia-Medioambiente-280x187.jpg 280w, https:\/\/www.ghmconsultores.es\/wp-content\/uploads\/Sede-Madrid-GHM-Consultores-Geologia-Hidrologia-Medioambiente-1170x780.jpg 1170w\" sizes=\"auto, (max-width: 1024px) 100vw, 1024px\" \/><\/a><\/figure>\n\n\n\n<div style=\"height:10px\" aria-hidden=\"true\" class=\"wp-block-spacer\"><\/div>\n\n\n\n<p class=\"has-text-color\" style=\"color:#073a51\"><strong>Direcci\u00f3n:<\/strong> Paseo de la Castellana n\u00ba 135, Planta 7 \u2013&nbsp; 28046 Madrid<\/p>\n\n\n\n<p class=\"has-text-color\" style=\"color:#073a51\"><strong>Tel\u00e9fono:<\/strong><a href=\"tel:+34913591724\"> +34 91 359 17 24<\/a><strong><br>Fax: <\/strong>+34 91 359 72 96<\/p>\n\n\n\n<p class=\"has-text-color\" style=\"color:#073a51\"><strong>Email:<\/strong>&nbsp;<a href=\"mailto:info@ghmconsultores.es\">info@ghmconsultores.es<\/a><\/p>\n<\/div>\n\n\n\n<div class=\"wp-block-column is-layout-flow wp-block-column-is-layout-flow\">\n<h3 class=\"has-text-align-center has-text-color wp-block-heading\" style=\"color:#073a51\"><strong>Sede GHM Chile<\/strong><\/h3>\n\n\n\n<div style=\"height:30px\" aria-hidden=\"true\" class=\"wp-block-spacer\"><\/div>\n\n\n\n<figure class=\"wp-block-image size-large\"><a href=\"https:\/\/www.google.com\/maps\/place\/Padre+Mariano+391,+OF+704,+Providencia,+Regi%C3%B3n+Metropolitana,+Chile\/@-33.423551,-70.618453,16z\/data=!4m5!3m4!1s0x9662cf6176915b47:0xec38cf8487a89b50!8m2!3d-33.4235509!4d-70.6184535?hl=es-ES\" target=\"_blank\" rel=\"noopener\"><img loading=\"lazy\" decoding=\"async\" width=\"1024\" height=\"683\" src=\"https:\/\/www.ghmconsultores.es\/wp-content\/uploads\/Sede-Chile-GHM-Consultores-Geologia-Hidrologia-Medioambiente-1024x683.jpg\" alt=\"Sede Chile GHM Consultores Geolog\u00eda Hidrolog\u00eda Medioambiente\" class=\"wp-image-3290\" srcset=\"https:\/\/www.ghmconsultores.es\/wp-content\/uploads\/Sede-Chile-GHM-Consultores-Geologia-Hidrologia-Medioambiente-1024x683.jpg 1024w, https:\/\/www.ghmconsultores.es\/wp-content\/uploads\/Sede-Chile-GHM-Consultores-Geologia-Hidrologia-Medioambiente-300x200.jpg 300w, https:\/\/www.ghmconsultores.es\/wp-content\/uploads\/Sede-Chile-GHM-Consultores-Geologia-Hidrologia-Medioambiente-768x512.jpg 768w, https:\/\/www.ghmconsultores.es\/wp-content\/uploads\/Sede-Chile-GHM-Consultores-Geologia-Hidrologia-Medioambiente-1536x1024.jpg 1536w, https:\/\/www.ghmconsultores.es\/wp-content\/uploads\/Sede-Chile-GHM-Consultores-Geologia-Hidrologia-Medioambiente-2048x1365.jpg 2048w, https:\/\/www.ghmconsultores.es\/wp-content\/uploads\/Sede-Chile-GHM-Consultores-Geologia-Hidrologia-Medioambiente-280x187.jpg 280w, https:\/\/www.ghmconsultores.es\/wp-content\/uploads\/Sede-Chile-GHM-Consultores-Geologia-Hidrologia-Medioambiente-1170x780.jpg 1170w\" sizes=\"auto, (max-width: 1024px) 100vw, 1024px\" \/><\/a><\/figure>\n\n\n\n<div style=\"height:10px\" aria-hidden=\"true\" class=\"wp-block-spacer\"><\/div>\n\n\n\n<p class=\"has-text-color\" style=\"color:#073a51\"><strong>Direcci\u00f3n: <\/strong>Padre Mariano 391, oficina 704, Providencia, Santiago<\/p>\n\n\n\n<p class=\"has-text-color\" style=\"color:#073a51\"><strong>Tel\u00e9fono: <\/strong><a href=\"tel:+56226314211\">+56 2 26314211<\/a><strong><br>Fax: <\/strong>+56 2 22329570<\/p>\n\n\n\n<p class=\"has-text-color\" style=\"color:#073a51\"><strong>Email:<\/strong>&nbsp;<a href=\"mailto:info@ghmconsultores.es\">info@ghmconsultores.es<\/a><\/p>\n<\/div>\n<\/div>\n\n\n\n<div style=\"height:1px\" aria-hidden=\"true\" class=\"wp-block-spacer\"><\/div>\n\n\n\n<div class=\"wp-block-columns is-layout-flex wp-container-core-columns-is-layout-9d6595d7 wp-block-columns-is-layout-flex\">\n<div class=\"wp-block-column is-layout-flow wp-block-column-is-layout-flow\">\n<div class=\"wp-block-columns is-layout-flex wp-container-core-columns-is-layout-9d6595d7 wp-block-columns-is-layout-flex\">\n<div class=\"wp-block-column is-layout-flow wp-block-column-is-layout-flow\">\n<h3 class=\"has-text-align-center has-text-color wp-block-heading\" style=\"color:#073a51\"><strong>Sede GHM Jap\u00f3n<\/strong><\/h3>\n\n\n\n<div style=\"height:30px\" aria-hidden=\"true\" class=\"wp-block-spacer\"><\/div>\n\n\n\n<figure class=\"wp-block-image size-large\"><a href=\"https:\/\/www.google.com\/maps\/place\/Servcorp+Hibiya+Central+Building\/@35.6696414,139.7525145,17z\/data=!3m2!4b1!5s0x60188becfc68b9fd:0x5f31985044a55841!4m5!3m4!1s0x60188becfc3a7363:0x12222aade228fe3b!8m2!3d35.6696414!4d139.7547032\" target=\"_blank\" rel=\"noopener\"><img loading=\"lazy\" decoding=\"async\" width=\"1024\" height=\"683\" src=\"https:\/\/www.ghmconsultores.es\/wp-content\/uploads\/Sede-Japon-GHM-Consultores-Geologia-Hidrologia-Medioambiente-1024x683.jpg\" alt=\"Sede Jap\u00f3n GHM Consultores Geolog\u00eda Hidrolog\u00eda Medioambiente\" class=\"wp-image-3298\" srcset=\"https:\/\/www.ghmconsultores.es\/wp-content\/uploads\/Sede-Japon-GHM-Consultores-Geologia-Hidrologia-Medioambiente-1024x683.jpg 1024w, https:\/\/www.ghmconsultores.es\/wp-content\/uploads\/Sede-Japon-GHM-Consultores-Geologia-Hidrologia-Medioambiente-300x200.jpg 300w, https:\/\/www.ghmconsultores.es\/wp-content\/uploads\/Sede-Japon-GHM-Consultores-Geologia-Hidrologia-Medioambiente-768x512.jpg 768w, https:\/\/www.ghmconsultores.es\/wp-content\/uploads\/Sede-Japon-GHM-Consultores-Geologia-Hidrologia-Medioambiente-1536x1024.jpg 1536w, https:\/\/www.ghmconsultores.es\/wp-content\/uploads\/Sede-Japon-GHM-Consultores-Geologia-Hidrologia-Medioambiente-2048x1365.jpg 2048w, https:\/\/www.ghmconsultores.es\/wp-content\/uploads\/Sede-Japon-GHM-Consultores-Geologia-Hidrologia-Medioambiente-280x187.jpg 280w, https:\/\/www.ghmconsultores.es\/wp-content\/uploads\/Sede-Japon-GHM-Consultores-Geologia-Hidrologia-Medioambiente-1170x780.jpg 1170w\" sizes=\"auto, (max-width: 1024px) 100vw, 1024px\" \/><\/a><\/figure>\n\n\n\n<div style=\"height:10px\" aria-hidden=\"true\" class=\"wp-block-spacer\"><\/div>\n\n\n\n<p class=\"has-text-color\" style=\"color:#073a51\"><strong>Direcci\u00f3n:<\/strong> Level 14, Hibiya Central Building 1-2-9 Nishi Shinbashi, Minato-Ku, Tokyo 105-0003 Japan<\/p>\n\n\n\n<p class=\"has-text-color\" style=\"color:#073a51\"><strong>Tel\u00e9fono:<\/strong><a href=\"tel:+81355327667\" target=\"_blank\" rel=\"noreferrer noopener\"> +81 3-5532-7667<\/a><\/p>\n\n\n\n<p class=\"has-text-color\" style=\"color:#073a51\"><strong>Email:<\/strong>&nbsp;<a href=\"mailto:info@ghmconsultores.es\">info@ghmconsultores.es<\/a><\/p>\n<\/div>\n\n\n\n<div class=\"wp-block-column is-layout-flow wp-block-column-is-layout-flow\">\n<h3 class=\"has-text-align-center has-text-color wp-block-heading\" style=\"color:#073a51\"><strong>Sede GHM Colombia<\/strong><\/h3>\n\n\n\n<div style=\"height:30px\" aria-hidden=\"true\" class=\"wp-block-spacer\"><\/div>\n\n\n\n<figure class=\"wp-block-image size-large\"><a href=\"https:\/\/www.google.com\/maps\/place\/Ak.+9+%23115-30+Of.+701,+Bogot%C3%A1,+Colombia\/@4.6930768,-74.0366698,17z\/data=!3m1!4b1!4m5!3m4!1s0x8e3f9aa68a75a44f:0x713315b78bf1ce41!8m2!3d4.6930768!4d-74.0344811\" target=\"_blank\" rel=\"noopener\"><img loading=\"lazy\" decoding=\"async\" width=\"1024\" height=\"683\" src=\"https:\/\/www.ghmconsultores.es\/wp-content\/uploads\/Sede-Colombia-GHM-Consultores-Geologia-Hidrologia-Medioambiente-1024x683.jpg\" alt=\"Sede Colombia GHM Consultores Geolog\u00eda Hidrolog\u00eda Medioambiente\" class=\"wp-image-3302\" srcset=\"https:\/\/www.ghmconsultores.es\/wp-content\/uploads\/Sede-Colombia-GHM-Consultores-Geologia-Hidrologia-Medioambiente-1024x683.jpg 1024w, https:\/\/www.ghmconsultores.es\/wp-content\/uploads\/Sede-Colombia-GHM-Consultores-Geologia-Hidrologia-Medioambiente-300x200.jpg 300w, https:\/\/www.ghmconsultores.es\/wp-content\/uploads\/Sede-Colombia-GHM-Consultores-Geologia-Hidrologia-Medioambiente-768x512.jpg 768w, https:\/\/www.ghmconsultores.es\/wp-content\/uploads\/Sede-Colombia-GHM-Consultores-Geologia-Hidrologia-Medioambiente-1536x1024.jpg 1536w, https:\/\/www.ghmconsultores.es\/wp-content\/uploads\/Sede-Colombia-GHM-Consultores-Geologia-Hidrologia-Medioambiente-2048x1365.jpg 2048w, https:\/\/www.ghmconsultores.es\/wp-content\/uploads\/Sede-Colombia-GHM-Consultores-Geologia-Hidrologia-Medioambiente-280x187.jpg 280w, https:\/\/www.ghmconsultores.es\/wp-content\/uploads\/Sede-Colombia-GHM-Consultores-Geologia-Hidrologia-Medioambiente-1170x780.jpg 1170w\" sizes=\"auto, (max-width: 1024px) 100vw, 1024px\" \/><\/a><\/figure>\n\n\n\n<div style=\"height:10px\" aria-hidden=\"true\" class=\"wp-block-spacer\"><\/div>\n\n\n\n<p class=\"has-text-color\" style=\"color:#073a51\"><strong>Direcci\u00f3n:<\/strong> Cr. 9 115 30 Of. 701, Bogot\u00e1<\/p>\n\n\n\n<p class=\"has-text-color\" style=\"color:#073a51\"><strong>Tel\u00e9fono:<\/strong> <a href=\"tel:+573106571503\" target=\"_blank\" rel=\"noreferrer noopener\">+57 3106571503<\/a><\/p>\n\n\n\n<p class=\"has-text-color\" style=\"color:#073a51\"><strong>Email:<\/strong>&nbsp;<a href=\"mailto:info@ghmconsultores.es\">info@ghmconsultores.es<\/a><\/p>\n<\/div>\n<\/div>\n<\/div>\n<\/div>\n\n\n\n<p><\/p>\n","protected":false},"excerpt":{"rendered":"<p>Contacto Sede GHM Espa\u00f1a Direcci\u00f3n: Paseo de la Castellana n\u00ba 135, Planta 7 \u2013&nbsp; 28046 Madrid Tel\u00e9fono: +34 91 359 17 24Fax: +34 91 359 72 96 Email:&nbsp;info@ghmconsultores.es Sede GHM Chile Direcci\u00f3n: Padre Mariano 391, oficina 704, Providencia, Santiago Tel\u00e9fono: +56 2 26314211Fax: +56 2 22329570 Email:&nbsp;info@ghmconsultores.es Sede GHM Jap\u00f3n Direcci\u00f3n: Level 14, Hibiya Central<\/p>\n","protected":false},"author":8732,"featured_media":0,"parent":0,"menu_order":0,"comment_status":"closed","ping_status":"closed","template":"","meta":{"_monsterinsights_skip_tracking":false,"_monsterinsights_sitenote_active":false,"_monsterinsights_sitenote_note":"","_monsterinsights_sitenote_category":0,"footnotes":""},"class_list":["post-3273","page","type-page","status-publish","hentry"],"yoast_head":"<!-- This site is optimized with the Yoast SEO plugin v27.4 - https:\/\/yoast.com\/product\/yoast-seo-wordpress\/ -->\n<title>Contacto GHM Consultores - GHM Consultores Espa\u00f1a Colombia Chile<\/title>\n<meta name=\"description\" content=\"Contacto GHM Consultores Espa\u00f1a, Colombia, Chile y Jap\u00f3n. Ingenier\u00eda, Geolog\u00eda, Geotecnia, Hidrogeolog\u00eda y Medioambiente.\" \/>\n<meta name=\"robots\" content=\"index, follow, max-snippet:-1, max-image-preview:large, max-video-preview:-1\" \/>\n<link rel=\"canonical\" href=\"https:\/\/www.ghmconsultores.es\/es\/contacto-ghm-consultores\/\" \/>\n<meta property=\"og:locale\" content=\"es_ES\" \/>\n<meta property=\"og:type\" content=\"article\" \/>\n<meta property=\"og:title\" content=\"Contacto GHM Consultores - GHM Consultores Espa\u00f1a Colombia Chile\" \/>\n<meta property=\"og:description\" content=\"Contacto GHM Consultores Espa\u00f1a, Colombia, Chile y Jap\u00f3n. Ingenier\u00eda, Geolog\u00eda, Geotecnia, Hidrogeolog\u00eda y Medioambiente.\" \/>\n<meta property=\"og:url\" content=\"https:\/\/www.ghmconsultores.es\/es\/contacto-ghm-consultores\/\" \/>\n<meta property=\"og:site_name\" content=\"GHM Consultores\" \/>\n<meta property=\"article:modified_time\" content=\"2021-05-06T10:59:35+00:00\" \/>\n<meta property=\"og:image\" content=\"https:\/\/www.ghmconsultores.es\/wp-content\/uploads\/Sede-Madrid-GHM-Consultores-Geologia-Hidrologia-Medioambiente-1024x683.jpg\" \/>\n<meta name=\"twitter:label1\" content=\"Tiempo de lectura\" \/>\n\t<meta name=\"twitter:data1\" content=\"2 minutos\" \/>\n<script type=\"application\/ld+json\" class=\"yoast-schema-graph\">{\"@context\":\"https:\\\/\\\/schema.org\",\"@graph\":[{\"@type\":\"WebPage\",\"@id\":\"https:\\\/\\\/www.ghmconsultores.es\\\/es\\\/contacto-ghm-consultores\\\/\",\"url\":\"https:\\\/\\\/www.ghmconsultores.es\\\/es\\\/contacto-ghm-consultores\\\/\",\"name\":\"Contacto GHM Consultores - GHM Consultores Espa\u00f1a Colombia Chile\",\"isPartOf\":{\"@id\":\"https:\\\/\\\/www.ghmconsultores.es\\\/#website\"},\"primaryImageOfPage\":{\"@id\":\"https:\\\/\\\/www.ghmconsultores.es\\\/es\\\/contacto-ghm-consultores\\\/#primaryimage\"},\"image\":{\"@id\":\"https:\\\/\\\/www.ghmconsultores.es\\\/es\\\/contacto-ghm-consultores\\\/#primaryimage\"},\"thumbnailUrl\":\"https:\\\/\\\/www.ghmconsultores.es\\\/wp-content\\\/uploads\\\/Sede-Madrid-GHM-Consultores-Geologia-Hidrologia-Medioambiente-1024x683.jpg\",\"datePublished\":\"2021-04-29T11:33:19+00:00\",\"dateModified\":\"2021-05-06T10:59:35+00:00\",\"description\":\"Contacto GHM Consultores Espa\u00f1a, Colombia, Chile y Jap\u00f3n. Ingenier\u00eda, Geolog\u00eda, Geotecnia, Hidrogeolog\u00eda y Medioambiente.\",\"breadcrumb\":{\"@id\":\"https:\\\/\\\/www.ghmconsultores.es\\\/es\\\/contacto-ghm-consultores\\\/#breadcrumb\"},\"inLanguage\":\"es\",\"potentialAction\":[{\"@type\":\"ReadAction\",\"target\":[\"https:\\\/\\\/www.ghmconsultores.es\\\/es\\\/contacto-ghm-consultores\\\/\"]}]},{\"@type\":\"ImageObject\",\"inLanguage\":\"es\",\"@id\":\"https:\\\/\\\/www.ghmconsultores.es\\\/es\\\/contacto-ghm-consultores\\\/#primaryimage\",\"url\":\"https:\\\/\\\/www.ghmconsultores.es\\\/wp-content\\\/uploads\\\/Sede-Madrid-GHM-Consultores-Geologia-Hidrologia-Medioambiente-1024x683.jpg\",\"contentUrl\":\"https:\\\/\\\/www.ghmconsultores.es\\\/wp-content\\\/uploads\\\/Sede-Madrid-GHM-Consultores-Geologia-Hidrologia-Medioambiente-1024x683.jpg\"},{\"@type\":\"BreadcrumbList\",\"@id\":\"https:\\\/\\\/www.ghmconsultores.es\\\/es\\\/contacto-ghm-consultores\\\/#breadcrumb\",\"itemListElement\":[{\"@type\":\"ListItem\",\"position\":1,\"name\":\"Home\",\"item\":\"https:\\\/\\\/www.ghmconsultores.es\\\/es\\\/\"},{\"@type\":\"ListItem\",\"position\":2,\"name\":\"Contacto GHM Consultores\"}]},{\"@type\":\"WebSite\",\"@id\":\"https:\\\/\\\/www.ghmconsultores.es\\\/#website\",\"url\":\"https:\\\/\\\/www.ghmconsultores.es\\\/\",\"name\":\"GHM Consultores\",\"description\":\"Ingenier\u00eda y geolog\u00eda - GHM Consultores Geotecnia Hidrogeolog\u00eda Medioambiente. Espa\u00f1a, Colombia, Chile y Jap\u00f3n.\",\"potentialAction\":[{\"@type\":\"SearchAction\",\"target\":{\"@type\":\"EntryPoint\",\"urlTemplate\":\"https:\\\/\\\/www.ghmconsultores.es\\\/?s={search_term_string}\"},\"query-input\":{\"@type\":\"PropertyValueSpecification\",\"valueRequired\":true,\"valueName\":\"search_term_string\"}}],\"inLanguage\":\"es\"}]}<\/script>\n<!-- \/ Yoast SEO plugin. -->","yoast_head_json":{"title":"Contacto GHM Consultores - GHM Consultores Espa\u00f1a Colombia Chile","description":"Contacto GHM Consultores Espa\u00f1a, Colombia, Chile y Jap\u00f3n. Ingenier\u00eda, Geolog\u00eda, Geotecnia, Hidrogeolog\u00eda y Medioambiente.","robots":{"index":"index","follow":"follow","max-snippet":"max-snippet:-1","max-image-preview":"max-image-preview:large","max-video-preview":"max-video-preview:-1"},"canonical":"https:\/\/www.ghmconsultores.es\/es\/contacto-ghm-consultores\/","og_locale":"es_ES","og_type":"article","og_title":"Contacto GHM Consultores - GHM Consultores Espa\u00f1a Colombia Chile","og_description":"Contacto GHM Consultores Espa\u00f1a, Colombia, Chile y Jap\u00f3n. Ingenier\u00eda, Geolog\u00eda, Geotecnia, Hidrogeolog\u00eda y Medioambiente.","og_url":"https:\/\/www.ghmconsultores.es\/es\/contacto-ghm-consultores\/","og_site_name":"GHM Consultores","article_modified_time":"2021-05-06T10:59:35+00:00","og_image":[{"url":"https:\/\/www.ghmconsultores.es\/wp-content\/uploads\/Sede-Madrid-GHM-Consultores-Geologia-Hidrologia-Medioambiente-1024x683.jpg","type":"","width":"","height":""}],"twitter_misc":{"Tiempo de lectura":"2 minutos"},"schema":{"@context":"https:\/\/schema.org","@graph":[{"@type":"WebPage","@id":"https:\/\/www.ghmconsultores.es\/es\/contacto-ghm-consultores\/","url":"https:\/\/www.ghmconsultores.es\/es\/contacto-ghm-consultores\/","name":"Contacto GHM Consultores - GHM Consultores Espa\u00f1a Colombia Chile","isPartOf":{"@id":"https:\/\/www.ghmconsultores.es\/#website"},"primaryImageOfPage":{"@id":"https:\/\/www.ghmconsultores.es\/es\/contacto-ghm-consultores\/#primaryimage"},"image":{"@id":"https:\/\/www.ghmconsultores.es\/es\/contacto-ghm-consultores\/#primaryimage"},"thumbnailUrl":"https:\/\/www.ghmconsultores.es\/wp-content\/uploads\/Sede-Madrid-GHM-Consultores-Geologia-Hidrologia-Medioambiente-1024x683.jpg","datePublished":"2021-04-29T11:33:19+00:00","dateModified":"2021-05-06T10:59:35+00:00","description":"Contacto GHM Consultores Espa\u00f1a, Colombia, Chile y Jap\u00f3n. Ingenier\u00eda, Geolog\u00eda, Geotecnia, Hidrogeolog\u00eda y Medioambiente.","breadcrumb":{"@id":"https:\/\/www.ghmconsultores.es\/es\/contacto-ghm-consultores\/#breadcrumb"},"inLanguage":"es","potentialAction":[{"@type":"ReadAction","target":["https:\/\/www.ghmconsultores.es\/es\/contacto-ghm-consultores\/"]}]},{"@type":"ImageObject","inLanguage":"es","@id":"https:\/\/www.ghmconsultores.es\/es\/contacto-ghm-consultores\/#primaryimage","url":"https:\/\/www.ghmconsultores.es\/wp-content\/uploads\/Sede-Madrid-GHM-Consultores-Geologia-Hidrologia-Medioambiente-1024x683.jpg","contentUrl":"https:\/\/www.ghmconsultores.es\/wp-content\/uploads\/Sede-Madrid-GHM-Consultores-Geologia-Hidrologia-Medioambiente-1024x683.jpg"},{"@type":"BreadcrumbList","@id":"https:\/\/www.ghmconsultores.es\/es\/contacto-ghm-consultores\/#breadcrumb","itemListElement":[{"@type":"ListItem","position":1,"name":"Home","item":"https:\/\/www.ghmconsultores.es\/es\/"},{"@type":"ListItem","position":2,"name":"Contacto GHM Consultores"}]},{"@type":"WebSite","@id":"https:\/\/www.ghmconsultores.es\/#website","url":"https:\/\/www.ghmconsultores.es\/","name":"GHM Consultores","description":"Ingenier\u00eda y geolog\u00eda - GHM Consultores Geotecnia Hidrogeolog\u00eda Medioambiente. Espa\u00f1a, Colombia, Chile y Jap\u00f3n.","potentialAction":[{"@type":"SearchAction","target":{"@type":"EntryPoint","urlTemplate":"https:\/\/www.ghmconsultores.es\/?s={search_term_string}"},"query-input":{"@type":"PropertyValueSpecification","valueRequired":true,"valueName":"search_term_string"}}],"inLanguage":"es"}]}},"_links":{"self":[{"href":"https:\/\/www.ghmconsultores.es\/es\/wp-json\/wp\/v2\/pages\/3273","targetHints":{"allow":["GET"]}}],"collection":[{"href":"https:\/\/www.ghmconsultores.es\/es\/wp-json\/wp\/v2\/pages"}],"about":[{"href":"https:\/\/www.ghmconsultores.es\/es\/wp-json\/wp\/v2\/types\/page"}],"author":[{"embeddable":true,"href":"https:\/\/www.ghmconsultores.es\/es\/wp-json\/wp\/v2\/users\/8732"}],"replies":[{"embeddable":true,"href":"https:\/\/www.ghmconsultores.es\/es\/wp-json\/wp\/v2\/comments?post=3273"}],"version-history":[{"count":26,"href":"https:\/\/www.ghmconsultores.es\/es\/wp-json\/wp\/v2\/pages\/3273\/revisions"}],"predecessor-version":[{"id":3373,"href":"https:\/\/www.ghmconsultores.es\/es\/wp-json\/wp\/v2\/pages\/3273\/revisions\/3373"}],"wp:attachment":[{"href":"https:\/\/www.ghmconsultores.es\/es\/wp-json\/wp\/v2\/media?parent=3273"}],"curies":[{"name":"wp","href":"https:\/\/api.w.org\/{rel}","templated":true}]}}