{"id":1933,"date":"2018-10-02T10:57:03","date_gmt":"2018-10-02T10:57:03","guid":{"rendered":"https:\/\/www.ghmconsultores.es\/?page_id=1933"},"modified":"2018-10-23T12:28:37","modified_gmt":"2018-10-23T12:28:37","slug":"estudios-geotecnicos-para-instalaciones-fotovoltaicas","status":"publish","type":"page","link":"https:\/\/www.ghmconsultores.es\/es\/estudios-geotecnicos-para-instalaciones-fotovoltaicas\/","title":{"rendered":"Estudios geot\u00e9cnicos para instalaciones fotovoltaicas"},"content":{"rendered":"<div class=\"zn_text_box eluid8b86dac0  zn_text_box-light element-scheme--light\">\n<p><span style=\"font-size: 18px;\">En GHM\u00a0 Consultores somos especialistas en servicio integral para plantas de instalaciones fotovoltaicas, nuestros servicios incluyen los siguientes elementos:<\/span><\/p>\n<p>Estudio de antecedentes y riesgos geol\u00f3gicos<\/p>\n<p>Ensayos de campo (cartograf\u00eda geol\u00f3gica, evaluaci\u00f3n de par\u00e1metros de cimentaci\u00f3n, excavabilidad y propiedades qu\u00edmicas)<\/p>\n<p>Ensayos de laboratorio<\/p>\n<p>Emisi\u00f3n del informe<\/p>\n<p>\u2022 Marco geol\u00f3gico y geomorfol\u00f3gico<\/p>\n<p>\u2022 Hidrogeolog\u00eda<\/p>\n<p>\u2022 Niveles litol\u00f3gicos<\/p>\n<p>\u2022 Caracter\u00edsticas geot\u00e9cnicas del terreno<\/p>\n<p>\u2022 Mapa de riesgos geol\u00f3gicos (deslizamientos, zonas blandas, etc.)<\/p>\n<p>\u2022 Recomendaci\u00f3n de cimentaciones<\/p>\n<p>\u2022 Excavabilidad del terreno<\/p>\n<p>\u2022 Aprovechamiento de materiales para uso en obra<\/p>\n<p>\u2022 Resistividad t\u00e9rmica y el\u00e9ctrica del terreno<\/p>\n<\/div>\n","protected":false},"excerpt":{"rendered":"<p>En GHM\u00a0 Consultores somos especialistas en servicio integral para plantas de instalaciones fotovoltaicas, nuestros servicios incluyen los siguientes elementos: Estudio de antecedentes y riesgos geol\u00f3gicos Ensayos de campo (cartograf\u00eda geol\u00f3gica, evaluaci\u00f3n de par\u00e1metros de cimentaci\u00f3n, excavabilidad y propiedades qu\u00edmicas) Ensayos de laboratorio Emisi\u00f3n del informe \u2022 Marco geol\u00f3gico y geomorfol\u00f3gico \u2022 Hidrogeolog\u00eda \u2022 Niveles litol\u00f3gicos<\/p>\n","protected":false},"author":8732,"featured_media":0,"parent":0,"menu_order":0,"comment_status":"closed","ping_status":"closed","template":"","meta":{"_monsterinsights_skip_tracking":false,"_monsterinsights_sitenote_active":false,"_monsterinsights_sitenote_note":"","_monsterinsights_sitenote_category":0,"footnotes":""},"class_list":["post-1933","page","type-page","status-publish","hentry"],"yoast_head":"<!-- This site is optimized with the Yoast SEO plugin v27.5 - https:\/\/yoast.com\/product\/yoast-seo-wordpress\/ -->\n<title>Estudios geot\u00e9cnicos para instalaciones fotovoltaicas - GHM Consultores<\/title>\n<meta name=\"robots\" content=\"index, follow, max-snippet:-1, max-image-preview:large, max-video-preview:-1\" \/>\n<link rel=\"canonical\" href=\"https:\/\/www.ghmconsultores.es\/es\/estudios-geotecnicos-para-instalaciones-fotovoltaicas\/\" \/>\n<meta property=\"og:locale\" content=\"es_ES\" \/>\n<meta property=\"og:type\" content=\"article\" \/>\n<meta property=\"og:title\" content=\"Estudios geot\u00e9cnicos para instalaciones fotovoltaicas - GHM Consultores\" \/>\n<meta property=\"og:description\" content=\"En GHM\u00a0 Consultores somos especialistas en servicio integral para plantas de instalaciones fotovoltaicas, nuestros servicios incluyen los siguientes elementos: Estudio de antecedentes y riesgos geol\u00f3gicos Ensayos de campo (cartograf\u00eda geol\u00f3gica, evaluaci\u00f3n de par\u00e1metros de cimentaci\u00f3n, excavabilidad y propiedades qu\u00edmicas) Ensayos de laboratorio Emisi\u00f3n del informe \u2022 Marco geol\u00f3gico y geomorfol\u00f3gico \u2022 Hidrogeolog\u00eda \u2022 Niveles litol\u00f3gicos\" \/>\n<meta property=\"og:url\" content=\"https:\/\/www.ghmconsultores.es\/es\/estudios-geotecnicos-para-instalaciones-fotovoltaicas\/\" \/>\n<meta property=\"og:site_name\" content=\"GHM Consultores\" \/>\n<meta property=\"article:modified_time\" content=\"2018-10-23T12:28:37+00:00\" \/>\n<meta name=\"twitter:label1\" content=\"Tiempo de lectura\" \/>\n\t<meta name=\"twitter:data1\" content=\"1 minuto\" \/>\n<script type=\"application\/ld+json\" class=\"yoast-schema-graph\">{\"@context\":\"https:\\\/\\\/schema.org\",\"@graph\":[{\"@type\":\"WebPage\",\"@id\":\"https:\\\/\\\/www.ghmconsultores.es\\\/es\\\/estudios-geotecnicos-para-instalaciones-fotovoltaicas\\\/\",\"url\":\"https:\\\/\\\/www.ghmconsultores.es\\\/es\\\/estudios-geotecnicos-para-instalaciones-fotovoltaicas\\\/\",\"name\":\"Estudios geot\u00e9cnicos para instalaciones fotovoltaicas - GHM Consultores\",\"isPartOf\":{\"@id\":\"https:\\\/\\\/www.ghmconsultores.es\\\/#website\"},\"datePublished\":\"2018-10-02T10:57:03+00:00\",\"dateModified\":\"2018-10-23T12:28:37+00:00\",\"breadcrumb\":{\"@id\":\"https:\\\/\\\/www.ghmconsultores.es\\\/es\\\/estudios-geotecnicos-para-instalaciones-fotovoltaicas\\\/#breadcrumb\"},\"inLanguage\":\"es\",\"potentialAction\":[{\"@type\":\"ReadAction\",\"target\":[\"https:\\\/\\\/www.ghmconsultores.es\\\/es\\\/estudios-geotecnicos-para-instalaciones-fotovoltaicas\\\/\"]}]},{\"@type\":\"BreadcrumbList\",\"@id\":\"https:\\\/\\\/www.ghmconsultores.es\\\/es\\\/estudios-geotecnicos-para-instalaciones-fotovoltaicas\\\/#breadcrumb\",\"itemListElement\":[{\"@type\":\"ListItem\",\"position\":1,\"name\":\"Home\",\"item\":\"https:\\\/\\\/www.ghmconsultores.es\\\/es\\\/\"},{\"@type\":\"ListItem\",\"position\":2,\"name\":\"Estudios geot\u00e9cnicos para instalaciones fotovoltaicas\"}]},{\"@type\":\"WebSite\",\"@id\":\"https:\\\/\\\/www.ghmconsultores.es\\\/#website\",\"url\":\"https:\\\/\\\/www.ghmconsultores.es\\\/\",\"name\":\"GHM Consultores\",\"description\":\"Ingenier\u00eda y geolog\u00eda - GHM Consultores Geotecnia Hidrogeolog\u00eda Medioambiente. Espa\u00f1a, Colombia, Chile y Jap\u00f3n.\",\"potentialAction\":[{\"@type\":\"SearchAction\",\"target\":{\"@type\":\"EntryPoint\",\"urlTemplate\":\"https:\\\/\\\/www.ghmconsultores.es\\\/?s={search_term_string}\"},\"query-input\":{\"@type\":\"PropertyValueSpecification\",\"valueRequired\":true,\"valueName\":\"search_term_string\"}}],\"inLanguage\":\"es\"}]}<\/script>\n<!-- \/ Yoast SEO plugin. -->","yoast_head_json":{"title":"Estudios geot\u00e9cnicos para instalaciones fotovoltaicas - GHM Consultores","robots":{"index":"index","follow":"follow","max-snippet":"max-snippet:-1","max-image-preview":"max-image-preview:large","max-video-preview":"max-video-preview:-1"},"canonical":"https:\/\/www.ghmconsultores.es\/es\/estudios-geotecnicos-para-instalaciones-fotovoltaicas\/","og_locale":"es_ES","og_type":"article","og_title":"Estudios geot\u00e9cnicos para instalaciones fotovoltaicas - GHM Consultores","og_description":"En GHM\u00a0 Consultores somos especialistas en servicio integral para plantas de instalaciones fotovoltaicas, nuestros servicios incluyen los siguientes elementos: Estudio de antecedentes y riesgos geol\u00f3gicos Ensayos de campo (cartograf\u00eda geol\u00f3gica, evaluaci\u00f3n de par\u00e1metros de cimentaci\u00f3n, excavabilidad y propiedades qu\u00edmicas) Ensayos de laboratorio Emisi\u00f3n del informe \u2022 Marco geol\u00f3gico y geomorfol\u00f3gico \u2022 Hidrogeolog\u00eda \u2022 Niveles litol\u00f3gicos","og_url":"https:\/\/www.ghmconsultores.es\/es\/estudios-geotecnicos-para-instalaciones-fotovoltaicas\/","og_site_name":"GHM Consultores","article_modified_time":"2018-10-23T12:28:37+00:00","twitter_misc":{"Tiempo de lectura":"1 minuto"},"schema":{"@context":"https:\/\/schema.org","@graph":[{"@type":"WebPage","@id":"https:\/\/www.ghmconsultores.es\/es\/estudios-geotecnicos-para-instalaciones-fotovoltaicas\/","url":"https:\/\/www.ghmconsultores.es\/es\/estudios-geotecnicos-para-instalaciones-fotovoltaicas\/","name":"Estudios geot\u00e9cnicos para instalaciones fotovoltaicas - GHM Consultores","isPartOf":{"@id":"https:\/\/www.ghmconsultores.es\/#website"},"datePublished":"2018-10-02T10:57:03+00:00","dateModified":"2018-10-23T12:28:37+00:00","breadcrumb":{"@id":"https:\/\/www.ghmconsultores.es\/es\/estudios-geotecnicos-para-instalaciones-fotovoltaicas\/#breadcrumb"},"inLanguage":"es","potentialAction":[{"@type":"ReadAction","target":["https:\/\/www.ghmconsultores.es\/es\/estudios-geotecnicos-para-instalaciones-fotovoltaicas\/"]}]},{"@type":"BreadcrumbList","@id":"https:\/\/www.ghmconsultores.es\/es\/estudios-geotecnicos-para-instalaciones-fotovoltaicas\/#breadcrumb","itemListElement":[{"@type":"ListItem","position":1,"name":"Home","item":"https:\/\/www.ghmconsultores.es\/es\/"},{"@type":"ListItem","position":2,"name":"Estudios geot\u00e9cnicos para instalaciones fotovoltaicas"}]},{"@type":"WebSite","@id":"https:\/\/www.ghmconsultores.es\/#website","url":"https:\/\/www.ghmconsultores.es\/","name":"GHM Consultores","description":"Ingenier\u00eda y geolog\u00eda - GHM Consultores Geotecnia Hidrogeolog\u00eda Medioambiente. Espa\u00f1a, Colombia, Chile y Jap\u00f3n.","potentialAction":[{"@type":"SearchAction","target":{"@type":"EntryPoint","urlTemplate":"https:\/\/www.ghmconsultores.es\/?s={search_term_string}"},"query-input":{"@type":"PropertyValueSpecification","valueRequired":true,"valueName":"search_term_string"}}],"inLanguage":"es"}]}},"_links":{"self":[{"href":"https:\/\/www.ghmconsultores.es\/es\/wp-json\/wp\/v2\/pages\/1933","targetHints":{"allow":["GET"]}}],"collection":[{"href":"https:\/\/www.ghmconsultores.es\/es\/wp-json\/wp\/v2\/pages"}],"about":[{"href":"https:\/\/www.ghmconsultores.es\/es\/wp-json\/wp\/v2\/types\/page"}],"author":[{"embeddable":true,"href":"https:\/\/www.ghmconsultores.es\/es\/wp-json\/wp\/v2\/users\/8732"}],"replies":[{"embeddable":true,"href":"https:\/\/www.ghmconsultores.es\/es\/wp-json\/wp\/v2\/comments?post=1933"}],"version-history":[{"count":7,"href":"https:\/\/www.ghmconsultores.es\/es\/wp-json\/wp\/v2\/pages\/1933\/revisions"}],"predecessor-version":[{"id":2000,"href":"https:\/\/www.ghmconsultores.es\/es\/wp-json\/wp\/v2\/pages\/1933\/revisions\/2000"}],"wp:attachment":[{"href":"https:\/\/www.ghmconsultores.es\/es\/wp-json\/wp\/v2\/media?parent=1933"}],"curies":[{"name":"wp","href":"https:\/\/api.w.org\/{rel}","templated":true}]}}