{"id":185,"date":"2012-11-19T09:55:06","date_gmt":"2012-11-19T09:55:06","guid":{"rendered":"http:\/\/www.ghmconsultores.es\/?page_id=185"},"modified":"2015-03-13T04:39:34","modified_gmt":"2015-03-13T04:39:34","slug":"proyectos-hidrogeologia","status":"publish","type":"page","link":"https:\/\/www.ghmconsultores.es\/es\/proyectos-hidrogeologia\/","title":{"rendered":"Proyectos Hidrogeolog\u00eda"},"content":{"rendered":"<ul>\n<li><strong>Estudios geol\u00f3gico-hidrol\u00f3gicos de funcionamiento de los recursos subterr\u00e1neos.<\/strong>\n<ol>\n<li>Estudio geol\u00f3gico-hidrol\u00f3gico para la investigaci\u00f3n de las aportaciones h\u00eddricas en la zona del r\u00edo Rituerto, Soria.<\/li>\n<li>Apoyo a la caracterizaci\u00f3n adicional de las masas de agua subterr\u00e1nea en riesgo de no cumplir los objetivos medioambientales en 2015 (Demarcaci\u00f3n Hidrogr\u00e1fica del Guadiana).<\/li>\n<li>Campa\u00f1a de supervisi\u00f3n, trabajos de campo y evaluaci\u00f3n para la recarga del acu\u00edfero de \u00abEl Carracillo\u00bb Segovia.<\/li>\n<\/ol>\n<\/li>\n<\/ul>\n<ul>\n<li><strong>Estudios hidrol\u00f3gicos de contaminaci\u00f3n de acu\u00edferos.<\/strong>\n<ol>\n<li>Estudio hidrol\u00f3gico de la contaminaci\u00f3n de un acu\u00edfero por lixiviados en la Central T\u00e9rmica de Cercs, Barcelona.<\/li>\n<li>Estudio hidrogeol\u00f3gico sobre la posible afecci\u00f3n a las aguas subterr\u00e1neas por el vertido al Canal de Mar\u00eda Cristina, de aguas residuales del proyecto \u201cEDAR Sector 18 Albacete y l\u00ednea a\u00e9rea de suministro el\u00e9ctrico de la S.L.U. estaci\u00f3n\u201d en el t\u00e9rmino municipal de Albacete.<\/li>\n<li>Estudio hidrogeol\u00f3gico para el proyecto de ampliaci\u00f3n del cementerio municipal de Valdepi\u00e9lagos (Madrid).<\/li>\n<\/ol>\n<\/li>\n<\/ul>\n<ul>\n<li><strong>Estudios hidrogeol\u00f3gicos para la instalaci\u00f3n y desarrollo de plantas energ\u00e9ticas.<\/strong>\n<ol>\n<li>Estudio hidrogeol\u00f3gico para la instalaci\u00f3n de plantas termosolares en la geograf\u00eda de Espa\u00f1a.<\/li>\n<li>Estudio hidrogeol\u00f3gico para la explotaci\u00f3n de los recursos h\u00eddricos subterr\u00e1neos y construcci\u00f3n de abastecimiento de agua alternativo en la CTCC de Arr\u00fabal. en la CTCC de Arr\u00fabal.<\/li>\n<li>Estudio geol\u00f3gico e hidrogeol\u00f3gico del proyecto para la explotaci\u00f3n de la cantera Esther. Pedrera (Sevilla).<\/li>\n<\/ol>\n<\/li>\n<\/ul>\n<ul>\n<li><strong>Estudios hidrol\u00f3gicos aplicados a obra civil.<\/strong>\n<ol>\n<li>Estudio hidrogeol\u00f3gico de un deslizamiento en Beas de Guadix, Granada.<\/li>\n<li>Investigaci\u00f3n hidrogeol\u00f3gica de las obras de construcci\u00f3n de la l\u00ednea 1, tramo II, subtramo II, del metro ligero de Granada.<\/li>\n<\/ol>\n<\/li>\n<\/ul>\n<ul>\n<li><strong>Estudios hidrogeol\u00f3gicos para abastecimientos<\/strong>\n<ol>\n<li>Estudio geol\u00f3gico-hidrogeol\u00f3gico para el aprovechamiento de los recursos h\u00eddricos en el Club de Polo Santa Mar\u00eda, en San Roque (C\u00e1diz).<\/li>\n<li>Estudio geol\u00f3gico-hidrogeol\u00f3gico para el aprovechamiento de los recursos h\u00eddricos en el pol\u00edgono de Venta Mart\u00edn en Ubrique (C\u00e1diz).<\/li>\n<li>Estudio hidrogeol\u00f3gico, para el aprovechamiento de aguas subterr\u00e1neas para uso industrial en Villacast\u00edn (Segovia).<\/li>\n<\/ol>\n<\/li>\n<\/ul>\n","protected":false},"excerpt":{"rendered":"<p>Estudios geol\u00f3gico-hidrol\u00f3gicos de funcionamiento de los recursos subterr\u00e1neos. Estudio geol\u00f3gico-hidrol\u00f3gico para la investigaci\u00f3n de las aportaciones h\u00eddricas en la zona del r\u00edo Rituerto, Soria. Apoyo a la caracterizaci\u00f3n adicional de las masas de agua subterr\u00e1nea en riesgo de no cumplir los objetivos medioambientales en 2015 (Demarcaci\u00f3n Hidrogr\u00e1fica del Guadiana). Campa\u00f1a de supervisi\u00f3n, trabajos de campo<\/p>\n","protected":false},"author":8732,"featured_media":0,"parent":0,"menu_order":0,"comment_status":"open","ping_status":"open","template":"","meta":{"_monsterinsights_skip_tracking":false,"_monsterinsights_sitenote_active":false,"_monsterinsights_sitenote_note":"","_monsterinsights_sitenote_category":0,"footnotes":""},"class_list":["post-185","page","type-page","status-publish","hentry"],"yoast_head":"<!-- This site is optimized with the Yoast SEO plugin v27.4 - https:\/\/yoast.com\/product\/yoast-seo-wordpress\/ -->\n<title>Proyectos Hidrogeolog\u00eda - GHM Consultores<\/title>\n<meta name=\"robots\" content=\"index, follow, max-snippet:-1, max-image-preview:large, max-video-preview:-1\" \/>\n<link rel=\"canonical\" href=\"https:\/\/www.ghmconsultores.es\/es\/proyectos-hidrogeologia\/\" \/>\n<meta property=\"og:locale\" content=\"es_ES\" \/>\n<meta property=\"og:type\" content=\"article\" \/>\n<meta property=\"og:title\" content=\"Proyectos Hidrogeolog\u00eda - GHM Consultores\" \/>\n<meta property=\"og:description\" content=\"Estudios geol\u00f3gico-hidrol\u00f3gicos de funcionamiento de los recursos subterr\u00e1neos. Estudio geol\u00f3gico-hidrol\u00f3gico para la investigaci\u00f3n de las aportaciones h\u00eddricas en la zona del r\u00edo Rituerto, Soria. Apoyo a la caracterizaci\u00f3n adicional de las masas de agua subterr\u00e1nea en riesgo de no cumplir los objetivos medioambientales en 2015 (Demarcaci\u00f3n Hidrogr\u00e1fica del Guadiana). Campa\u00f1a de supervisi\u00f3n, trabajos de campo\" \/>\n<meta property=\"og:url\" content=\"https:\/\/www.ghmconsultores.es\/es\/proyectos-hidrogeologia\/\" \/>\n<meta property=\"og:site_name\" content=\"GHM Consultores\" \/>\n<meta property=\"article:modified_time\" content=\"2015-03-13T04:39:34+00:00\" \/>\n<meta name=\"twitter:label1\" content=\"Tiempo de lectura\" \/>\n\t<meta name=\"twitter:data1\" content=\"2 minutos\" \/>\n<script type=\"application\/ld+json\" class=\"yoast-schema-graph\">{\"@context\":\"https:\\\/\\\/schema.org\",\"@graph\":[{\"@type\":\"WebPage\",\"@id\":\"https:\\\/\\\/www.ghmconsultores.es\\\/es\\\/proyectos-hidrogeologia\\\/\",\"url\":\"https:\\\/\\\/www.ghmconsultores.es\\\/es\\\/proyectos-hidrogeologia\\\/\",\"name\":\"Proyectos Hidrogeolog\u00eda - GHM Consultores\",\"isPartOf\":{\"@id\":\"https:\\\/\\\/www.ghmconsultores.es\\\/#website\"},\"datePublished\":\"2012-11-19T09:55:06+00:00\",\"dateModified\":\"2015-03-13T04:39:34+00:00\",\"breadcrumb\":{\"@id\":\"https:\\\/\\\/www.ghmconsultores.es\\\/es\\\/proyectos-hidrogeologia\\\/#breadcrumb\"},\"inLanguage\":\"es\",\"potentialAction\":[{\"@type\":\"ReadAction\",\"target\":[\"https:\\\/\\\/www.ghmconsultores.es\\\/es\\\/proyectos-hidrogeologia\\\/\"]}]},{\"@type\":\"BreadcrumbList\",\"@id\":\"https:\\\/\\\/www.ghmconsultores.es\\\/es\\\/proyectos-hidrogeologia\\\/#breadcrumb\",\"itemListElement\":[{\"@type\":\"ListItem\",\"position\":1,\"name\":\"Home\",\"item\":\"https:\\\/\\\/www.ghmconsultores.es\\\/es\\\/\"},{\"@type\":\"ListItem\",\"position\":2,\"name\":\"Proyectos Hidrogeolog\u00eda\"}]},{\"@type\":\"WebSite\",\"@id\":\"https:\\\/\\\/www.ghmconsultores.es\\\/#website\",\"url\":\"https:\\\/\\\/www.ghmconsultores.es\\\/\",\"name\":\"GHM Consultores\",\"description\":\"Ingenier\u00eda y geolog\u00eda - GHM Consultores Geotecnia Hidrogeolog\u00eda Medioambiente. Espa\u00f1a, Colombia, Chile y Jap\u00f3n.\",\"potentialAction\":[{\"@type\":\"SearchAction\",\"target\":{\"@type\":\"EntryPoint\",\"urlTemplate\":\"https:\\\/\\\/www.ghmconsultores.es\\\/?s={search_term_string}\"},\"query-input\":{\"@type\":\"PropertyValueSpecification\",\"valueRequired\":true,\"valueName\":\"search_term_string\"}}],\"inLanguage\":\"es\"}]}<\/script>\n<!-- \/ Yoast SEO plugin. -->","yoast_head_json":{"title":"Proyectos Hidrogeolog\u00eda - GHM Consultores","robots":{"index":"index","follow":"follow","max-snippet":"max-snippet:-1","max-image-preview":"max-image-preview:large","max-video-preview":"max-video-preview:-1"},"canonical":"https:\/\/www.ghmconsultores.es\/es\/proyectos-hidrogeologia\/","og_locale":"es_ES","og_type":"article","og_title":"Proyectos Hidrogeolog\u00eda - GHM Consultores","og_description":"Estudios geol\u00f3gico-hidrol\u00f3gicos de funcionamiento de los recursos subterr\u00e1neos. Estudio geol\u00f3gico-hidrol\u00f3gico para la investigaci\u00f3n de las aportaciones h\u00eddricas en la zona del r\u00edo Rituerto, Soria. Apoyo a la caracterizaci\u00f3n adicional de las masas de agua subterr\u00e1nea en riesgo de no cumplir los objetivos medioambientales en 2015 (Demarcaci\u00f3n Hidrogr\u00e1fica del Guadiana). Campa\u00f1a de supervisi\u00f3n, trabajos de campo","og_url":"https:\/\/www.ghmconsultores.es\/es\/proyectos-hidrogeologia\/","og_site_name":"GHM Consultores","article_modified_time":"2015-03-13T04:39:34+00:00","twitter_misc":{"Tiempo de lectura":"2 minutos"},"schema":{"@context":"https:\/\/schema.org","@graph":[{"@type":"WebPage","@id":"https:\/\/www.ghmconsultores.es\/es\/proyectos-hidrogeologia\/","url":"https:\/\/www.ghmconsultores.es\/es\/proyectos-hidrogeologia\/","name":"Proyectos Hidrogeolog\u00eda - GHM Consultores","isPartOf":{"@id":"https:\/\/www.ghmconsultores.es\/#website"},"datePublished":"2012-11-19T09:55:06+00:00","dateModified":"2015-03-13T04:39:34+00:00","breadcrumb":{"@id":"https:\/\/www.ghmconsultores.es\/es\/proyectos-hidrogeologia\/#breadcrumb"},"inLanguage":"es","potentialAction":[{"@type":"ReadAction","target":["https:\/\/www.ghmconsultores.es\/es\/proyectos-hidrogeologia\/"]}]},{"@type":"BreadcrumbList","@id":"https:\/\/www.ghmconsultores.es\/es\/proyectos-hidrogeologia\/#breadcrumb","itemListElement":[{"@type":"ListItem","position":1,"name":"Home","item":"https:\/\/www.ghmconsultores.es\/es\/"},{"@type":"ListItem","position":2,"name":"Proyectos Hidrogeolog\u00eda"}]},{"@type":"WebSite","@id":"https:\/\/www.ghmconsultores.es\/#website","url":"https:\/\/www.ghmconsultores.es\/","name":"GHM Consultores","description":"Ingenier\u00eda y geolog\u00eda - GHM Consultores Geotecnia Hidrogeolog\u00eda Medioambiente. Espa\u00f1a, Colombia, Chile y Jap\u00f3n.","potentialAction":[{"@type":"SearchAction","target":{"@type":"EntryPoint","urlTemplate":"https:\/\/www.ghmconsultores.es\/?s={search_term_string}"},"query-input":{"@type":"PropertyValueSpecification","valueRequired":true,"valueName":"search_term_string"}}],"inLanguage":"es"}]}},"_links":{"self":[{"href":"https:\/\/www.ghmconsultores.es\/es\/wp-json\/wp\/v2\/pages\/185","targetHints":{"allow":["GET"]}}],"collection":[{"href":"https:\/\/www.ghmconsultores.es\/es\/wp-json\/wp\/v2\/pages"}],"about":[{"href":"https:\/\/www.ghmconsultores.es\/es\/wp-json\/wp\/v2\/types\/page"}],"author":[{"embeddable":true,"href":"https:\/\/www.ghmconsultores.es\/es\/wp-json\/wp\/v2\/users\/8732"}],"replies":[{"embeddable":true,"href":"https:\/\/www.ghmconsultores.es\/es\/wp-json\/wp\/v2\/comments?post=185"}],"version-history":[{"count":8,"href":"https:\/\/www.ghmconsultores.es\/es\/wp-json\/wp\/v2\/pages\/185\/revisions"}],"predecessor-version":[{"id":1533,"href":"https:\/\/www.ghmconsultores.es\/es\/wp-json\/wp\/v2\/pages\/185\/revisions\/1533"}],"wp:attachment":[{"href":"https:\/\/www.ghmconsultores.es\/es\/wp-json\/wp\/v2\/media?parent=185"}],"curies":[{"name":"wp","href":"https:\/\/api.w.org\/{rel}","templated":true}]}}