{"id":178,"date":"2012-11-19T09:49:50","date_gmt":"2012-11-19T09:49:50","guid":{"rendered":"http:\/\/www.ghmconsultores.es\/?page_id=178"},"modified":"2015-03-13T04:39:31","modified_gmt":"2015-03-13T04:39:31","slug":"proyectos-geotecnia","status":"publish","type":"page","link":"https:\/\/www.ghmconsultores.es\/es\/proyectos-geotecnia\/","title":{"rendered":"Proyectos Geotecnia"},"content":{"rendered":"<ul>\n<li><strong>Redacci&oacute;n de los anejos de Geolog&iacute;a y Procedencia de Materiales, Geotecnia del Corredor, y Estructuras, de Proyectos informativos y de construcci&oacute;n de obras lineales<\/strong>\n<ol>\n<li>Estudio geol&oacute;gico-geot&eacute;cnico para el Proyecto de Construcci&oacute;n &ldquo;Variante de la carretera M-204 en Villar del Olmo&rdquo; (Madrid).<\/li>\n<li>Estudio geol&oacute;gico-geot&eacute;cnico para el Estudio Informativo y Proyecto de Construcci&oacute;n del Tramo: Nueva carretera entre Azuqueca de Henares y Alovera (Guadalajara).<\/li>\n<li>Estudio geol&oacute;gico-geot&eacute;cnico para el Proyecto de Construcci&oacute;n de la duplicaci&oacute;n de la carretera de acceso a la d&aacute;rsena de Escombreras, N-343, tramo Cartagena-Alumbres-Escombreras. Murcia.<\/li>\n<\/ol>\n<\/li>\n<\/ul>\n<ul>\n<li><strong>Supervisi&oacute;n de trabajos de campo y control de maquinaria para Proyectos informativos, de licitaci&oacute;n, b&aacute;sicos y de construcci&oacute;n de obras lineales. <\/strong>&#13;<\/strong>\n<ol>\n<li>Supervisi&oacute;n de campo para el Proyecto de Construcci&oacute;n de la Autov&iacute;a AP-46, Tramo: Las Pedrizas-M&aacute;laga.&#13;<\/li>\n<li>Supervisi&oacute;n de trabajos de campo para diferentes tramos del Proyecto de Construcci&oacute;n de la LAV Madrid-Levante-Regi&oacute;n de Murcia.<\/li>\n<li>Supervisi&oacute;n de campo para el Proyecto de Construcci&oacute;n de la carretera para el Nuevo Acceso a C&aacute;diz.<\/li>\n<\/ol>\n<\/li>\n<\/ul>\n<ul>\n<li><strong>Estudios geol&oacute;gicos-geot&eacute;cnicos para proyectos de construcci&oacute;n en edificaci&oacute;n de viviendas unifamiliares, bloques de edificios, complejos residenciales, viales de <\/strong><strong>urbanizaci&oacute;n y edificios hist&oacute;ricos.<\/strong>&#13;<\/strong>\n<ol>\n<li>Estudio geol&oacute;gico-geot&eacute;cnico, cartograf&iacute;a geol&oacute;gica y delineaci&oacute;n para el Proyecto de Construcci&oacute;n de 900 viviendas en la urbanizaci&oacute;n&nbsp; <em>Almanzora Country Club<\/em> (Almer&iacute;a).&#13;<\/li>\n<li>Estudio geol&oacute;gico-geot&eacute;cnico para la remodelaci&oacute;n de edificios y pistas en el hip&oacute;dromo de la Zarzuela. Madrid.<\/li>\n<li>Estudio Geot&eacute;cnico para la construcci&oacute;n de 146 viviendas de protecci&oacute;n p&uacute;blica para arrendamiento, locales y garajes en la parcela M-E13 de &ldquo;Ciudad Jard&iacute;n&rdquo;, Arroyomolinos (Madrid).&#13;<\/li>\n<\/ol>\n<\/li>\n<\/ul>\n<ul>\n<li><strong>Asistencia t&eacute;cnica en proyectos de edificaci&oacute;n, obra civil y obra hidr&aacute;ulica.<\/strong>&#13;<\/strong>\n<ol>\n<li>Asistencia t&eacute;cnica en obra&nbsp; y an&aacute;lisis de estabilidad de taludes para la construcci&oacute;n de un muro persa en el Parque Juan Pablo II (Madrid).&#13;<\/li>\n<li>Asistencia t&eacute;cnica en obra para la selecci&oacute;n de la profundidad de la cimentaci&oacute;n por micropilotes de un&nbsp; colegio de Ont&iacute;gola (Toledo).&#13;<\/li>\n<\/ol>\n<\/li>\n<li>Asistencia t&eacute;cnica para el proyecto de presa, captaciones, impulsiones y conducci&oacute;n principal de la red de riego para 1.500 ha en la zona del r&iacute;o Rojo, Berantevilla (Burgos-&Aacute;lava).&#13;<\/li>\n<\/ul>\n<ul>\n<li><strong>Informe preliminar del estudio geot&eacute;cnico para la construcci&oacute;n de 6 balsas de regad&iacute;o y 300 km de tuber&iacute;as en el r&iacute;o Najerilla, m&aacute;rgenes izquierda y derecha. La Rioja.&#13;<\/strong>\n<ol>\n<li>Estudio geot&eacute;cnico para la construcci&oacute;n de cuatro balsas, estaciones de bombeo y edificios anejos, del sector VIII de Los Monegros II, en la zona de Pe&ntilde;alba y Bujaraloz entre las provincias de Huesca y Zaragoza.<\/li>\n<li>Estudio geot&eacute;cnico para la construcci&oacute;n de una balsa, dos estaciones de bombeo y 30 km de zanja para una red de riego en Alfaro (La Rioja).&#13;<\/li>\n<li>Estudio geot&eacute;cnico para el proyecto de construcci&oacute;n de una presa, captaciones, impulsiones y conducci&oacute;n principal de la red de riego para 1.500 ha en la zona del r&iacute;o Rojo, Berantevilla (Burgos-&Aacute;lava).<\/li>\n<\/ol>\n<\/li>\n<\/ul>\n<ul>\n<li><strong>Estudios de estabilidad de taludes, caracterizaci&oacute;n del macizo rocoso y ejecuci&oacute;n de recalce de cimentaciones.<\/strong>&#13;<\/strong>\n<ol>\n<li>Estudio geol&oacute;gico-geot&eacute;cnico con direcci&oacute;n y supervisi&oacute;n de la campa&ntilde;a de campo para el &ldquo;Plan Director del Acantilado del Puerto de Ma&oacute;&rdquo;, Menorca.&#13;<\/li>\n<li>Estudio del macizo rocoso para la construcci&oacute;n de un t&uacute;nel urbano en Cuenca.&#13;<\/li>\n<li>Ampliaci&oacute;n del estudio geot&eacute;cnico y c&aacute;lculo de estabilidad de taludes para la construcci&oacute;n de un muro de contenci&oacute;n en la calle Hurac&aacute;n, parcelas 10,11,12,13,y 14, Las Rozas (Madrid).<\/li>\n<\/ol>\n<\/li>\n<\/ul>\n","protected":false},"excerpt":{"rendered":"<p>Redacci&oacute;n de los anejos de Geolog&iacute;a y Procedencia de Materiales, Geotecnia del Corredor, y Estructuras, de Proyectos informativos y de construcci&oacute;n de obras lineales Estudio geol&oacute;gico-geot&eacute;cnico para el Proyecto de Construcci&oacute;n &ldquo;Variante de la carretera M-204 en Villar del Olmo&rdquo; (Madrid). Estudio geol&oacute;gico-geot&eacute;cnico para el Estudio Informativo y Proyecto de Construcci&oacute;n del Tramo: Nueva carretera<\/p>\n","protected":false},"author":8732,"featured_media":0,"parent":0,"menu_order":0,"comment_status":"open","ping_status":"open","template":"","meta":{"_monsterinsights_skip_tracking":false,"_monsterinsights_sitenote_active":false,"_monsterinsights_sitenote_note":"","_monsterinsights_sitenote_category":0,"footnotes":""},"class_list":["post-178","page","type-page","status-publish","hentry"],"yoast_head":"<!-- This site is optimized with the Yoast SEO plugin v27.5 - https:\/\/yoast.com\/product\/yoast-seo-wordpress\/ -->\n<title>Proyectos Geotecnia - GHM Consultores<\/title>\n<meta name=\"robots\" content=\"index, follow, max-snippet:-1, max-image-preview:large, max-video-preview:-1\" \/>\n<link rel=\"canonical\" href=\"https:\/\/www.ghmconsultores.es\/es\/proyectos-geotecnia\/\" \/>\n<meta property=\"og:locale\" content=\"es_ES\" \/>\n<meta property=\"og:type\" content=\"article\" \/>\n<meta property=\"og:title\" content=\"Proyectos Geotecnia - GHM Consultores\" \/>\n<meta property=\"og:description\" content=\"Redacci&oacute;n de los anejos de Geolog&iacute;a y Procedencia de Materiales, Geotecnia del Corredor, y Estructuras, de Proyectos informativos y de construcci&oacute;n de obras lineales Estudio geol&oacute;gico-geot&eacute;cnico para el Proyecto de Construcci&oacute;n &ldquo;Variante de la carretera M-204 en Villar del Olmo&rdquo; (Madrid). Estudio geol&oacute;gico-geot&eacute;cnico para el Estudio Informativo y Proyecto de Construcci&oacute;n del Tramo: Nueva carretera\" \/>\n<meta property=\"og:url\" content=\"https:\/\/www.ghmconsultores.es\/es\/proyectos-geotecnia\/\" \/>\n<meta property=\"og:site_name\" content=\"GHM Consultores\" \/>\n<meta property=\"article:modified_time\" content=\"2015-03-13T04:39:31+00:00\" \/>\n<meta name=\"twitter:label1\" content=\"Tiempo de lectura\" \/>\n\t<meta name=\"twitter:data1\" content=\"4 minutos\" \/>\n<script type=\"application\/ld+json\" class=\"yoast-schema-graph\">{\"@context\":\"https:\\\/\\\/schema.org\",\"@graph\":[{\"@type\":\"WebPage\",\"@id\":\"https:\\\/\\\/www.ghmconsultores.es\\\/es\\\/proyectos-geotecnia\\\/\",\"url\":\"https:\\\/\\\/www.ghmconsultores.es\\\/es\\\/proyectos-geotecnia\\\/\",\"name\":\"Proyectos Geotecnia - GHM Consultores\",\"isPartOf\":{\"@id\":\"https:\\\/\\\/www.ghmconsultores.es\\\/#website\"},\"datePublished\":\"2012-11-19T09:49:50+00:00\",\"dateModified\":\"2015-03-13T04:39:31+00:00\",\"breadcrumb\":{\"@id\":\"https:\\\/\\\/www.ghmconsultores.es\\\/es\\\/proyectos-geotecnia\\\/#breadcrumb\"},\"inLanguage\":\"es\",\"potentialAction\":[{\"@type\":\"ReadAction\",\"target\":[\"https:\\\/\\\/www.ghmconsultores.es\\\/es\\\/proyectos-geotecnia\\\/\"]}]},{\"@type\":\"BreadcrumbList\",\"@id\":\"https:\\\/\\\/www.ghmconsultores.es\\\/es\\\/proyectos-geotecnia\\\/#breadcrumb\",\"itemListElement\":[{\"@type\":\"ListItem\",\"position\":1,\"name\":\"Home\",\"item\":\"https:\\\/\\\/www.ghmconsultores.es\\\/es\\\/\"},{\"@type\":\"ListItem\",\"position\":2,\"name\":\"Proyectos Geotecnia\"}]},{\"@type\":\"WebSite\",\"@id\":\"https:\\\/\\\/www.ghmconsultores.es\\\/#website\",\"url\":\"https:\\\/\\\/www.ghmconsultores.es\\\/\",\"name\":\"GHM Consultores\",\"description\":\"Ingenier\u00eda y geolog\u00eda - GHM Consultores Geotecnia Hidrogeolog\u00eda Medioambiente. Espa\u00f1a, Colombia, Chile y Jap\u00f3n.\",\"potentialAction\":[{\"@type\":\"SearchAction\",\"target\":{\"@type\":\"EntryPoint\",\"urlTemplate\":\"https:\\\/\\\/www.ghmconsultores.es\\\/?s={search_term_string}\"},\"query-input\":{\"@type\":\"PropertyValueSpecification\",\"valueRequired\":true,\"valueName\":\"search_term_string\"}}],\"inLanguage\":\"es\"}]}<\/script>\n<!-- \/ Yoast SEO plugin. -->","yoast_head_json":{"title":"Proyectos Geotecnia - GHM Consultores","robots":{"index":"index","follow":"follow","max-snippet":"max-snippet:-1","max-image-preview":"max-image-preview:large","max-video-preview":"max-video-preview:-1"},"canonical":"https:\/\/www.ghmconsultores.es\/es\/proyectos-geotecnia\/","og_locale":"es_ES","og_type":"article","og_title":"Proyectos Geotecnia - GHM Consultores","og_description":"Redacci&oacute;n de los anejos de Geolog&iacute;a y Procedencia de Materiales, Geotecnia del Corredor, y Estructuras, de Proyectos informativos y de construcci&oacute;n de obras lineales Estudio geol&oacute;gico-geot&eacute;cnico para el Proyecto de Construcci&oacute;n &ldquo;Variante de la carretera M-204 en Villar del Olmo&rdquo; (Madrid). Estudio geol&oacute;gico-geot&eacute;cnico para el Estudio Informativo y Proyecto de Construcci&oacute;n del Tramo: Nueva carretera","og_url":"https:\/\/www.ghmconsultores.es\/es\/proyectos-geotecnia\/","og_site_name":"GHM Consultores","article_modified_time":"2015-03-13T04:39:31+00:00","twitter_misc":{"Tiempo de lectura":"4 minutos"},"schema":{"@context":"https:\/\/schema.org","@graph":[{"@type":"WebPage","@id":"https:\/\/www.ghmconsultores.es\/es\/proyectos-geotecnia\/","url":"https:\/\/www.ghmconsultores.es\/es\/proyectos-geotecnia\/","name":"Proyectos Geotecnia - GHM Consultores","isPartOf":{"@id":"https:\/\/www.ghmconsultores.es\/#website"},"datePublished":"2012-11-19T09:49:50+00:00","dateModified":"2015-03-13T04:39:31+00:00","breadcrumb":{"@id":"https:\/\/www.ghmconsultores.es\/es\/proyectos-geotecnia\/#breadcrumb"},"inLanguage":"es","potentialAction":[{"@type":"ReadAction","target":["https:\/\/www.ghmconsultores.es\/es\/proyectos-geotecnia\/"]}]},{"@type":"BreadcrumbList","@id":"https:\/\/www.ghmconsultores.es\/es\/proyectos-geotecnia\/#breadcrumb","itemListElement":[{"@type":"ListItem","position":1,"name":"Home","item":"https:\/\/www.ghmconsultores.es\/es\/"},{"@type":"ListItem","position":2,"name":"Proyectos Geotecnia"}]},{"@type":"WebSite","@id":"https:\/\/www.ghmconsultores.es\/#website","url":"https:\/\/www.ghmconsultores.es\/","name":"GHM Consultores","description":"Ingenier\u00eda y geolog\u00eda - GHM Consultores Geotecnia Hidrogeolog\u00eda Medioambiente. Espa\u00f1a, Colombia, Chile y Jap\u00f3n.","potentialAction":[{"@type":"SearchAction","target":{"@type":"EntryPoint","urlTemplate":"https:\/\/www.ghmconsultores.es\/?s={search_term_string}"},"query-input":{"@type":"PropertyValueSpecification","valueRequired":true,"valueName":"search_term_string"}}],"inLanguage":"es"}]}},"_links":{"self":[{"href":"https:\/\/www.ghmconsultores.es\/es\/wp-json\/wp\/v2\/pages\/178","targetHints":{"allow":["GET"]}}],"collection":[{"href":"https:\/\/www.ghmconsultores.es\/es\/wp-json\/wp\/v2\/pages"}],"about":[{"href":"https:\/\/www.ghmconsultores.es\/es\/wp-json\/wp\/v2\/types\/page"}],"author":[{"embeddable":true,"href":"https:\/\/www.ghmconsultores.es\/es\/wp-json\/wp\/v2\/users\/8732"}],"replies":[{"embeddable":true,"href":"https:\/\/www.ghmconsultores.es\/es\/wp-json\/wp\/v2\/comments?post=178"}],"version-history":[{"count":11,"href":"https:\/\/www.ghmconsultores.es\/es\/wp-json\/wp\/v2\/pages\/178\/revisions"}],"predecessor-version":[{"id":1532,"href":"https:\/\/www.ghmconsultores.es\/es\/wp-json\/wp\/v2\/pages\/178\/revisions\/1532"}],"wp:attachment":[{"href":"https:\/\/www.ghmconsultores.es\/es\/wp-json\/wp\/v2\/media?parent=178"}],"curies":[{"name":"wp","href":"https:\/\/api.w.org\/{rel}","templated":true}]}}