{"id":172,"date":"2012-11-19T09:34:04","date_gmt":"2012-11-19T09:34:04","guid":{"rendered":"http:\/\/www.ghmconsultores.es\/?page_id=172"},"modified":"2018-11-23T08:41:55","modified_gmt":"2018-11-23T08:41:55","slug":"geotecnia","status":"publish","type":"page","link":"https:\/\/www.ghmconsultores.es\/es\/geotecnia\/","title":{"rendered":"Geotecnia"},"content":{"rendered":"<p><a  href=\"http:\/\/www.ghmconsultores.es\/wp-content\/uploads\/Geotecnia-2.jpg\" data-rel=\"lightbox-gallery-0\" data-rl_title=\"\" data-rl_caption=\"\" title=\"\"><img loading=\"lazy\" decoding=\"async\" class=\"aligncenter size-large wp-image-1448\" src=\"http:\/\/www.ghmconsultores.es\/wp-content\/uploads\/Geotecnia-2-1024x304.jpg\" alt=\"Geotecnia-2\" width=\"1000\" height=\"297\" srcset=\"https:\/\/www.ghmconsultores.es\/wp-content\/uploads\/Geotecnia-2-1024x304.jpg 1024w, https:\/\/www.ghmconsultores.es\/wp-content\/uploads\/Geotecnia-2-300x89.jpg 300w, https:\/\/www.ghmconsultores.es\/wp-content\/uploads\/Geotecnia-2.jpg 1349w\" sizes=\"auto, (max-width: 1000px) 100vw, 1000px\" \/><\/a><br \/>\n[tagline_box title=\u00bbLa prioridad de <strong>GHM Consultores<\/strong> es adecuarse a las necesidades espec\u00edficas de cada proyecto. La versatilidad t\u00e9cnica de nuestro equipo de profesionales permite desarrollar un planteamiento concreto para cada caso, mediante el estudio a fondo del mismo y la selecci\u00f3n de una serie de herramientas espec\u00edficas. De esta forma, se pretende obtener unos resultados satisfactorios y \u00a0 adecuados para la \u00f3ptima ejecuci\u00f3n\u00a0 de cada proyecto.\u00bb ][\/tagline_box]\n<div class=\"title\">\n<h2>Geotecnia<\/h2>\n<\/div>\n<p><span class=\"dropcap\">E<\/span>n el campo de la Geotecnia, <strong>GHM Consultores<\/strong> desarrolla su actividad adecu\u00e1ndose a las necesidades del cliente, siempre bajo las premisas de la legislaci\u00f3n y normativa vigentes que regulan el sector (CTE, PG-3, EHE, Gu\u00eda de Cimentaciones, ROM, etc.), abordando un estudio geot\u00e9cnico en su totalidad, o colaborando parcialmente con los distintos departamentos de las ingenier\u00edas y estudios de arquitectura. La comunicaci\u00f3n con nuestros clientes es una parte activa de nuestra pol\u00edtica de empresa.<\/p>\n[checklist]\n<ul>\n<ul>\n<ul style=\"margin-top: 30px; margin-bottom: 30px; list-style: none;\">\n<li><a href=\"http:\/\/www.ghmconsultores.es\/geotecnia-servicios\/\">Servicios<\/a><\/li>\n<li><a href=\"http:\/\/www.ghmconsultores.es\/herramientas\/\">Herramientas<\/a><\/li>\n<\/ul>\n<\/ul>\n<\/ul>\n[\/checklist]\n","protected":false},"excerpt":{"rendered":"<p>[tagline_box title=\u00bbLa prioridad de GHM Consultores es adecuarse a las necesidades espec\u00edficas de cada proyecto. La versatilidad t\u00e9cnica de nuestro equipo de profesionales permite desarrollar un planteamiento concreto para cada caso, mediante el estudio a fondo del mismo y la selecci\u00f3n de una serie de herramientas espec\u00edficas. De esta forma, se pretende obtener unos resultados<\/p>\n","protected":false},"author":8732,"featured_media":0,"parent":0,"menu_order":0,"comment_status":"open","ping_status":"open","template":"","meta":{"_monsterinsights_skip_tracking":false,"_monsterinsights_sitenote_active":false,"_monsterinsights_sitenote_note":"","_monsterinsights_sitenote_category":0,"footnotes":""},"class_list":["post-172","page","type-page","status-publish","hentry"],"yoast_head":"<!-- This site is optimized with the Yoast SEO plugin v27.5 - https:\/\/yoast.com\/product\/yoast-seo-wordpress\/ -->\n<title>Geotecnia - GHM Consultores<\/title>\n<meta name=\"description\" content=\"GHM Consultores desarrolla proyectos de geotecnia adecu\u00e1ndose a las necesidades del cliente, siempre bajo las premisas de la normativa vigente.\" \/>\n<meta name=\"robots\" content=\"index, follow, max-snippet:-1, max-image-preview:large, max-video-preview:-1\" \/>\n<link rel=\"canonical\" href=\"https:\/\/www.ghmconsultores.es\/es\/geotecnia\/\" \/>\n<meta property=\"og:locale\" content=\"es_ES\" \/>\n<meta property=\"og:type\" content=\"article\" \/>\n<meta property=\"og:title\" content=\"Geotecnia - GHM Consultores\" \/>\n<meta property=\"og:description\" content=\"GHM Consultores desarrolla proyectos de geotecnia adecu\u00e1ndose a las necesidades del cliente, siempre bajo las premisas de la normativa vigente.\" \/>\n<meta property=\"og:url\" content=\"https:\/\/www.ghmconsultores.es\/es\/geotecnia\/\" \/>\n<meta property=\"og:site_name\" content=\"GHM Consultores\" \/>\n<meta property=\"article:modified_time\" content=\"2018-11-23T08:41:55+00:00\" \/>\n<meta property=\"og:image\" content=\"http:\/\/www.ghmconsultores.es\/wp-content\/uploads\/Geotecnia-2-1024x304.jpg\" \/>\n<meta name=\"twitter:label1\" content=\"Tiempo de lectura\" \/>\n\t<meta name=\"twitter:data1\" content=\"1 minuto\" \/>\n<script type=\"application\/ld+json\" class=\"yoast-schema-graph\">{\"@context\":\"https:\\\/\\\/schema.org\",\"@graph\":[{\"@type\":\"WebPage\",\"@id\":\"https:\\\/\\\/www.ghmconsultores.es\\\/es\\\/geotecnia\\\/\",\"url\":\"https:\\\/\\\/www.ghmconsultores.es\\\/es\\\/geotecnia\\\/\",\"name\":\"Geotecnia - GHM Consultores\",\"isPartOf\":{\"@id\":\"https:\\\/\\\/www.ghmconsultores.es\\\/#website\"},\"primaryImageOfPage\":{\"@id\":\"https:\\\/\\\/www.ghmconsultores.es\\\/es\\\/geotecnia\\\/#primaryimage\"},\"image\":{\"@id\":\"https:\\\/\\\/www.ghmconsultores.es\\\/es\\\/geotecnia\\\/#primaryimage\"},\"thumbnailUrl\":\"http:\\\/\\\/www.ghmconsultores.es\\\/wp-content\\\/uploads\\\/Geotecnia-2-1024x304.jpg\",\"datePublished\":\"2012-11-19T09:34:04+00:00\",\"dateModified\":\"2018-11-23T08:41:55+00:00\",\"description\":\"GHM Consultores desarrolla proyectos de geotecnia adecu\u00e1ndose a las necesidades del cliente, siempre bajo las premisas de la normativa vigente.\",\"breadcrumb\":{\"@id\":\"https:\\\/\\\/www.ghmconsultores.es\\\/es\\\/geotecnia\\\/#breadcrumb\"},\"inLanguage\":\"es\",\"potentialAction\":[{\"@type\":\"ReadAction\",\"target\":[\"https:\\\/\\\/www.ghmconsultores.es\\\/es\\\/geotecnia\\\/\"]}]},{\"@type\":\"ImageObject\",\"inLanguage\":\"es\",\"@id\":\"https:\\\/\\\/www.ghmconsultores.es\\\/es\\\/geotecnia\\\/#primaryimage\",\"url\":\"http:\\\/\\\/www.ghmconsultores.es\\\/wp-content\\\/uploads\\\/Geotecnia-2-1024x304.jpg\",\"contentUrl\":\"http:\\\/\\\/www.ghmconsultores.es\\\/wp-content\\\/uploads\\\/Geotecnia-2-1024x304.jpg\"},{\"@type\":\"BreadcrumbList\",\"@id\":\"https:\\\/\\\/www.ghmconsultores.es\\\/es\\\/geotecnia\\\/#breadcrumb\",\"itemListElement\":[{\"@type\":\"ListItem\",\"position\":1,\"name\":\"Home\",\"item\":\"https:\\\/\\\/www.ghmconsultores.es\\\/es\\\/\"},{\"@type\":\"ListItem\",\"position\":2,\"name\":\"Geotecnia\"}]},{\"@type\":\"WebSite\",\"@id\":\"https:\\\/\\\/www.ghmconsultores.es\\\/#website\",\"url\":\"https:\\\/\\\/www.ghmconsultores.es\\\/\",\"name\":\"GHM Consultores\",\"description\":\"Ingenier\u00eda y geolog\u00eda - GHM Consultores Geotecnia Hidrogeolog\u00eda Medioambiente. Espa\u00f1a, Colombia, Chile y Jap\u00f3n.\",\"potentialAction\":[{\"@type\":\"SearchAction\",\"target\":{\"@type\":\"EntryPoint\",\"urlTemplate\":\"https:\\\/\\\/www.ghmconsultores.es\\\/?s={search_term_string}\"},\"query-input\":{\"@type\":\"PropertyValueSpecification\",\"valueRequired\":true,\"valueName\":\"search_term_string\"}}],\"inLanguage\":\"es\"}]}<\/script>\n<!-- \/ Yoast SEO plugin. -->","yoast_head_json":{"title":"Geotecnia - GHM Consultores","description":"GHM Consultores desarrolla proyectos de geotecnia adecu\u00e1ndose a las necesidades del cliente, siempre bajo las premisas de la normativa vigente.","robots":{"index":"index","follow":"follow","max-snippet":"max-snippet:-1","max-image-preview":"max-image-preview:large","max-video-preview":"max-video-preview:-1"},"canonical":"https:\/\/www.ghmconsultores.es\/es\/geotecnia\/","og_locale":"es_ES","og_type":"article","og_title":"Geotecnia - GHM Consultores","og_description":"GHM Consultores desarrolla proyectos de geotecnia adecu\u00e1ndose a las necesidades del cliente, siempre bajo las premisas de la normativa vigente.","og_url":"https:\/\/www.ghmconsultores.es\/es\/geotecnia\/","og_site_name":"GHM Consultores","article_modified_time":"2018-11-23T08:41:55+00:00","og_image":[{"url":"http:\/\/www.ghmconsultores.es\/wp-content\/uploads\/Geotecnia-2-1024x304.jpg","type":"","width":"","height":""}],"twitter_misc":{"Tiempo de lectura":"1 minuto"},"schema":{"@context":"https:\/\/schema.org","@graph":[{"@type":"WebPage","@id":"https:\/\/www.ghmconsultores.es\/es\/geotecnia\/","url":"https:\/\/www.ghmconsultores.es\/es\/geotecnia\/","name":"Geotecnia - GHM Consultores","isPartOf":{"@id":"https:\/\/www.ghmconsultores.es\/#website"},"primaryImageOfPage":{"@id":"https:\/\/www.ghmconsultores.es\/es\/geotecnia\/#primaryimage"},"image":{"@id":"https:\/\/www.ghmconsultores.es\/es\/geotecnia\/#primaryimage"},"thumbnailUrl":"http:\/\/www.ghmconsultores.es\/wp-content\/uploads\/Geotecnia-2-1024x304.jpg","datePublished":"2012-11-19T09:34:04+00:00","dateModified":"2018-11-23T08:41:55+00:00","description":"GHM Consultores desarrolla proyectos de geotecnia adecu\u00e1ndose a las necesidades del cliente, siempre bajo las premisas de la normativa vigente.","breadcrumb":{"@id":"https:\/\/www.ghmconsultores.es\/es\/geotecnia\/#breadcrumb"},"inLanguage":"es","potentialAction":[{"@type":"ReadAction","target":["https:\/\/www.ghmconsultores.es\/es\/geotecnia\/"]}]},{"@type":"ImageObject","inLanguage":"es","@id":"https:\/\/www.ghmconsultores.es\/es\/geotecnia\/#primaryimage","url":"http:\/\/www.ghmconsultores.es\/wp-content\/uploads\/Geotecnia-2-1024x304.jpg","contentUrl":"http:\/\/www.ghmconsultores.es\/wp-content\/uploads\/Geotecnia-2-1024x304.jpg"},{"@type":"BreadcrumbList","@id":"https:\/\/www.ghmconsultores.es\/es\/geotecnia\/#breadcrumb","itemListElement":[{"@type":"ListItem","position":1,"name":"Home","item":"https:\/\/www.ghmconsultores.es\/es\/"},{"@type":"ListItem","position":2,"name":"Geotecnia"}]},{"@type":"WebSite","@id":"https:\/\/www.ghmconsultores.es\/#website","url":"https:\/\/www.ghmconsultores.es\/","name":"GHM Consultores","description":"Ingenier\u00eda y geolog\u00eda - GHM Consultores Geotecnia Hidrogeolog\u00eda Medioambiente. Espa\u00f1a, Colombia, Chile y Jap\u00f3n.","potentialAction":[{"@type":"SearchAction","target":{"@type":"EntryPoint","urlTemplate":"https:\/\/www.ghmconsultores.es\/?s={search_term_string}"},"query-input":{"@type":"PropertyValueSpecification","valueRequired":true,"valueName":"search_term_string"}}],"inLanguage":"es"}]}},"_links":{"self":[{"href":"https:\/\/www.ghmconsultores.es\/es\/wp-json\/wp\/v2\/pages\/172","targetHints":{"allow":["GET"]}}],"collection":[{"href":"https:\/\/www.ghmconsultores.es\/es\/wp-json\/wp\/v2\/pages"}],"about":[{"href":"https:\/\/www.ghmconsultores.es\/es\/wp-json\/wp\/v2\/types\/page"}],"author":[{"embeddable":true,"href":"https:\/\/www.ghmconsultores.es\/es\/wp-json\/wp\/v2\/users\/8732"}],"replies":[{"embeddable":true,"href":"https:\/\/www.ghmconsultores.es\/es\/wp-json\/wp\/v2\/comments?post=172"}],"version-history":[{"count":5,"href":"https:\/\/www.ghmconsultores.es\/es\/wp-json\/wp\/v2\/pages\/172\/revisions"}],"predecessor-version":[{"id":2214,"href":"https:\/\/www.ghmconsultores.es\/es\/wp-json\/wp\/v2\/pages\/172\/revisions\/2214"}],"wp:attachment":[{"href":"https:\/\/www.ghmconsultores.es\/es\/wp-json\/wp\/v2\/media?parent=172"}],"curies":[{"name":"wp","href":"https:\/\/api.w.org\/{rel}","templated":true}]}}