{"id":138,"date":"2012-11-19T08:47:13","date_gmt":"2012-11-19T08:47:13","guid":{"rendered":"http:\/\/www.ghmconsultores.es\/?page_id=138"},"modified":"2015-03-13T04:39:16","modified_gmt":"2015-03-13T04:39:16","slug":"medio-ambiente-servicios","status":"publish","type":"page","link":"https:\/\/www.ghmconsultores.es\/es\/medio-ambiente-servicios\/","title":{"rendered":"Medio ambiente servicios"},"content":{"rendered":"<p>GHM Consultores<\/strong> realiza, en estrecha relaci&oacute;n con el resto de departamentos, los siguientes estudios en relaci&oacute;n con el Medio Ambiente:<br \/>\n [toggle title=\u00bb Estudios de contaminaci&oacute;n de suelos, acu&iacute;feros y aguas superficiales \u00ab]\n[checklist]\n<ul>\n<ul style=\"margin-top: 30px; margin-bottom: 30px; list-style: none;\">\n<li>Aprovechamiento de regad&iacute;o con aguas residuales.<\/li>\n<li>Vertido de excedentes h&iacute;dricos de explotaciones mineras y ganaderas.<\/li>\n<\/li>\n<\/ul>\n[\/checklist]\n[\/toggle]\n[toggle title=\u00bb Estudios de Impacto Ambiental \u00ab]\n[checklist]\n<ul>\n<ul style=\"margin-top: 30px; margin-bottom: 30px; list-style: none;\">\n<li>Estudios para obra civil, edificaci&oacute;n, miner&iacute;a y actuaciones empresariales varias.<\/li>\n<\/li>\n<\/ul>\n[\/checklist]\n[\/toggle]\n[toggle title=\u00bb Asesoramiento y elaboraci&oacute;n de documentaci&oacute;n en materia de gesti&oacute;n y almacenamiento de residuos, tanto para gestores como para productores de residuos, peligrosos y no peligrosos.\u00bb]\n[checklist]\n<ul>\n<ul style=\"margin-top: 30px; margin-bottom: 30px; list-style: none;\">\n<li>Estudios de almacenamiento de residuos, asistencia t&eacute;cnica, informes t&eacute;cnicos y de seguimiento.<\/li>\n<\/li>\n<\/ul>\n[\/checklist]\n[\/toggle]\n[toggle title=\u00bb Proyectos de clausura, seguimiento, impermeabilizaci&oacute;n de vertederos.\u00bb]\n[checklist]\n<ul>\n<ul style=\"margin-top: 30px; margin-bottom: 30px; list-style: none;\">\n<li>Dise&ntilde;os con materiales naturales (calidad de materiales, posibles &aacute;reas de pr&eacute;stamo y disposici&oacute;n en obra).<\/li>\n<li>Dise&ntilde;os con materiales artifiales (geomembranas y l&aacute;minas pl&aacute;sticas)<\/li>\n<li>Auscultaci&oacute;n de antiguos verderos.<\/li>\n<\/li>\n<\/ul>\n[\/checklist]\n[\/toggle]\n[toggle title=\u00bb Proyectos de restauraci&oacute;n de terrenos.\u00bb]\n[checklist]\n<ul>\n<ul style=\"margin-top: 30px; margin-bottom: 30px; list-style: none;\">\n<li>Explotaciones mineras, balsas, caminos rurales y recuperaci&oacute;n de zonas h&uacute;medas, etc.<\/li>\n<\/li>\n<\/ul>\n[\/checklist]\n[\/toggle]\n[toggle title=\u00bb Informes de sostenibilidad ambiental de Planes y Programas (Ley 7\/2006).\u00bb]\n[checklist]\n<ul>\n<ul style=\"margin-top: 30px; margin-bottom: 30px; list-style: none;\">\n<li>An&aacute;lisis Preliminares e Informes de Sostenibilidad de Planes de Ordenaci&oacute;n Urbana.<\/li>\n<\/li>\n<\/ul>\n[\/checklist]\n[\/toggle]\n[toggle title=\u00bb Licencia Ambiental de Actividades Clasificadas y Autorizaci&oacute;n Ambiental Integrada.\u00bb]\n[checklist]\n<ul>\n<ul style=\"margin-top: 30px; margin-bottom: 30px; list-style: none;\">\n<li>Elaboraci&oacute;n de documentaci&oacute;n para tramitaci&oacute;n de la autorizaci&oacute;n correspondiente para empresas de todo tipo: industriales, agr&iacute;colas y ganaderas&#8230;<\/li>\n<\/li>\n<\/ul>\n[\/checklist]\n[\/toggle]\n[toggle title=\u00bb Elaboraci&oacute;n de Informes de Situaci&oacute;n de Contaminaci&oacute;n de Suelos (RD 9\/2005).\u00bb]\n[checklist]\n<ul>\n<ul style=\"margin-top: 30px; margin-bottom: 30px; list-style: none;\">\n<li>Informes de situaci&oacute;n y estudios de contaminaci&oacute;n de suelos en relaci&oacute;n con la normativa vigente.<\/li>\n<\/li>\n<\/ul>\n[\/checklist]\n[\/toggle]\n[toggle title=\u00bb Prospecciones paleontol&oacute;gicas y arqueol&oacute;gicas para EIA (Estudios de Impacto Ambiental).\u00bb]\n[checklist]\n<ul>\n<ul style=\"margin-top: 30px; margin-bottom: 30px; list-style: none;\">\n<li>Realizaci&oacute;n de prospecciones y excavaciones tanto arqueol&oacute;gicas como paleontol&oacute;gicas orientadas a la adecuada protecci&oacute;n del Patrimonio Cultural en relaci&oacute;n con Estudios de Impacto Ambiental.<\/li>\n<\/li>\n<\/ul>\n[\/checklist]\n[\/toggle]\n","protected":false},"excerpt":{"rendered":"<p>GHM Consultores realiza, en estrecha relaci&oacute;n con el resto de departamentos, los siguientes estudios en relaci&oacute;n con el Medio Ambiente: [toggle title=\u00bb Estudios de contaminaci&oacute;n de suelos, acu&iacute;feros y aguas superficiales \u00ab] [checklist] Aprovechamiento de regad&iacute;o con aguas residuales. Vertido de excedentes h&iacute;dricos de explotaciones mineras y ganaderas. [\/checklist] [\/toggle] [toggle title=\u00bb Estudios de Impacto<\/p>\n","protected":false},"author":8732,"featured_media":0,"parent":0,"menu_order":0,"comment_status":"open","ping_status":"open","template":"","meta":{"_monsterinsights_skip_tracking":false,"_monsterinsights_sitenote_active":false,"_monsterinsights_sitenote_note":"","_monsterinsights_sitenote_category":0,"footnotes":""},"class_list":["post-138","page","type-page","status-publish","hentry"],"yoast_head":"<!-- This site is optimized with the Yoast SEO plugin v27.5 - https:\/\/yoast.com\/product\/yoast-seo-wordpress\/ -->\n<title>Medio ambiente servicios - GHM Consultores<\/title>\n<meta name=\"robots\" content=\"index, follow, max-snippet:-1, max-image-preview:large, max-video-preview:-1\" \/>\n<link rel=\"canonical\" href=\"https:\/\/www.ghmconsultores.es\/es\/medio-ambiente-servicios\/\" \/>\n<meta property=\"og:locale\" content=\"es_ES\" \/>\n<meta property=\"og:type\" content=\"article\" \/>\n<meta property=\"og:title\" content=\"Medio ambiente servicios - GHM Consultores\" \/>\n<meta property=\"og:description\" content=\"GHM Consultores realiza, en estrecha relaci&oacute;n con el resto de departamentos, los siguientes estudios en relaci&oacute;n con el Medio Ambiente: [toggle title=\u00bb Estudios de contaminaci&oacute;n de suelos, acu&iacute;feros y aguas superficiales \u00ab] [checklist] Aprovechamiento de regad&iacute;o con aguas residuales. Vertido de excedentes h&iacute;dricos de explotaciones mineras y ganaderas. [\/checklist] [\/toggle] [toggle title=\u00bb Estudios de Impacto\" \/>\n<meta property=\"og:url\" content=\"https:\/\/www.ghmconsultores.es\/es\/medio-ambiente-servicios\/\" \/>\n<meta property=\"og:site_name\" content=\"GHM Consultores\" \/>\n<meta property=\"article:modified_time\" content=\"2015-03-13T04:39:16+00:00\" \/>\n<meta name=\"twitter:label1\" content=\"Tiempo de lectura\" \/>\n\t<meta name=\"twitter:data1\" content=\"2 minutos\" \/>\n<script type=\"application\/ld+json\" class=\"yoast-schema-graph\">{\"@context\":\"https:\\\/\\\/schema.org\",\"@graph\":[{\"@type\":\"WebPage\",\"@id\":\"https:\\\/\\\/www.ghmconsultores.es\\\/es\\\/medio-ambiente-servicios\\\/\",\"url\":\"https:\\\/\\\/www.ghmconsultores.es\\\/es\\\/medio-ambiente-servicios\\\/\",\"name\":\"Medio ambiente servicios - GHM Consultores\",\"isPartOf\":{\"@id\":\"https:\\\/\\\/www.ghmconsultores.es\\\/#website\"},\"datePublished\":\"2012-11-19T08:47:13+00:00\",\"dateModified\":\"2015-03-13T04:39:16+00:00\",\"breadcrumb\":{\"@id\":\"https:\\\/\\\/www.ghmconsultores.es\\\/es\\\/medio-ambiente-servicios\\\/#breadcrumb\"},\"inLanguage\":\"es\",\"potentialAction\":[{\"@type\":\"ReadAction\",\"target\":[\"https:\\\/\\\/www.ghmconsultores.es\\\/es\\\/medio-ambiente-servicios\\\/\"]}]},{\"@type\":\"BreadcrumbList\",\"@id\":\"https:\\\/\\\/www.ghmconsultores.es\\\/es\\\/medio-ambiente-servicios\\\/#breadcrumb\",\"itemListElement\":[{\"@type\":\"ListItem\",\"position\":1,\"name\":\"Home\",\"item\":\"https:\\\/\\\/www.ghmconsultores.es\\\/es\\\/\"},{\"@type\":\"ListItem\",\"position\":2,\"name\":\"Medio ambiente servicios\"}]},{\"@type\":\"WebSite\",\"@id\":\"https:\\\/\\\/www.ghmconsultores.es\\\/#website\",\"url\":\"https:\\\/\\\/www.ghmconsultores.es\\\/\",\"name\":\"GHM Consultores\",\"description\":\"Ingenier\u00eda y geolog\u00eda - GHM Consultores Geotecnia Hidrogeolog\u00eda Medioambiente. Espa\u00f1a, Colombia, Chile y Jap\u00f3n.\",\"potentialAction\":[{\"@type\":\"SearchAction\",\"target\":{\"@type\":\"EntryPoint\",\"urlTemplate\":\"https:\\\/\\\/www.ghmconsultores.es\\\/?s={search_term_string}\"},\"query-input\":{\"@type\":\"PropertyValueSpecification\",\"valueRequired\":true,\"valueName\":\"search_term_string\"}}],\"inLanguage\":\"es\"}]}<\/script>\n<!-- \/ Yoast SEO plugin. -->","yoast_head_json":{"title":"Medio ambiente servicios - GHM Consultores","robots":{"index":"index","follow":"follow","max-snippet":"max-snippet:-1","max-image-preview":"max-image-preview:large","max-video-preview":"max-video-preview:-1"},"canonical":"https:\/\/www.ghmconsultores.es\/es\/medio-ambiente-servicios\/","og_locale":"es_ES","og_type":"article","og_title":"Medio ambiente servicios - GHM Consultores","og_description":"GHM Consultores realiza, en estrecha relaci&oacute;n con el resto de departamentos, los siguientes estudios en relaci&oacute;n con el Medio Ambiente: [toggle title=\u00bb Estudios de contaminaci&oacute;n de suelos, acu&iacute;feros y aguas superficiales \u00ab] [checklist] Aprovechamiento de regad&iacute;o con aguas residuales. Vertido de excedentes h&iacute;dricos de explotaciones mineras y ganaderas. [\/checklist] [\/toggle] [toggle title=\u00bb Estudios de Impacto","og_url":"https:\/\/www.ghmconsultores.es\/es\/medio-ambiente-servicios\/","og_site_name":"GHM Consultores","article_modified_time":"2015-03-13T04:39:16+00:00","twitter_misc":{"Tiempo de lectura":"2 minutos"},"schema":{"@context":"https:\/\/schema.org","@graph":[{"@type":"WebPage","@id":"https:\/\/www.ghmconsultores.es\/es\/medio-ambiente-servicios\/","url":"https:\/\/www.ghmconsultores.es\/es\/medio-ambiente-servicios\/","name":"Medio ambiente servicios - GHM Consultores","isPartOf":{"@id":"https:\/\/www.ghmconsultores.es\/#website"},"datePublished":"2012-11-19T08:47:13+00:00","dateModified":"2015-03-13T04:39:16+00:00","breadcrumb":{"@id":"https:\/\/www.ghmconsultores.es\/es\/medio-ambiente-servicios\/#breadcrumb"},"inLanguage":"es","potentialAction":[{"@type":"ReadAction","target":["https:\/\/www.ghmconsultores.es\/es\/medio-ambiente-servicios\/"]}]},{"@type":"BreadcrumbList","@id":"https:\/\/www.ghmconsultores.es\/es\/medio-ambiente-servicios\/#breadcrumb","itemListElement":[{"@type":"ListItem","position":1,"name":"Home","item":"https:\/\/www.ghmconsultores.es\/es\/"},{"@type":"ListItem","position":2,"name":"Medio ambiente servicios"}]},{"@type":"WebSite","@id":"https:\/\/www.ghmconsultores.es\/#website","url":"https:\/\/www.ghmconsultores.es\/","name":"GHM Consultores","description":"Ingenier\u00eda y geolog\u00eda - GHM Consultores Geotecnia Hidrogeolog\u00eda Medioambiente. Espa\u00f1a, Colombia, Chile y Jap\u00f3n.","potentialAction":[{"@type":"SearchAction","target":{"@type":"EntryPoint","urlTemplate":"https:\/\/www.ghmconsultores.es\/?s={search_term_string}"},"query-input":{"@type":"PropertyValueSpecification","valueRequired":true,"valueName":"search_term_string"}}],"inLanguage":"es"}]}},"_links":{"self":[{"href":"https:\/\/www.ghmconsultores.es\/es\/wp-json\/wp\/v2\/pages\/138","targetHints":{"allow":["GET"]}}],"collection":[{"href":"https:\/\/www.ghmconsultores.es\/es\/wp-json\/wp\/v2\/pages"}],"about":[{"href":"https:\/\/www.ghmconsultores.es\/es\/wp-json\/wp\/v2\/types\/page"}],"author":[{"embeddable":true,"href":"https:\/\/www.ghmconsultores.es\/es\/wp-json\/wp\/v2\/users\/8732"}],"replies":[{"embeddable":true,"href":"https:\/\/www.ghmconsultores.es\/es\/wp-json\/wp\/v2\/comments?post=138"}],"version-history":[{"count":6,"href":"https:\/\/www.ghmconsultores.es\/es\/wp-json\/wp\/v2\/pages\/138\/revisions"}],"predecessor-version":[{"id":1526,"href":"https:\/\/www.ghmconsultores.es\/es\/wp-json\/wp\/v2\/pages\/138\/revisions\/1526"}],"wp:attachment":[{"href":"https:\/\/www.ghmconsultores.es\/es\/wp-json\/wp\/v2\/media?parent=138"}],"curies":[{"name":"wp","href":"https:\/\/api.w.org\/{rel}","templated":true}]}}