{"id":126,"date":"2012-11-15T13:17:01","date_gmt":"2012-11-15T13:17:01","guid":{"rendered":"http:\/\/www.ghmconsultores.es\/?page_id=126"},"modified":"2015-03-13T04:39:25","modified_gmt":"2015-03-13T04:39:25","slug":"objetivo","status":"publish","type":"page","link":"https:\/\/www.ghmconsultores.es\/es\/objetivo\/","title":{"rendered":"Objetivo"},"content":{"rendered":"<div class=\"title\">\n<h2>Objetivo<\/h2>\n<\/div>\n<p>\nEl objetivo de <strong>GHM Consultores<\/strong> es aprovechar la experiencia acumulada para enfocar y resolver cada nuevo proyecto; aplicar los &uacute;ltimos avances tecnol&oacute;gicos; aportar soluciones novedosas m&aacute;s adecuadas y eficientes; siempre con la eficacia y econom&iacute;a requerida para las empresas. &#13;\n<\/p>\n<p align=\"justify\">La calidad y los plazos de entrega de los trabajos son una parte esencial para el desarrollo de nuestra actividad empresarial. <\/p>\n<p>\nLe invitamos a que nos conozca mejor durante esta visita, esperando que este recorrido por nuestra web le permita saber algo m&aacute;s sobre nuestra empresa y que pronto entablemos una colaboraci&oacute;n provechosa para todos.&#13;\n<\/p>\n<p> Un saludo, <\/p>\n<p>                                                  <strong>Guillermo Gal&aacute;n <\/strong><br \/>\n                                                  <em>Gerente<\/em> <\/p>\n","protected":false},"excerpt":{"rendered":"<p>Objetivo El objetivo de GHM Consultores es aprovechar la experiencia acumulada para enfocar y resolver cada nuevo proyecto; aplicar los &uacute;ltimos avances tecnol&oacute;gicos; aportar soluciones novedosas m&aacute;s adecuadas y eficientes; siempre con la eficacia y econom&iacute;a requerida para las empresas. &#13; La calidad y los plazos de entrega de los trabajos son una parte esencial<\/p>\n","protected":false},"author":8732,"featured_media":0,"parent":0,"menu_order":0,"comment_status":"open","ping_status":"open","template":"","meta":{"_monsterinsights_skip_tracking":false,"_monsterinsights_sitenote_active":false,"_monsterinsights_sitenote_note":"","_monsterinsights_sitenote_category":0,"footnotes":""},"class_list":["post-126","page","type-page","status-publish","hentry"],"yoast_head":"<!-- This site is optimized with the Yoast SEO plugin v27.5 - https:\/\/yoast.com\/product\/yoast-seo-wordpress\/ -->\n<title>Objetivo - GHM Consultores<\/title>\n<meta name=\"robots\" content=\"index, follow, max-snippet:-1, max-image-preview:large, max-video-preview:-1\" \/>\n<link rel=\"canonical\" href=\"https:\/\/www.ghmconsultores.es\/es\/objetivo\/\" \/>\n<meta property=\"og:locale\" content=\"es_ES\" \/>\n<meta property=\"og:type\" content=\"article\" \/>\n<meta property=\"og:title\" content=\"Objetivo - GHM Consultores\" \/>\n<meta property=\"og:description\" content=\"Objetivo El objetivo de GHM Consultores es aprovechar la experiencia acumulada para enfocar y resolver cada nuevo proyecto; aplicar los &uacute;ltimos avances tecnol&oacute;gicos; aportar soluciones novedosas m&aacute;s adecuadas y eficientes; siempre con la eficacia y econom&iacute;a requerida para las empresas. &#013; La calidad y los plazos de entrega de los trabajos son una parte esencial\" \/>\n<meta property=\"og:url\" content=\"https:\/\/www.ghmconsultores.es\/es\/objetivo\/\" \/>\n<meta property=\"og:site_name\" content=\"GHM Consultores\" \/>\n<meta property=\"article:modified_time\" content=\"2015-03-13T04:39:25+00:00\" \/>\n<meta name=\"twitter:label1\" content=\"Tiempo de lectura\" \/>\n\t<meta name=\"twitter:data1\" content=\"1 minuto\" \/>\n<script type=\"application\/ld+json\" class=\"yoast-schema-graph\">{\"@context\":\"https:\\\/\\\/schema.org\",\"@graph\":[{\"@type\":\"WebPage\",\"@id\":\"https:\\\/\\\/www.ghmconsultores.es\\\/es\\\/objetivo\\\/\",\"url\":\"https:\\\/\\\/www.ghmconsultores.es\\\/es\\\/objetivo\\\/\",\"name\":\"Objetivo - GHM Consultores\",\"isPartOf\":{\"@id\":\"https:\\\/\\\/www.ghmconsultores.es\\\/#website\"},\"datePublished\":\"2012-11-15T13:17:01+00:00\",\"dateModified\":\"2015-03-13T04:39:25+00:00\",\"breadcrumb\":{\"@id\":\"https:\\\/\\\/www.ghmconsultores.es\\\/es\\\/objetivo\\\/#breadcrumb\"},\"inLanguage\":\"es\",\"potentialAction\":[{\"@type\":\"ReadAction\",\"target\":[\"https:\\\/\\\/www.ghmconsultores.es\\\/es\\\/objetivo\\\/\"]}]},{\"@type\":\"BreadcrumbList\",\"@id\":\"https:\\\/\\\/www.ghmconsultores.es\\\/es\\\/objetivo\\\/#breadcrumb\",\"itemListElement\":[{\"@type\":\"ListItem\",\"position\":1,\"name\":\"Home\",\"item\":\"https:\\\/\\\/www.ghmconsultores.es\\\/es\\\/\"},{\"@type\":\"ListItem\",\"position\":2,\"name\":\"Objetivo\"}]},{\"@type\":\"WebSite\",\"@id\":\"https:\\\/\\\/www.ghmconsultores.es\\\/#website\",\"url\":\"https:\\\/\\\/www.ghmconsultores.es\\\/\",\"name\":\"GHM Consultores\",\"description\":\"Ingenier\u00eda y geolog\u00eda - GHM Consultores Geotecnia Hidrogeolog\u00eda Medioambiente. Espa\u00f1a, Colombia, Chile y Jap\u00f3n.\",\"potentialAction\":[{\"@type\":\"SearchAction\",\"target\":{\"@type\":\"EntryPoint\",\"urlTemplate\":\"https:\\\/\\\/www.ghmconsultores.es\\\/?s={search_term_string}\"},\"query-input\":{\"@type\":\"PropertyValueSpecification\",\"valueRequired\":true,\"valueName\":\"search_term_string\"}}],\"inLanguage\":\"es\"}]}<\/script>\n<!-- \/ Yoast SEO plugin. -->","yoast_head_json":{"title":"Objetivo - GHM Consultores","robots":{"index":"index","follow":"follow","max-snippet":"max-snippet:-1","max-image-preview":"max-image-preview:large","max-video-preview":"max-video-preview:-1"},"canonical":"https:\/\/www.ghmconsultores.es\/es\/objetivo\/","og_locale":"es_ES","og_type":"article","og_title":"Objetivo - GHM Consultores","og_description":"Objetivo El objetivo de GHM Consultores es aprovechar la experiencia acumulada para enfocar y resolver cada nuevo proyecto; aplicar los &uacute;ltimos avances tecnol&oacute;gicos; aportar soluciones novedosas m&aacute;s adecuadas y eficientes; siempre con la eficacia y econom&iacute;a requerida para las empresas. &#13; La calidad y los plazos de entrega de los trabajos son una parte esencial","og_url":"https:\/\/www.ghmconsultores.es\/es\/objetivo\/","og_site_name":"GHM Consultores","article_modified_time":"2015-03-13T04:39:25+00:00","twitter_misc":{"Tiempo de lectura":"1 minuto"},"schema":{"@context":"https:\/\/schema.org","@graph":[{"@type":"WebPage","@id":"https:\/\/www.ghmconsultores.es\/es\/objetivo\/","url":"https:\/\/www.ghmconsultores.es\/es\/objetivo\/","name":"Objetivo - GHM Consultores","isPartOf":{"@id":"https:\/\/www.ghmconsultores.es\/#website"},"datePublished":"2012-11-15T13:17:01+00:00","dateModified":"2015-03-13T04:39:25+00:00","breadcrumb":{"@id":"https:\/\/www.ghmconsultores.es\/es\/objetivo\/#breadcrumb"},"inLanguage":"es","potentialAction":[{"@type":"ReadAction","target":["https:\/\/www.ghmconsultores.es\/es\/objetivo\/"]}]},{"@type":"BreadcrumbList","@id":"https:\/\/www.ghmconsultores.es\/es\/objetivo\/#breadcrumb","itemListElement":[{"@type":"ListItem","position":1,"name":"Home","item":"https:\/\/www.ghmconsultores.es\/es\/"},{"@type":"ListItem","position":2,"name":"Objetivo"}]},{"@type":"WebSite","@id":"https:\/\/www.ghmconsultores.es\/#website","url":"https:\/\/www.ghmconsultores.es\/","name":"GHM Consultores","description":"Ingenier\u00eda y geolog\u00eda - GHM Consultores Geotecnia Hidrogeolog\u00eda Medioambiente. Espa\u00f1a, Colombia, Chile y Jap\u00f3n.","potentialAction":[{"@type":"SearchAction","target":{"@type":"EntryPoint","urlTemplate":"https:\/\/www.ghmconsultores.es\/?s={search_term_string}"},"query-input":{"@type":"PropertyValueSpecification","valueRequired":true,"valueName":"search_term_string"}}],"inLanguage":"es"}]}},"_links":{"self":[{"href":"https:\/\/www.ghmconsultores.es\/es\/wp-json\/wp\/v2\/pages\/126","targetHints":{"allow":["GET"]}}],"collection":[{"href":"https:\/\/www.ghmconsultores.es\/es\/wp-json\/wp\/v2\/pages"}],"about":[{"href":"https:\/\/www.ghmconsultores.es\/es\/wp-json\/wp\/v2\/types\/page"}],"author":[{"embeddable":true,"href":"https:\/\/www.ghmconsultores.es\/es\/wp-json\/wp\/v2\/users\/8732"}],"replies":[{"embeddable":true,"href":"https:\/\/www.ghmconsultores.es\/es\/wp-json\/wp\/v2\/comments?post=126"}],"version-history":[{"count":5,"href":"https:\/\/www.ghmconsultores.es\/es\/wp-json\/wp\/v2\/pages\/126\/revisions"}],"predecessor-version":[{"id":1530,"href":"https:\/\/www.ghmconsultores.es\/es\/wp-json\/wp\/v2\/pages\/126\/revisions\/1530"}],"wp:attachment":[{"href":"https:\/\/www.ghmconsultores.es\/es\/wp-json\/wp\/v2\/media?parent=126"}],"curies":[{"name":"wp","href":"https:\/\/api.w.org\/{rel}","templated":true}]}}