{"id":117,"date":"2012-11-15T12:57:22","date_gmt":"2012-11-15T12:57:22","guid":{"rendered":"http:\/\/www.ghmconsultores.es\/?page_id=117"},"modified":"2015-03-13T04:38:02","modified_gmt":"2015-03-13T04:38:02","slug":"colaboraciones","status":"publish","type":"page","link":"https:\/\/www.ghmconsultores.es\/es\/colaboraciones\/","title":{"rendered":"Colaboraciones"},"content":{"rendered":"<div class=\"title\">\n<h2>Colaboraciones<\/h2>\n<\/div>\n<p>GHM Consultores desarrolla numerosos proyectos de forma conjunta con la empresa <strong><a href=\"http:\/\/www.geoscan.es\/\" target=\"_blank\">Geoscan Consultor\u00eda<\/a>. <\/strong>De esta forma, se aprovecha y complementa al m\u00e1ximo la amplia experiencia t\u00e9cnica de ambas empresas para enfocar y resolver satisfactoriamente cada nuevo proyecto, as\u00ed como para aportar las soluciones m\u00e1s adecuadas y eficientes.<\/p>\n<p>La uni\u00f3n de las dos empresas permite abordar las diferentes cuestiones desde un \u00e1mbito multidisciplinar e interdepartamental, lo que favorece la comunicaci\u00f3n y la soluci\u00f3n de los diferentes retos t\u00e9cnicos.<\/p>\n<p>Con esta uni\u00f3n de empresas se pretende, entre otros objetivos, abordar e impulsar los estudios sobre:<\/p>\n[one_third last=\u00bbno\u00bb]\n<h2><strong>Captaci\u00f3n y almacenamiento de CO<\/strong><\/h2>\n<p>La idea nace con el prop\u00f3sito de combatir la acumulaci\u00f3n de gases de efecto invernadero en la atm\u00f3sfera, en consonancia con la emergente concienciaci\u00f3n, tanto a nivel personal como institucional, por el medio ambiente. Los t\u00e9cnicos de la empresa se encuentran en equipos de trabajo multidisciplinares y en colaboraci\u00f3n con organismos oficiales, siendo la captaci\u00f3n de CO2\u00a0una apuesta de futuro en su \u00e1mbito de actuaci\u00f3n.<\/p>\n[\/one_third]\n[one_third last=\u00bbno\u00bb]\n<h2><strong>Miner\u00eda<\/strong><\/h2>\n<p>Desde las \u00e1reas de trabajo de nuestros departamentos, estamos en posici\u00f3n\u00a0 de ofrecer soluciones integrales a los diferentes proyectos mineros, las cuales van desde el estudio de estabilidad de taludes en cortas mineras, a la elaboraci\u00f3n de proyectos de restauraci\u00f3n de concesiones mineras, pasando por los recursos h\u00eddricos disponibles, etc.<\/p>\n[\/one_third]\n[one_third last=\u00bbyes\u00bb]\n<h2><strong>Asistencia t\u00e9cnica y direcci\u00f3n de obra<\/strong><\/h2>\n<p>La acci\u00f3n conjunta de ambas empresas ofrece la solidez necesaria para afrontar asistencias t\u00e9cnicas y direcciones de obra en proyectos de edificaci\u00f3n y obra civil.<\/p>\n[\/one_third]\n<p>&nbsp;<\/p>\n<p>&nbsp;<\/p>\n","protected":false},"excerpt":{"rendered":"<p>Colaboraciones GHM Consultores desarrolla numerosos proyectos de forma conjunta con la empresa Geoscan Consultor\u00eda. De esta forma, se aprovecha y complementa al m\u00e1ximo la amplia experiencia t\u00e9cnica de ambas empresas para enfocar y resolver satisfactoriamente cada nuevo proyecto, as\u00ed como para aportar las soluciones m\u00e1s adecuadas y eficientes. La uni\u00f3n de las dos empresas permite<\/p>\n","protected":false},"author":8732,"featured_media":0,"parent":0,"menu_order":0,"comment_status":"open","ping_status":"open","template":"","meta":{"_monsterinsights_skip_tracking":false,"_monsterinsights_sitenote_active":false,"_monsterinsights_sitenote_note":"","_monsterinsights_sitenote_category":0,"footnotes":""},"class_list":["post-117","page","type-page","status-publish","hentry"],"yoast_head":"<!-- This site is optimized with the Yoast SEO plugin v27.4 - https:\/\/yoast.com\/product\/yoast-seo-wordpress\/ -->\n<title>Colaboraciones - GHM Consultores<\/title>\n<meta name=\"robots\" content=\"index, follow, max-snippet:-1, max-image-preview:large, max-video-preview:-1\" \/>\n<link rel=\"canonical\" href=\"https:\/\/www.ghmconsultores.es\/es\/colaboraciones\/\" \/>\n<meta property=\"og:locale\" content=\"es_ES\" \/>\n<meta property=\"og:type\" content=\"article\" \/>\n<meta property=\"og:title\" content=\"Colaboraciones - GHM Consultores\" \/>\n<meta property=\"og:description\" content=\"Colaboraciones GHM Consultores desarrolla numerosos proyectos de forma conjunta con la empresa Geoscan Consultor\u00eda. De esta forma, se aprovecha y complementa al m\u00e1ximo la amplia experiencia t\u00e9cnica de ambas empresas para enfocar y resolver satisfactoriamente cada nuevo proyecto, as\u00ed como para aportar las soluciones m\u00e1s adecuadas y eficientes. La uni\u00f3n de las dos empresas permite\" \/>\n<meta property=\"og:url\" content=\"https:\/\/www.ghmconsultores.es\/es\/colaboraciones\/\" \/>\n<meta property=\"og:site_name\" content=\"GHM Consultores\" \/>\n<meta property=\"article:modified_time\" content=\"2015-03-13T04:38:02+00:00\" \/>\n<meta name=\"twitter:label1\" content=\"Tiempo de lectura\" \/>\n\t<meta name=\"twitter:data1\" content=\"1 minuto\" \/>\n<script type=\"application\/ld+json\" class=\"yoast-schema-graph\">{\"@context\":\"https:\\\/\\\/schema.org\",\"@graph\":[{\"@type\":\"WebPage\",\"@id\":\"https:\\\/\\\/www.ghmconsultores.es\\\/es\\\/colaboraciones\\\/\",\"url\":\"https:\\\/\\\/www.ghmconsultores.es\\\/es\\\/colaboraciones\\\/\",\"name\":\"Colaboraciones - GHM Consultores\",\"isPartOf\":{\"@id\":\"https:\\\/\\\/www.ghmconsultores.es\\\/#website\"},\"datePublished\":\"2012-11-15T12:57:22+00:00\",\"dateModified\":\"2015-03-13T04:38:02+00:00\",\"breadcrumb\":{\"@id\":\"https:\\\/\\\/www.ghmconsultores.es\\\/es\\\/colaboraciones\\\/#breadcrumb\"},\"inLanguage\":\"es\",\"potentialAction\":[{\"@type\":\"ReadAction\",\"target\":[\"https:\\\/\\\/www.ghmconsultores.es\\\/es\\\/colaboraciones\\\/\"]}]},{\"@type\":\"BreadcrumbList\",\"@id\":\"https:\\\/\\\/www.ghmconsultores.es\\\/es\\\/colaboraciones\\\/#breadcrumb\",\"itemListElement\":[{\"@type\":\"ListItem\",\"position\":1,\"name\":\"Home\",\"item\":\"https:\\\/\\\/www.ghmconsultores.es\\\/es\\\/\"},{\"@type\":\"ListItem\",\"position\":2,\"name\":\"Colaboraciones\"}]},{\"@type\":\"WebSite\",\"@id\":\"https:\\\/\\\/www.ghmconsultores.es\\\/#website\",\"url\":\"https:\\\/\\\/www.ghmconsultores.es\\\/\",\"name\":\"GHM Consultores\",\"description\":\"Ingenier\u00eda y geolog\u00eda - GHM Consultores Geotecnia Hidrogeolog\u00eda Medioambiente. Espa\u00f1a, Colombia, Chile y Jap\u00f3n.\",\"potentialAction\":[{\"@type\":\"SearchAction\",\"target\":{\"@type\":\"EntryPoint\",\"urlTemplate\":\"https:\\\/\\\/www.ghmconsultores.es\\\/?s={search_term_string}\"},\"query-input\":{\"@type\":\"PropertyValueSpecification\",\"valueRequired\":true,\"valueName\":\"search_term_string\"}}],\"inLanguage\":\"es\"}]}<\/script>\n<!-- \/ Yoast SEO plugin. -->","yoast_head_json":{"title":"Colaboraciones - GHM Consultores","robots":{"index":"index","follow":"follow","max-snippet":"max-snippet:-1","max-image-preview":"max-image-preview:large","max-video-preview":"max-video-preview:-1"},"canonical":"https:\/\/www.ghmconsultores.es\/es\/colaboraciones\/","og_locale":"es_ES","og_type":"article","og_title":"Colaboraciones - GHM Consultores","og_description":"Colaboraciones GHM Consultores desarrolla numerosos proyectos de forma conjunta con la empresa Geoscan Consultor\u00eda. De esta forma, se aprovecha y complementa al m\u00e1ximo la amplia experiencia t\u00e9cnica de ambas empresas para enfocar y resolver satisfactoriamente cada nuevo proyecto, as\u00ed como para aportar las soluciones m\u00e1s adecuadas y eficientes. La uni\u00f3n de las dos empresas permite","og_url":"https:\/\/www.ghmconsultores.es\/es\/colaboraciones\/","og_site_name":"GHM Consultores","article_modified_time":"2015-03-13T04:38:02+00:00","twitter_misc":{"Tiempo de lectura":"1 minuto"},"schema":{"@context":"https:\/\/schema.org","@graph":[{"@type":"WebPage","@id":"https:\/\/www.ghmconsultores.es\/es\/colaboraciones\/","url":"https:\/\/www.ghmconsultores.es\/es\/colaboraciones\/","name":"Colaboraciones - GHM Consultores","isPartOf":{"@id":"https:\/\/www.ghmconsultores.es\/#website"},"datePublished":"2012-11-15T12:57:22+00:00","dateModified":"2015-03-13T04:38:02+00:00","breadcrumb":{"@id":"https:\/\/www.ghmconsultores.es\/es\/colaboraciones\/#breadcrumb"},"inLanguage":"es","potentialAction":[{"@type":"ReadAction","target":["https:\/\/www.ghmconsultores.es\/es\/colaboraciones\/"]}]},{"@type":"BreadcrumbList","@id":"https:\/\/www.ghmconsultores.es\/es\/colaboraciones\/#breadcrumb","itemListElement":[{"@type":"ListItem","position":1,"name":"Home","item":"https:\/\/www.ghmconsultores.es\/es\/"},{"@type":"ListItem","position":2,"name":"Colaboraciones"}]},{"@type":"WebSite","@id":"https:\/\/www.ghmconsultores.es\/#website","url":"https:\/\/www.ghmconsultores.es\/","name":"GHM Consultores","description":"Ingenier\u00eda y geolog\u00eda - GHM Consultores Geotecnia Hidrogeolog\u00eda Medioambiente. Espa\u00f1a, Colombia, Chile y Jap\u00f3n.","potentialAction":[{"@type":"SearchAction","target":{"@type":"EntryPoint","urlTemplate":"https:\/\/www.ghmconsultores.es\/?s={search_term_string}"},"query-input":{"@type":"PropertyValueSpecification","valueRequired":true,"valueName":"search_term_string"}}],"inLanguage":"es"}]}},"_links":{"self":[{"href":"https:\/\/www.ghmconsultores.es\/es\/wp-json\/wp\/v2\/pages\/117","targetHints":{"allow":["GET"]}}],"collection":[{"href":"https:\/\/www.ghmconsultores.es\/es\/wp-json\/wp\/v2\/pages"}],"about":[{"href":"https:\/\/www.ghmconsultores.es\/es\/wp-json\/wp\/v2\/types\/page"}],"author":[{"embeddable":true,"href":"https:\/\/www.ghmconsultores.es\/es\/wp-json\/wp\/v2\/users\/8732"}],"replies":[{"embeddable":true,"href":"https:\/\/www.ghmconsultores.es\/es\/wp-json\/wp\/v2\/comments?post=117"}],"version-history":[{"count":12,"href":"https:\/\/www.ghmconsultores.es\/es\/wp-json\/wp\/v2\/pages\/117\/revisions"}],"predecessor-version":[{"id":1497,"href":"https:\/\/www.ghmconsultores.es\/es\/wp-json\/wp\/v2\/pages\/117\/revisions\/1497"}],"wp:attachment":[{"href":"https:\/\/www.ghmconsultores.es\/es\/wp-json\/wp\/v2\/media?parent=117"}],"curies":[{"name":"wp","href":"https:\/\/api.w.org\/{rel}","templated":true}]}}